{"id":404,"date":"2023-02-21T17:35:39","date_gmt":"2023-02-21T16:35:39","guid":{"rendered":"https:\/\/viareggiodigitale.it\/das-projekt\/"},"modified":"2023-03-30T10:55:02","modified_gmt":"2023-03-30T08:55:02","slug":"das-projekt","status":"publish","type":"page","link":"https:\/\/viareggiodigitale.it\/de\/das-projekt\/","title":{"rendered":"Das Projekt"},"content":{"rendered":"\n<p><strong>VIAREGGIO DIGITALE<\/strong><\/p>\n\n<p><strong>Der Digitalplan\/das Projekt<\/strong><\/p>\n\n<p>Das Projekt <strong>Viareggio Digitale<\/strong> wurde mit dem Ziel ins Leben gerufen, den <strong>B\u00fcrgern<\/strong>, den <strong>Unternehmen<\/strong> und der <strong>\u00f6ffentlichen Verwaltung<\/strong> den Zugang zu digitalen Dienstleistungen zu erleichtern, damit wir gemeinsam eine wirklich zukunftsorientierte Stadt aufbauen k\u00f6nnen. Von der F\u00f6rderung einer zunehmend <strong>inklusiven<\/strong> digitalen Kommunikation bis hin zu einem gemeinsamen Weg, der auf der <strong>Vereinfachung<\/strong> und Transparenz der \u00f6ffentlichen Dienstleistungen basiert, zielt Viareggio Digitale darauf ab, alle Akteure der <em>&#8222;res publica&#8220;<\/em> einzubeziehen, um ihre Lebensqualit\u00e4t zu verbessern und sie im Rahmen ihrer M\u00f6glichkeiten zu einer treibenden Kraft f\u00fcr die Entwicklung der gesamten Gemeinschaft zu machen, der sie angeh\u00f6ren.<\/p>\n\n<p>Der Plan, der von der <strong>Gemeinde Viareggio<\/strong> in Absprache mit allen beteiligten Unternehmen der <strong>Gemeinde Viareggio<\/strong> entwickelt wurde, sieht die Entwicklung von <strong>7 Zielen<\/strong> vor, um die digitalen Kompetenzen der B\u00fcrger zu verbessern. Die Verwirklichung dieser Ziele beinhaltet die St\u00e4rkung der Netzinfrastruktur, die Schaffung neuer digitaler Dienstleistungen, die wichtige Aspekte der \u00f6ffentlichen T\u00e4tigkeit wie Mobilit\u00e4t und Sicherheit einbeziehen k\u00f6nnen, sowie die Verarbeitung von Daten, die f\u00fcr eine <strong>Smart City<\/strong> unerl\u00e4sslich sind.<\/p>\n\n<p>Der Aufbau einer &#8222;intelligenten&#8220; Stadt erfordert eine aktive und ausgewogene Beteiligung aller Akteure und eine vorausgehende Analysephase, die darauf abzielt, die grundlegenden Infrastrukturen (<strong>Verkehr, Telekommunikation, Territorium, Umwelt<\/strong>), die Art und Weise, wie diese von den Nutzern wahrgenommen werden, und den daraus resultierenden Prozess der Erbringung von Dienstleistungen zu analysieren.<\/p>\n\n<p>Die 7 Ziele von Viareggio Digitale sind wie folgt:<\/p>\n\n<p>&#8211; Erleichterung des Zugangs zu digitalen Diensten;<\/p>\n\n<p>&#8211; Implementierung und Entwicklung m\u00f6glichst vieler Smart Services;<\/p>\n\n<p>&#8211; F\u00f6rderung der digitalen Kompetenzen;<\/p>\n\n<p>&#8211; Verst\u00e4rkung der Digitalisierung der Gemeindeverwaltung;<\/p>\n\n<p>&#8211; Verbesserung der Wi-Fi-Abdeckung in \u00f6ffentlichen Bereichen;<\/p>\n\n<p>&#8211; F\u00f6rderung und Entwicklung der digitalen Rechte;<\/p>\n\n<p>&#8211; Verabschiedung einer Politik der digitalen Integration, Entwicklung und Nachhaltigkeit.<\/p>\n\n<p><strong>1. <\/strong><strong>F\u00f6rderung des Zugangs zu digitalen Dienstleistungen<\/strong>.<\/p>\n\n<p>Um den B\u00fcrgern, Unternehmen und der \u00f6ffentlichen Verwaltung den Zugang zu digitalen Diensten zu erleichtern, muss eine Reihe von Strategien angenommen werden, die sich auf die Verbesserung der bereits vorhandenen digitalen Infrastruktur konzentrieren und Initiativen zur Schulung und digitalen Kompetenz umfassen. Die fl\u00e4chendeckende Einf\u00fchrung und Aktivierung des \u00f6ffentlichen digitalen Identit\u00e4tssystems (SPID) und des elektronischen Personalausweises (CIE) zugunsten derjenigen, die noch nicht dar\u00fcber verf\u00fcgen, ist einer der wichtigsten Schritte, um das Leben der B\u00fcrger einfacher und praktischer zu gestalten.<\/p>\n\n<p>Die Verwirklichung dieses Ziels wird es nicht nur erm\u00f6glichen, effiziente digitale Dienste zu schaffen, sondern auch die Schaffung neuer Dienste durch eine gezieltere Planung zu f\u00f6rdern. Wir sind davon \u00fcberzeugt, dass die Nutzung der Digitalisierung ein echter Schl\u00fcssel zur Wiederbelebung eines Gebiets ist, der auch und vor allem Einzelpersonen und Familien einbezieht, die in Bezug auf ihr Niveau der digitalen Kultur benachteiligt sind.<\/p>\n\n<p><strong>2. <\/strong><strong>Implementieren und entwickeln Sie so viele Smart Services<\/strong> wie m\u00f6glich.<\/p>\n\n<p>Die Erbringung von Dienstleistungen, die die Bed\u00fcrfnisse von B\u00fcrgern und Unternehmen im Voraus erkennen und l\u00f6sen: das ist die beste Definition von Smart Services. Dazu ist es wichtig, schnelle, digitale Kommunikationskan\u00e4le zu schaffen, die die B\u00fcrger mit den Stellen verbinden, die die gew\u00fcnschten Dienstleistungen erbringen. Sensoren, IoT und Datenanalyse dienen dazu, Dienstleistungen zu optimieren und die Lebensqualit\u00e4t der B\u00fcrger zu erh\u00f6hen, was sich positiv auf jeden Aspekt des t\u00e4glichen Lebens auswirkt, von der Familie bis zur Arbeit, von der Gesundheit bis zur Freizeit.<\/p>\n\n<p>Dank der Einrichtung einer Datenbank wird es au\u00dferdem m\u00f6glich sein, sich mit allen Akteuren der Gemeinschaft auszutauschen und ihre W\u00fcnsche und Ideen zur Unterst\u00fctzung bereits geplanter oder in Vorbereitung befindlicher digitaler Umsetzungsprojekte zu sammeln. Von einer Stadt, die den Ehrgeiz hat, wirklich smart zu sein, wird auch die digitale Verwaltung der Mobilit\u00e4t und des Parkens profitieren, zwei neuralgische Bereiche des t\u00e4glichen Lebens aller.<\/p>\n\n<p><strong>3. <\/strong><strong>F\u00f6rderung digitaler F\u00e4higkeiten<\/strong>.<\/p>\n\n<p>Um die digitale Transformation ernsthaft voranzutreiben, m\u00fcssen die digitalisierten Infrastrukturen und Dienstleistungen wirklich integrativ sein. Eines der Ziele von Viareggio Digitale wird es sein, den B\u00fcrgern, Unternehmen und \u00f6ffentlichen Einrichtungen die richtigen F\u00e4higkeiten und Werkzeuge zu vermitteln, um die digitale Kompetenz zu vervollst\u00e4ndigen, f\u00fcr die alle, vor allem die Stadtverwaltung, schon seit einiger Zeit hart arbeiten.<\/p>\n\n<p>Die richtigen digitalen Kompetenzen zu haben, bedeutet nicht nur, \u00fcber technische F\u00e4higkeiten zu verf\u00fcgen, sondern auch in der Lage zu sein, die Komplexit\u00e4t des Umfelds, in dem wir arbeiten, und die st\u00e4ndigen sozialen Ver\u00e4nderungen in der Welt und insbesondere in unserer Gemeinde zu verstehen. Die digitale Transformation bedeutet, alle B\u00fcrger zu Protagonisten des Wandels zu machen und sich dessen bewusst zu sein. Es bedeutet auch, \u00fcber den Tellerrand hinauszuschauen und einfache L\u00f6sungen f\u00fcr komplexe Probleme zu finden.<\/p>\n\n<p><strong>4. <\/strong><strong>Verbesserung der Digitalisierung der Gemeindeverwaltung<\/strong>.<\/p>\n\n<p>Eine Gemeindeverwaltung, die in der Lage ist, ihren B\u00fcrgern immer effizientere und leichter zug\u00e4ngliche Dienstleistungen zu bieten, ist eine Verwaltung, die funktioniert. Aus diesem Grund verfolgt die Gemeinde mit Viareggio Digitale das Ziel, die Modernisierung ihrer digitalen Infrastruktur voranzutreiben. Wichtige Schritte zur Erreichung dieses Ziels sind der Abschluss der Migration von Verwaltungsverfahren und Dokumenten in die Cloud, die F\u00f6rderung des digitalen Dialogs und der Interoperabilit\u00e4t zwischen \u00f6ffentlichen Einrichtungen sowie die St\u00e4rkung der Cybersicherheitsma\u00dfnahmen.<\/p>\n\n<p>Wenn es durch die Migration in die Cloud m\u00f6glich sein wird, die territorialen Datenzentren effizienter zu machen, wird es durch die Verkn\u00fcpfung von Verwaltungsdatenbanken m\u00f6glich sein, ein einziges digitales Profil f\u00fcr jeden B\u00fcrger zu erstellen, was zu erheblichen Ressourcen- und Zeiteinsparungen f\u00fchren wird. Die bereits begonnene Entwicklung einer digitalen nationalen Datenplattform (PDND) geht in diese Richtung und damit auch der Prozess der Zug\u00e4nglichkeit von \u00f6ffentlichen Dienstleistungen.<\/p>\n\n<p><a><\/a> <strong>5. <\/strong><strong>Verbesserung der Wi-Fi-Abdeckung in \u00f6ffentlichen Bereichen<\/strong>.<\/p>\n\n<p>Eines der Ziele von Viareggio Digitale ist die Schaffung eines Wi-Fi-Netzes, das von B\u00fcrgern und Touristen in der Gemeinde Viareggio kostenlos genutzt werden kann.<\/p>\n\n<p>Indem der Zugang zu Breitbanddiensten \u00fcber Laptops, Smartphones und Tablets in bestimmten Bereichen ohne zeitliche Begrenzung und mit per SMS \u00fcbermittelten Zugangsdaten erm\u00f6glicht wird, k\u00f6nnen die B\u00fcrger die von der Gemeinde angebotenen digitalen Dienste nutzen. Ein hochleistungsf\u00e4higes WLAN, das Tausende von gleichzeitigen Verbindungen bew\u00e4ltigen kann und flexibel bei der Implementierung und Aktualisierung der angebotenen Dienste ist, ist f\u00fcr eine Gemeinde, die den Ehrgeiz hat, wirklich intelligent zu sein, unerl\u00e4sslich.<\/p>\n\n<p>In diesem Sinne stellt eine Zugangsseite zum st\u00e4dtischen Wi-Fi-Netz einen wichtigen Kommunikationskanal zwischen allen Akteuren des Gebiets dar, so dass sie immer \u00fcber die verf\u00fcgbaren Dienstleistungen, die wichtigsten Ereignisse und alle Informationen der \u00f6ffentlichen Einrichtungen auf dem Laufenden sind.<\/p>\n\n<p>Die Einrichtung von Filtern f\u00fcr sicheres Surfen, Peer-2-Peer-Blockierung und QoS w\u00fcrde es erm\u00f6glichen, das Surfen vor Malware-Viren und Identit\u00e4tsdiebstahl zu sch\u00fctzen und so die Lebensqualit\u00e4t der B\u00fcrger radikal zu verbessern.<\/p>\n\n<p><strong>6. <\/strong><strong>F\u00f6rderung und Entwicklung digitaler Rechte<\/strong>.<\/p>\n\n<p>Die vollst\u00e4ndige und zufriedenstellende Umsetzung des Digitalplans h\u00e4ngt auch und vor allem von der Achtung und Entwicklung der digitalen Rechte ab. Diese sind gewahrt, wenn B\u00fcrger, Unternehmen und die \u00f6ffentliche Verwaltung in der Lage sind, schnell und sicher auf Online-Dienste zuzugreifen. Zu den digitalen Rechten geh\u00f6rt auch die M\u00f6glichkeit, schnell verl\u00e4ssliche Informationen zu erhalten und eine rasche Kommunikation mit der PA herzustellen, die einen rechtlichen Wert hat, wenn man sich an sie wendet, um ein Verfahren oder eine Dienstleistung in Anspruch zu nehmen. Die Nutzung digitaler Zahlungsmethoden, die ein H\u00f6chstma\u00df an Transparenz und Sicherheit gew\u00e4hrleisten, geh\u00f6rt ebenfalls zu den zu garantierenden digitalen Rechten.<\/p>\n\n<p>Der Zugang aller B\u00fcrger, insbesondere der Menschen mit Behinderungen, zu Informationen und \u00f6ffentlichen Diensten, sowohl im privaten als auch im \u00f6ffentlichen Sektor, wird durch Ad-hoc-Konfigurationen und unterst\u00fctzende Technologien gew\u00e4hrleistet.<\/p>\n\n<p><strong>7. Verabschiedung von Strategien f\u00fcr digitale Integration, Entwicklung und Nachhaltigkeit<\/strong>.<\/p>\n\n<p>Die Herausforderungen der digitalen Transformation bestm\u00f6glich zu bew\u00e4ltigen, bedeutet, integrative Ma\u00dfnahmen zu ergreifen, insbesondere im Hinblick auf ausgrenzungsgef\u00e4hrdete Gruppen und die J\u00fcngsten, d. h. diejenigen, die die gegenw\u00e4rtige digitale Revolution unmittelbar erleben. Es ist notwendig, die Kompetenzen in den Bereichen Digitalisierung und technologische Innovation zu st\u00e4rken, die B\u00fcrger zu schulen und spezielle Lernzentren einzurichten. Ziel dieser Ma\u00dfnahmen ist es letztlich, eine Kluft zwischen der \u00f6ffentlichen Verwaltung und den schw\u00e4chsten B\u00fcrgern zu vermeiden.<\/p>\n\n<p>Die Koexistenz von physischen und interaktiven R\u00e4umen f\u00fcr den Dialog und die Diskussion zwischen allen Akteuren des digitalen Plans wird den Zugang zu Nachrichten \u00fcber die Stadt, interaktiven Ausstellungen \u00fcber das b\u00fcrgerliche und \u00f6ffentliche Erbe und Anreize f\u00fcr kollaborative und integrative Innovationsprozesse erm\u00f6glichen.<\/p>\n\n<p>Die schrittweise Einbeziehung von Menschen, die Schwierigkeiten haben, auch nur Zugang zu den grundlegendsten Diensten zu erhalten, und von Menschen, die zwar technologische Hilfsmittel nutzen, aber nicht \u00fcber die kulturellen Grundlagen verf\u00fcgen, um die Technologie in geeigneter Weise zu nutzen, erfordert Planung und eine Zukunftsvision, die das Zuh\u00f6ren und den Austausch in den Mittelpunkt stellt.<\/p>\n","protected":false},"excerpt":{"rendered":"<p>VIAREGGIO DIGITALE Der Digitalplan\/das Projekt Das Projekt Viareggio Digitale wurde mit dem Ziel ins Leben gerufen, den B\u00fcrgern, den Unternehmen&hellip;<\/p>\n<p class=\"rmore mb-0\"><a class=\"websoup-read-more-link fw-bold\" href=\"https:\/\/viareggiodigitale.it\/de\/das-projekt\/\">Read More \u2192<\/a><\/p>\n","protected":false},"author":1,"featured_media":0,"parent":0,"menu_order":0,"comment_status":"closed","ping_status":"closed","template":"","meta":{"_acf_changed":false,"footnotes":""},"argomento":[],"class_list":["post-404","page","type-page","status-publish","hentry"],"acf":[],"_links":{"self":[{"href":"https:\/\/viareggiodigitale.it\/de\/wp-json\/wp\/v2\/pages\/404","targetHints":{"allow":["GET"]}}],"collection":[{"href":"https:\/\/viareggiodigitale.it\/de\/wp-json\/wp\/v2\/pages"}],"about":[{"href":"https:\/\/viareggiodigitale.it\/de\/wp-json\/wp\/v2\/types\/page"}],"author":[{"embeddable":true,"href":"https:\/\/viareggiodigitale.it\/de\/wp-json\/wp\/v2\/users\/1"}],"replies":[{"embeddable":true,"href":"https:\/\/viareggiodigitale.it\/de\/wp-json\/wp\/v2\/comments?post=404"}],"version-history":[{"count":1,"href":"https:\/\/viareggiodigitale.it\/de\/wp-json\/wp\/v2\/pages\/404\/revisions"}],"predecessor-version":[{"id":405,"href":"https:\/\/viareggiodigitale.it\/de\/wp-json\/wp\/v2\/pages\/404\/revisions\/405"}],"wp:attachment":[{"href":"https:\/\/viareggiodigitale.it\/de\/wp-json\/wp\/v2\/media?parent=404"}],"wp:term":[{"taxonomy":"argomento","embeddable":true,"href":"https:\/\/viareggiodigitale.it\/de\/wp-json\/wp\/v2\/argomento?post=404"}],"curies":[{"name":"wp","href":"https:\/\/api.w.org\/{rel}","templated":true}]}}