{"id":416,"date":"2023-03-20T12:12:23","date_gmt":"2023-03-20T11:12:23","guid":{"rendered":"https:\/\/viareggiodigitale.it\/rechtliche-hinweise\/"},"modified":"2023-03-30T11:09:27","modified_gmt":"2023-03-30T09:09:27","slug":"rechtliche-hinweise","status":"publish","type":"page","link":"https:\/\/viareggiodigitale.it\/de\/rechtliche-hinweise\/","title":{"rendered":"Rechtliche Hinweise"},"content":{"rendered":"\n<h2 class=\"wp-block-heading\"><strong>Betriebsst\u00e4tte<\/strong><\/h2>\n\n<p><em>Diese Website enth\u00e4lt Video-Tutorials, die von der Gemeinde Viareggio produziert wurden, sowie Videos zu digitalen Themen, die von \u00f6ffentlichen und privaten Einrichtungen produziert und von diesen auf ihren jeweiligen YouTube-Kan\u00e4len zur Verf\u00fcgung gestellt wurden. Diese Videos werden auf diesem Portal \u00fcber den von der Videoplattform bereitgestellten Einbettungscode ver\u00f6ffentlicht. Dieses Material ist das ausschlie\u00dfliche Eigentum der jeweiligen Rechteinhaber.<\/em> .<\/p>\n\n<p>Dieses Dokument regelt den Zugang zur Website und die Nutzungsbedingungen der Website. Durch den Zugriff und die Konsultation dieser Website akzeptiert der Besucher die folgenden Nutzungsbedingungen.<\/p>\n\n<h2 class=\"wp-block-heading\">Copyright<\/h2>\n\n<p>Alle Inhalte und Informationen auf dieser Website sind urheberrechtlich gesch\u00fctzt. Ihre Vervielf\u00e4ltigung ist daher nur mit ausdr\u00fccklicher Genehmigung gestattet. Die auf der Website ver\u00f6ffentlichten Informationen d\u00fcrfen, sofern nicht anders angegeben, unter Wahrung ihrer Integrit\u00e4t und unter Angabe der Quelle mit ausdr\u00fccklicher Nennung der Adresse der Website vervielf\u00e4ltigt werden. Die Genehmigung zur Vervielf\u00e4ltigung von urheberrechtlich gesch\u00fctztem Material der Stadt Viareggio erstreckt sich nicht auf Material von Dritten, das auf dieser Website als urheberrechtlich gesch\u00fctzt gekennzeichnet ist. Die Genehmigung zur Vervielf\u00e4ltigung solchen Materials muss von den Urheberrechtsinhabern eingeholt werden.<\/p>\n\n<h2 class=\"wp-block-heading\">Inhaltliche Garantien<\/h2>\n\n<p>Die Inhalte der Website werden in dem Zustand ver\u00f6ffentlicht, in dem sie sich befinden, und ohne jegliche ausdr\u00fcckliche oder stillschweigende Garantie. Obwohl die bereitgestellten Inhalte als angemessen und aktuell angesehen werden, garantiert der Eigent\u00fcmer, Inhaber und Betreiber der Website nicht, dass die Website selbst frei von Ungenauigkeiten, Fehlern und\/oder Auslassungen ist, oder dass ihre Inhalte f\u00fcr eine bestimmte Nutzung geeignet sind, oder dass sie in jedem Fall zeitnah aktualisiert wird. Die Entit\u00e4t beh\u00e4lt sich das Recht vor, den Inhalt jederzeit zu \u00e4ndern.<\/p>\n\n<h2 class=\"wp-block-heading\">Zugang zu externen verlinkten Seiten<\/h2>\n\n<p>Der Ausschuss \u00fcbernimmt keine Verantwortung f\u00fcr den Inhalt externer Websites, die \u00fcber Links auf der Website des Ausschusses zug\u00e4nglich sind und als einfacher Service f\u00fcr Internet-Besucher bereitgestellt werden.<\/p>\n\n<h2 class=\"wp-block-heading\">Von Besuchern der Website gesendete Inhalte<\/h2>\n\n<p>\u00dcber diese Website d\u00fcrfen keine Informationen vertraulicher oder vorbehaltener Art \u00fcbermittelt werden. Alle an die Stelle gesendeten Inhalte (Dokumente, Bilder, Formulare, Links usw.) werden nicht als vertraulich betrachtet. Die Stelle \u00fcbernimmt keine Verpflichtung zur Kontrolle der Inhalte, die der Besucher auf ihre Website hochl\u00e4dt oder an sie sendet. Der Besucher garantiert, dass die an die Stelle gesendeten Inhalte keine geistigen Eigentumsrechte oder andere geltende Gesetze verletzen. Derartige Inhalte werden als nicht vertraulich und in ihrer Verwendung uneingeschr\u00e4nkt behandelt. Mit der \u00dcbermittlung von Inhalten r\u00e4umt der Besucher der Einrichtung das uneingeschr\u00e4nkte und unwiderrufliche Recht ein, diese Inhalte, einschlie\u00dflich der damit verbundenen Ideen und des Know-hows, zu nutzen, anzuzeigen, zu \u00e4ndern und zu \u00fcbermitteln.<\/p>\n\n<h2 class=\"wp-block-heading\">Verantwortung<\/h2>\n\n<p>Unbeschadet der zwingenden gesetzlichen Bestimmungen haftet die AmCham nicht f\u00fcr indirekte Sch\u00e4den, Folgesch\u00e4den oder beil\u00e4ufig entstandene Sch\u00e4den, einschlie\u00dflich, aber nicht beschr\u00e4nkt auf: entgangenen Gewinn, Gesch\u00e4ftsunterbrechung, Datenverlust, Unm\u00f6glichkeit der Nutzung des Inhalts der Website oder Sch\u00e4den, die sich daraus ergeben, dass der Inhalt der Website als unzuverl\u00e4ssig angesehen wurde. Die Haftung des Unternehmens f\u00fcr direkte Sch\u00e4den, die aus der Nutzung, der Unm\u00f6glichkeit der Nutzung oder der Unzuverl\u00e4ssigkeit des Inhalts dieser Website oder einer anderen verlinkten Website, die dem Unternehmen zuzuschreiben ist, entstehen, ist in jedem Fall auf einen Betrag von 100,00 Euro beschr\u00e4nkt.<\/p>\n\n<h2 class=\"wp-block-heading\">\u00c4nderung der Nutzungsbedingungen<\/h2>\n\n<p>Die Organisation beh\u00e4lt sich das Recht vor, jederzeit und ohne vorherige Ank\u00fcndigung \u00c4nderungen und\/oder Aktualisierungen dieser Nutzungsbedingungen vorzunehmen. Durch die weitere Nutzung dieser Website akzeptiert der Besucher daher auch diese \u00c4nderungen und\/oder Aktualisierungen, von denen er durch regelm\u00e4\u00dfiges und\/oder bei Bedarf erfolgendes erneutes Lesen dieser Seite Kenntnis erh\u00e4lt.<\/p>\n\n<h2 class=\"wp-block-heading\">Anwendbares Recht und Teilnichtigkeit<\/h2>\n\n<p>Auf die vorliegenden Bedingungen ist italienisches Recht anwendbar. F\u00fcr alle Streitigkeiten, die sich aus oder im Zusammenhang mit diesen Nutzungsbedingungen ergeben, sind die Gerichte der Provinzhauptstadt zust\u00e4ndig, in der der Rechtstr\u00e4ger seinen Sitz hat. Sollte ein Teil dieser Nutzungsbedingungen ung\u00fcltig oder nicht durchsetzbar sein, so bleiben die \u00fcbrigen Bedingungen in vollem Umfang in Kraft und wirksam.<\/p>\n","protected":false},"excerpt":{"rendered":"<p>Betriebsst\u00e4tte Diese Website enth\u00e4lt Video-Tutorials, die von der Gemeinde Viareggio produziert wurden, sowie Videos zu digitalen Themen, die von \u00f6ffentlichen&hellip;<\/p>\n<p class=\"rmore mb-0\"><a class=\"websoup-read-more-link fw-bold\" href=\"https:\/\/viareggiodigitale.it\/de\/rechtliche-hinweise\/\">Read More \u2192<\/a><\/p>\n","protected":false},"author":2,"featured_media":0,"parent":0,"menu_order":0,"comment_status":"closed","ping_status":"closed","template":"","meta":{"_acf_changed":false,"footnotes":""},"argomento":[],"class_list":["post-416","page","type-page","status-publish","hentry"],"acf":[],"_links":{"self":[{"href":"https:\/\/viareggiodigitale.it\/de\/wp-json\/wp\/v2\/pages\/416","targetHints":{"allow":["GET"]}}],"collection":[{"href":"https:\/\/viareggiodigitale.it\/de\/wp-json\/wp\/v2\/pages"}],"about":[{"href":"https:\/\/viareggiodigitale.it\/de\/wp-json\/wp\/v2\/types\/page"}],"author":[{"embeddable":true,"href":"https:\/\/viareggiodigitale.it\/de\/wp-json\/wp\/v2\/users\/2"}],"replies":[{"embeddable":true,"href":"https:\/\/viareggiodigitale.it\/de\/wp-json\/wp\/v2\/comments?post=416"}],"version-history":[{"count":1,"href":"https:\/\/viareggiodigitale.it\/de\/wp-json\/wp\/v2\/pages\/416\/revisions"}],"predecessor-version":[{"id":417,"href":"https:\/\/viareggiodigitale.it\/de\/wp-json\/wp\/v2\/pages\/416\/revisions\/417"}],"wp:attachment":[{"href":"https:\/\/viareggiodigitale.it\/de\/wp-json\/wp\/v2\/media?parent=416"}],"wp:term":[{"taxonomy":"argomento","embeddable":true,"href":"https:\/\/viareggiodigitale.it\/de\/wp-json\/wp\/v2\/argomento?post=416"}],"curies":[{"name":"wp","href":"https:\/\/api.w.org\/{rel}","templated":true}]}}