{"id":444,"date":"2023-02-28T17:17:59","date_gmt":"2023-02-28T16:17:59","guid":{"rendered":"https:\/\/viareggiodigitale.it\/entdecken-sie-ihren-digitalen-quotienten\/"},"modified":"2023-03-31T18:18:58","modified_gmt":"2023-03-31T16:18:58","slug":"entdecken-sie-ihren-digitalen-quotienten","status":"publish","type":"page","link":"https:\/\/viareggiodigitale.it\/de\/entdecken-sie-ihren-digitalen-quotienten\/","title":{"rendered":"Entdecken Sie Ihren digitalen Quotienten"},"content":{"rendered":"\n<p><strong>Wie hoch ist Ihr Digitalisierungsgrad? <\/strong>.<\/p>\n\n<p>Machen Sie den Test und finden Sie es jetzt heraus.<\/p>\n\n<p>Je nach Ihrem Niveau haben wir eine Reihe von Inhalten ausgew\u00e4hlt, die Ihnen helfen werden, Neues zu lernen und sich zu verbessern.<\/p>\n\n<div id=\"formcalc\" class=\"wp-block-group\"><div class=\"wp-block-group__inner-container is-layout-constrained wp-block-group-is-layout-constrained\">\n<div class=\"wp-block-contact-form-7-contact-form-selector\">\n<div class=\"wpcf7 no-js\" id=\"wpcf7-f750-o1\" lang=\"de-DE\" dir=\"ltr\" data-wpcf7-id=\"750\">\n<div class=\"screen-reader-response\"><p role=\"status\" aria-live=\"polite\" aria-atomic=\"true\"><\/p> <ul><\/ul><\/div>\n<form action=\"\/de\/wp-json\/wp\/v2\/pages\/444#wpcf7-f750-o1\" method=\"post\" class=\"wpcf7-form init\" aria-label=\"Kontaktformular\" novalidate=\"novalidate\" data-status=\"init\">\n<fieldset class=\"hidden-fields-container\"><input type=\"hidden\" name=\"_wpcf7\" value=\"750\" \/><input type=\"hidden\" name=\"_wpcf7_version\" value=\"6.1.5\" \/><input type=\"hidden\" name=\"_wpcf7_locale\" value=\"de_DE\" \/><input type=\"hidden\" name=\"_wpcf7_unit_tag\" value=\"wpcf7-f750-o1\" \/><input type=\"hidden\" name=\"_wpcf7_container_post\" value=\"0\" \/><input type=\"hidden\" name=\"_wpcf7_posted_data_hash\" value=\"\" \/>\n<\/fieldset>\n<div class=\"my-5\">\r\n    <div class=\"select-wrapper\"><label for=\"categoria\"> Kategorie <\/label><span class=\"wpcf7-form-control-wrap\" data-name=\"categoria\"><select class=\"wpcf7-form-control wpcf7-select wpcf7-validates-as-required\" id=\"categoria\" aria-required=\"true\" aria-invalid=\"false\" name=\"categoria\"><option value=\"\">&#8211; Bitte ausw\u00e4hlen &#8211;<\/option><option value=\"B\u00fcrger\">B\u00fcrger<\/option><option value=\"Unternehmer\">Unternehmer<\/option><option value=\"Staatsbediensteter\">Staatsbediensteter<\/option><\/select><\/span><\/div>\r\n<\/div>\r\n\r\n<div class=\"my-5\">\r\n    <div class=\"select-wrapper\"><label for=\"eta\"> Alter <\/label><span class=\"wpcf7-form-control-wrap\" data-name=\"eta\"><select class=\"wpcf7-form-control wpcf7-select wpcf7-validates-as-required\" id=\"eta\" aria-required=\"true\" aria-invalid=\"false\" name=\"eta\"><option value=\"\">&#8211; Bitte ausw\u00e4hlen &#8211;<\/option><option value=\"unter 18\">unter 18<\/option><option value=\"zwischen 18 und 40\">zwischen 18 und 40<\/option><option value=\"zwischen 40 und 60\">zwischen 40 und 60<\/option><option value=\"\u00fcber 60\">\u00fcber 60<\/option><\/select><\/span> <\/div>\r\n<\/div>\r\n\r\n<div class=\"my-5\">\r\n    <div class=\"select-wrapper\"><label for=\"titolo_di_studio\"> Qualifizierung <\/label><span class=\"wpcf7-form-control-wrap\" data-name=\"titolo_di_studio\"><select class=\"wpcf7-form-control wpcf7-select wpcf7-validates-as-required\" id=\"titolo_di_studio\" aria-required=\"true\" aria-invalid=\"false\" name=\"titolo_di_studio\"><option value=\"\">&#8211; Bitte ausw\u00e4hlen &#8211;<\/option><option value=\"Keine Qualifikation\">Keine Qualifikation<\/option><option value=\"Grundschulabschluss\">Grundschulabschluss<\/option><option value=\"Abschluss der Sekundarstufe I\">Abschluss der Sekundarstufe I<\/option><option value=\"Oberschulabschluss\">Oberschulabschluss<\/option><option value=\"Hochschulabschluss\">Hochschulabschluss<\/option><option value=\"Postgraduierter Master-Abschluss\">Postgraduierter Master-Abschluss<\/option><\/select><\/span> <\/div>\r\n<\/div>\r\n\r\n<p class=\"fw-bold\">Sind Sie mit den folgenden Apps und digitalen Diensten der Gemeinde Viareggio vertraut?<\/p>\r\n\r\n<div class=\"mb-4\"> <span class=\"label\">FarmaCity<\/span>\r\n    <div class=\"form-check\"> <span class=\"wpcf7-form-control-wrap\" data-name=\"app_farmacity\"><span class=\"wpcf7-form-control wpcf7-radio\"><span class=\"wpcf7-list-item first\"><label><input type=\"radio\" name=\"app_farmacity\" value=\"keine Ahnung\" checked=\"checked\" \/><span class=\"wpcf7-list-item-label\">keine Ahnung<\/span><\/label><\/span><span class=\"wpcf7-list-item\"><label><input type=\"radio\" name=\"app_farmacity\" value=\"geh\u00f6rt\" \/><span class=\"wpcf7-list-item-label\">geh\u00f6rt<\/span><\/label><\/span><span class=\"wpcf7-list-item last\"><label><input type=\"radio\" name=\"app_farmacity\" value=\"benutzen\" \/><span class=\"wpcf7-list-item-label\">benutzen<\/span><\/label><\/span><\/span><\/span> <\/div>\r\n<\/div>\r\n\r\n<div class=\"mb-4\"> <span class=\"label\">Immuni<\/span>\r\n    <div class=\"form-check\"> <span class=\"wpcf7-form-control-wrap\" data-name=\"app_immuni\"><span class=\"wpcf7-form-control wpcf7-radio\"><span class=\"wpcf7-list-item first\"><label><input type=\"radio\" name=\"app_immuni\" value=\"keine Ahnung\" checked=\"checked\" \/><span class=\"wpcf7-list-item-label\">keine Ahnung<\/span><\/label><\/span><span class=\"wpcf7-list-item\"><label><input type=\"radio\" name=\"app_immuni\" value=\"geh\u00f6rt\" \/><span class=\"wpcf7-list-item-label\">geh\u00f6rt<\/span><\/label><\/span><span class=\"wpcf7-list-item last\"><label><input type=\"radio\" name=\"app_immuni\" value=\"benutzen\" \/><span class=\"wpcf7-list-item-label\">benutzen<\/span><\/label><\/span><\/span><\/span> <\/div>\r\n<\/div>\r\n\r\n<div class=\"mb-4\"> <span class=\"label\">App IO<\/span>\r\n    <div class=\"form-check\"> <span class=\"wpcf7-form-control-wrap\" data-name=\"app_io\"><span class=\"wpcf7-form-control wpcf7-radio\"><span class=\"wpcf7-list-item first\"><label><input type=\"radio\" name=\"app_io\" value=\"keine Ahnung\" checked=\"checked\" \/><span class=\"wpcf7-list-item-label\">keine Ahnung<\/span><\/label><\/span><span class=\"wpcf7-list-item\"><label><input type=\"radio\" name=\"app_io\" value=\"geh\u00f6rt\" \/><span class=\"wpcf7-list-item-label\">geh\u00f6rt<\/span><\/label><\/span><span class=\"wpcf7-list-item last\"><label><input type=\"radio\" name=\"app_io\" value=\"benutzen\" \/><span class=\"wpcf7-list-item-label\">benutzen<\/span><\/label><\/span><\/span><\/span> <\/div>\r\n<\/div>\r\n\r\n<div class=\"mb-4\"> <span class=\"label\">MoVer App<\/span>\r\n    <div class=\"form-check\"> <span class=\"wpcf7-form-control-wrap\" data-name=\"app_mover\"><span class=\"wpcf7-form-control wpcf7-radio\"><span class=\"wpcf7-list-item first\"><label><input type=\"radio\" name=\"app_mover\" value=\"keine Ahnung\" checked=\"checked\" \/><span class=\"wpcf7-list-item-label\">keine Ahnung<\/span><\/label><\/span><span class=\"wpcf7-list-item\"><label><input type=\"radio\" name=\"app_mover\" value=\"geh\u00f6rt\" \/><span class=\"wpcf7-list-item-label\">geh\u00f6rt<\/span><\/label><\/span><span class=\"wpcf7-list-item last\"><label><input type=\"radio\" name=\"app_mover\" value=\"benutzen\" \/><span class=\"wpcf7-list-item-label\">benutzen<\/span><\/label><\/span><\/span><\/span> <\/div>\r\n<\/div>\r\n\r\n<div class=\"my-5\">\r\n<div class=\"select-wrapper\"><label for=\"spid\"> Haben Sie SPID und wie oft benutzen Sie es? <\/label> <span class=\"wpcf7-form-control-wrap\" data-name=\"hai_lo_spid\"><select class=\"wpcf7-form-control wpcf7-select wpcf7-validates-as-required\" id=\"spid\" aria-required=\"true\" aria-invalid=\"false\" name=\"hai_lo_spid\"><option value=\"\">&#8211; Bitte ausw\u00e4hlen &#8211;<\/option><option value=\"Ich benutze sie nicht\">Ich benutze sie nicht<\/option><option value=\"Ja, aber ich benutze sie nicht\">Ja, aber ich benutze sie nicht<\/option><option value=\"Ja und ich benutze sie\">Ja und ich benutze sie<\/option><\/select><\/span> <\/div>\r\n<\/div>\r\n\r\n<div class=\"my-5\">\r\n<div class=\"select-wrapper\"><label for=\"bollette\"> Bezahlen Sie Rechnungen und Versorgungsrechnungen online? <\/label> <span class=\"wpcf7-form-control-wrap\" data-name=\"paghi_bollette\"><select class=\"wpcf7-form-control wpcf7-select wpcf7-validates-as-required\" id=\"bollette\" aria-required=\"true\" aria-invalid=\"false\" name=\"paghi_bollette\"><option value=\"\">&#8211; Bitte ausw\u00e4hlen &#8211;<\/option><option value=\"Nein\">Nein<\/option><option value=\"Ja, aber nur gelegentlich\">Ja, aber nur gelegentlich<\/option><option value=\"Ja, immer\">Ja, immer<\/option><\/select><\/span> <\/div>\r\n<\/div>\r\n\r\n<div class=\"my-5\">\r\n<div class=\"select-wrapper\"><label for=\"social\"> Haben Sie ein Profil in einem sozialen Netzwerk und wie oft nutzen Sie es? <\/label> <span class=\"wpcf7-form-control-wrap\" data-name=\"hai_profilo_social\"><select class=\"wpcf7-form-control wpcf7-select wpcf7-validates-as-required\" id=\"social\" aria-required=\"true\" aria-invalid=\"false\" name=\"hai_profilo_social\"><option value=\"\">&#8211; Bitte ausw\u00e4hlen &#8211;<\/option><option value=\"\u00dcberhaupt nicht\">\u00dcberhaupt nicht<\/option><option value=\"Mindestens\">Mindestens<\/option><option value=\"sehr viel\">sehr viel<\/option><\/select><\/span> <\/div>\r\n<\/div>\r\n\r\n<p class=\"fw-bold\">SUCHE NACH UND BEWERTUNG VON INFORMATIONEN IM INTERNET<\/p>\r\n<div class=\"mb-4 radioblock\">W\u00e4hlen Sie den Satz, der Ihre Online-Gewohnheiten am besten beschreibt.\r\n    <div class=\"form-check\"> <span class=\"wpcf7-form-control-wrap\" data-name=\"ricerca_valutazione\"><span class=\"wpcf7-form-control wpcf7-radio\"><span class=\"wpcf7-list-item first\"><label><input type=\"radio\" name=\"ricerca_valutazione\" value=\"1) Ich benutze von Zeit zu Zeit Online-Suchmaschinen und verlasse mich auf die Ergebnisse, die sie mir liefern;\" checked=\"checked\" \/><span class=\"wpcf7-list-item-label\">1) Ich benutze von Zeit zu Zeit Online-Suchmaschinen und verlasse mich auf die Ergebnisse, die sie mir liefern;<\/span><\/label><\/span><span class=\"wpcf7-list-item\"><label><input type=\"radio\" name=\"ricerca_valutazione\" value=\"2) Ich erhalte zufriedenstellende Ergebnisse von Suchmaschinen, indem ich die Informationsquelle teilweise ausw\u00e4hle;\" \/><span class=\"wpcf7-list-item-label\">2) Ich erhalte zufriedenstellende Ergebnisse von Suchmaschinen, indem ich die Informationsquelle teilweise ausw\u00e4hle;<\/span><\/label><\/span><span class=\"wpcf7-list-item last\"><label><input type=\"radio\" name=\"ricerca_valutazione\" value=\"3) Ich bin in der Lage, eine gr\u00fcndliche Suche durchzuf\u00fchren, um die von mir ben\u00f6tigten Daten, Informationen und Inhalte zu finden. Ich w\u00e4hle auch Quellen aus und pr\u00fcfe ihre Zuverl\u00e4ssigkeit.\" \/><span class=\"wpcf7-list-item-label\">3) Ich bin in der Lage, eine gr\u00fcndliche Suche durchzuf\u00fchren, um die von mir ben\u00f6tigten Daten, Informationen und Inhalte zu finden. Ich w\u00e4hle auch Quellen aus und pr\u00fcfe ihre Zuverl\u00e4ssigkeit.<\/span><\/label><\/span><\/span><\/span> <\/div>\r\n<\/div>\r\n\r\n<p class=\"fw-bold\">DIGITALE INTERAKTION<\/p>\r\n<div class=\"mb-4 radioblock\">W\u00e4hlen Sie den Satz, der Ihre Online-Gewohnheiten am besten beschreibt.\r\n    <div class=\"form-check\"> <span class=\"wpcf7-form-control-wrap\" data-name=\"interazione_digitale\"><span class=\"wpcf7-form-control wpcf7-radio\"><span class=\"wpcf7-list-item first\"><label><input type=\"radio\" name=\"interazione_digitale\" value=\"1) Ich nutze nur einfache digitale Technologien wie Online-Nachrichten oder Videoanrufe, um mit anderen Menschen zu kommunizieren;\" checked=\"checked\" \/><span class=\"wpcf7-list-item-label\">1) Ich nutze nur einfache digitale Technologien wie Online-Nachrichten oder Videoanrufe, um mit anderen Menschen zu kommunizieren;<\/span><\/label><\/span><span class=\"wpcf7-list-item\"><label><input type=\"radio\" name=\"interazione_digitale\" value=\"2) Ich interagiere online mit anderen, indem ich die digitalen Hilfsmittel w\u00e4hle, die meinen Bed\u00fcrfnissen am besten entsprechen (Videokonferenzsoftware, Cloud-Dienste usw.);\" \/><span class=\"wpcf7-list-item-label\">2) Ich interagiere online mit anderen, indem ich die digitalen Hilfsmittel w\u00e4hle, die meinen Bed\u00fcrfnissen am besten entsprechen (Videokonferenzsoftware, Cloud-Dienste usw.);<\/span><\/label><\/span><span class=\"wpcf7-list-item last\"><label><input type=\"radio\" name=\"interazione_digitale\" value=\"3) Ich bin in der Lage, digitale Technologien und digitale Medien in meinem Privatleben und bei der Arbeit geschickt zu nutzen, so dass ich auch meinen weniger digitalisierten Kollegen alle Informationen geben kann, die sie ben\u00f6tigen.\" \/><span class=\"wpcf7-list-item-label\">3) Ich bin in der Lage, digitale Technologien und digitale Medien in meinem Privatleben und bei der Arbeit geschickt zu nutzen, so dass ich auch meinen weniger digitalisierten Kollegen alle Informationen geben kann, die sie ben\u00f6tigen.<\/span><\/label><\/span><\/span><\/span> <\/div>\r\n<\/div>\r\n\r\n<p class=\"fw-bold\">ERSTELLUNG UND WEITERGABE DIGITALER INHALTE<\/p>\r\n<div class=\"mb-4 radioblock\">W\u00e4hlen Sie den Satz, der Ihre Online-Gewohnheiten am besten beschreibt..\r\n    <div class=\"form-check\"> <span class=\"wpcf7-form-control-wrap\" data-name=\"creazione_condivisione\"><span class=\"wpcf7-form-control wpcf7-radio\"><span class=\"wpcf7-list-item first\"><label><input type=\"radio\" name=\"creazione_condivisione\" value=\"1) Wenn ich ein Foto mache, das mir gef\u00e4llt, kann ich es bearbeiten und an meinen Freund schicken;\" checked=\"checked\" \/><span class=\"wpcf7-list-item-label\">1) Wenn ich ein Foto mache, das mir gef\u00e4llt, kann ich es bearbeiten und an meinen Freund schicken;<\/span><\/label><\/span><span class=\"wpcf7-list-item\"><label><input type=\"radio\" name=\"creazione_condivisione\" value=\"2) Ich kann eine Software verwenden, um eine digitale Pr\u00e4sentation mit Animationen, Video und Audio zu erstellen;\" \/><span class=\"wpcf7-list-item-label\">2) Ich kann eine Software verwenden, um eine digitale Pr\u00e4sentation mit Animationen, Video und Audio zu erstellen;<\/span><\/label><\/span><span class=\"wpcf7-list-item last\"><label><input type=\"radio\" name=\"creazione_condivisione\" value=\"3) Ich benutze h\u00e4ufig Datenbanken, die es mir erm\u00f6glichen, Bilder zu verwenden, die nicht durch das Urheberrecht gesch\u00fctzt sind.\" \/><span class=\"wpcf7-list-item-label\">3) Ich benutze h\u00e4ufig Datenbanken, die es mir erm\u00f6glichen, Bilder zu verwenden, die nicht durch das Urheberrecht gesch\u00fctzt sind.<\/span><\/label><\/span><\/span><\/span> <\/div>\r\n<\/div>\r\n\r\n<p class=\"fw-bold\">SOZIALES<\/p>\r\n<div class=\"mb-4 radioblock\">W\u00e4hlen Sie die Formulierung, die Ihre Online-Gewohnheiten am besten beschreibt.\r\n    <div class=\"form-check\"> <span class=\"wpcf7-form-control-wrap\" data-name=\"social\"><span class=\"wpcf7-form-control wpcf7-radio\"><span class=\"wpcf7-list-item first\"><label><input type=\"radio\" name=\"social\" value=\"1) Ich habe nur ein soziales Profil und surfe ab und zu in sozialen Netzwerken;\" checked=\"checked\" \/><span class=\"wpcf7-list-item-label\">1) Ich habe nur ein soziales Profil und surfe ab und zu in sozialen Netzwerken;<\/span><\/label><\/span><span class=\"wpcf7-list-item\"><label><input type=\"radio\" name=\"social\" value=\"2) Ich surfe gerne in sozialen Netzwerken und ich erstelle und teile von Zeit zu Zeit einige Inhalte;\" \/><span class=\"wpcf7-list-item-label\">2) Ich surfe gerne in sozialen Netzwerken und ich erstelle und teile von Zeit zu Zeit einige Inhalte;<\/span><\/label><\/span><span class=\"wpcf7-list-item last\"><label><input type=\"radio\" name=\"social\" value=\"3) Ich habe mehrere soziale Profile, surfe mehrmals am Tag in sozialen Netzwerken, schreibe Beitr\u00e4ge, kommentiere, teile Informationen und unterhalte meine Freunde direkt.\" \/><span class=\"wpcf7-list-item-label\">3) Ich habe mehrere soziale Profile, surfe mehrmals am Tag in sozialen Netzwerken, schreibe Beitr\u00e4ge, kommentiere, teile Informationen und unterhalte meine Freunde direkt.<\/span><\/label><\/span><\/span><\/span> <\/div>\r\n<\/div>\r\n\r\n<p class=\"fw-bold\">SICHERHEIT VON GER\u00c4TEN UND PERS\u00d6NLICHEN DATEN<\/p>\r\n<div class=\"mb-4 radioblock\">W\u00e4hlen Sie den Satz, der Ihre Online-Gewohnheiten am besten beschreibt.\r\n    <div class=\"form-check\"> <span class=\"wpcf7-form-control-wrap\" data-name=\"sicurezza\"><span class=\"wpcf7-form-control wpcf7-radio\"><span class=\"wpcf7-list-item first\"><label><input type=\"radio\" name=\"sicurezza\" value=\"1) Ich k\u00fcmmere mich wenig um den Schutz meiner pers\u00f6nlichen Daten und meiner Privatsph\u00e4re in digitalen Umgebungen;\" checked=\"checked\" \/><span class=\"wpcf7-list-item-label\">1) Ich k\u00fcmmere mich wenig um den Schutz meiner pers\u00f6nlichen Daten und meiner Privatsph\u00e4re in digitalen Umgebungen;<\/span><\/label><\/span><span class=\"wpcf7-list-item\"><label><input type=\"radio\" name=\"sicurezza\" value=\"2) Ich bin in der Lage, die am besten geeignete Methode zum Schutz meiner pers\u00f6nlichen Daten oder zur Weitergabe an Dritte zu erkennen und zu w\u00e4hlen;\" \/><span class=\"wpcf7-list-item-label\">2) Ich bin in der Lage, die am besten geeignete Methode zum Schutz meiner pers\u00f6nlichen Daten oder zur Weitergabe an Dritte zu erkennen und zu w\u00e4hlen;<\/span><\/label><\/span><span class=\"wpcf7-list-item last\"><label><input type=\"radio\" name=\"sicurezza\" value=\"3)  Ich kann problemlos mit komplexen Situationen umgehen, z. B. mit der Verwendung personenbezogener Daten, die nicht den \u201cDatenschutzrichtlinien\u201d entsprechen.\" \/><span class=\"wpcf7-list-item-label\">3)  Ich kann problemlos mit komplexen Situationen umgehen, z. B. mit der Verwendung personenbezogener Daten, die nicht den \u201cDatenschutzrichtlinien\u201d entsprechen.<\/span><\/label><\/span><\/span><\/span> <\/div>\r\n<\/div>\r\n\r\n<p class=\"fw-bold\">L\u00d6SUNG DIGITALER PROBLEME<\/p>\r\n<div class=\"mb-4 radioblock\">W\u00e4hlen Sie den Satz, der Ihre Online-Gewohnheiten am besten beschreibt.\r\n    <div class=\"form-check\"> <span class=\"wpcf7-form-control-wrap\" data-name=\"problemi_digitali\"><span class=\"wpcf7-form-control wpcf7-radio\"><span class=\"wpcf7-list-item first\"><label><input type=\"radio\" name=\"problemi_digitali\" value=\"1) Ich kann das Auftreten eines technischen Problems erkennen, aber ich bitte um Hilfe, um es zu l\u00f6sen;\" checked=\"checked\" \/><span class=\"wpcf7-list-item-label\">1) Ich kann das Auftreten eines technischen Problems erkennen, aber ich bitte um Hilfe, um es zu l\u00f6sen;<\/span><\/label><\/span><span class=\"wpcf7-list-item\"><label><input type=\"radio\" name=\"problemi_digitali\" value=\"2) Wenn ich ein technisches Problem habe, versuche ich, es zu l\u00f6sen, indem ich online nach der L\u00f6sung suche, aber es gelingt mir nicht immer\" \/><span class=\"wpcf7-list-item-label\">2) Wenn ich ein technisches Problem habe, versuche ich, es zu l\u00f6sen, indem ich online nach der L\u00f6sung suche, aber es gelingt mir nicht immer<\/span><\/label><\/span><span class=\"wpcf7-list-item last\"><label><input type=\"radio\" name=\"problemi_digitali\" value=\"3) Ich l\u00f6se verschiedene Softwareprobleme v\u00f6llig selbstst\u00e4ndig.\" \/><span class=\"wpcf7-list-item-label\">3) Ich l\u00f6se verschiedene Softwareprobleme v\u00f6llig selbstst\u00e4ndig.<\/span><\/label><\/span><\/span><\/span> <\/div>\r\n<\/div>\r\n\r\n<div class=\"form-check mb-4\">\r\n<span class=\"wpcf7-form-control-wrap\" data-name=\"privacy\"><span class=\"wpcf7-form-control wpcf7-acceptance\"><span class=\"wpcf7-list-item\"><label><input type=\"checkbox\" name=\"privacy\" value=\"1\" aria-invalid=\"false\" \/><span class=\"wpcf7-list-item-label\">Ich erkl\u00e4re, dass ich die <a href=\"https:\/\/viareggiodigitale.it\/de\/privacy-policy\/\">Informationen \u00fcber die Verarbeitung personenbezogener Daten<\/a> gelesen habe.<\/span><\/label><\/span><\/span><\/span>\r\n<\/div>\r\n\r\n<input class=\"wpcf7-form-control wpcf7-hidden\" id=\"livello\" value=\"\" type=\"hidden\" name=\"livello\" \/>\r\n\r\n<div class=\"mb-5\">\r\n<input class=\"wpcf7-form-control wpcf7-submit has-spinner btn btn-primary px-5\" id=\"subbtn\" type=\"submit\" value=\"Senden\" \/>\r\n<\/div><div class=\"wpcf7-response-output\" aria-hidden=\"true\"><\/div>\n<\/form>\n<\/div>\n<\/div>\r\n<\/div><\/div>\n\n<div id=\"toshow\" class=\"wp-block-group\"><div class=\"wp-block-group__inner-container is-layout-constrained wp-block-group-is-layout-constrained\">\n<ul class=\"fw-bold lead list-unstyled wp-block-list\">\n<li>Sie sind ein digitaler LERNENder <a href=\"https:\/\/viareggiodigitale.it\/de\/digitalschule\/buerger-stufe-1\/\" data-type=\"page\" data-id=\"225\">cat1<\/a> <a href=\"https:\/\/viareggiodigitale.it\/de\/digitalschule-2\/oeffentliche-verwaltung-stufe-1\/\" data-type=\"page\">cat2<\/a> <a href=\"https:\/\/viareggiodigitale.it\/de\/digitalschule-2\/oeffentliche-verwaltung-stufe-1\/\" data-type=\"page\" data-id=\"245\">cat3<\/a><\/li>\n\n\n\n<li>Sie sind ein digitaler AUTONOMIST <a href=\"https:\/\/viareggiodigitale.it\/de\/digitalschule\/buerger-stufe-2\/\" data-type=\"page\" data-id=\"225\">cat1<\/a> <a href=\"https:\/\/viareggiodigitale.it\/de\/digitalschule-2\/oeffentliche-verwaltung-stufe-2\/\" data-type=\"page\" data-id=\"234\">cat2<\/a> <a href=\"https:\/\/viareggiodigitale.it\/de\/digitalschule-2\/oeffentliche-verwaltung-stufe-2\/\" data-type=\"page\">cat3<\/a><\/li>\n\n\n\n<li>Sie sind ein Digitaler EXPERTE <a href=\"https:\/\/viareggiodigitale.it\/de\/digitalschule\/buerger-stufe-3\/\" data-type=\"page\" data-id=\"229\">cat1<\/a> <a href=\"https:\/\/viareggiodigitale.it\/de\/digitalschule-2\/oeffentliche-verwaltung-stufe-3\/\" data-type=\"page\">cat2<\/a> <a href=\"https:\/\/viareggiodigitale.it\/de\/digitalschule-2\/oeffentliche-verwaltung-stufe-3\/\" data-type=\"page\">cat3<\/a><\/li>\n<\/ul>\n\n\n\n<div class=\"wp-block-buttons mb-5 is-layout-flex wp-block-buttons-is-layout-flex\">\n<div class=\"wp-block-button addlink\"><a class=\"wp-block-button__link wp-element-button\" href=\"#\">Sehen Sie die f\u00fcr Sie ausgew\u00e4hlten Schulungsinhalte<\/a><\/div>\n<\/div>\n<\/div><\/div>\n","protected":false},"excerpt":{"rendered":"<p>Wie hoch ist Ihr Digitalisierungsgrad? . Machen Sie den Test und finden Sie es jetzt heraus. Je nach Ihrem Niveau&hellip;<\/p>\n<p class=\"rmore mb-0\"><a class=\"websoup-read-more-link fw-bold\" href=\"https:\/\/viareggiodigitale.it\/de\/entdecken-sie-ihren-digitalen-quotienten\/\">Read More \u2192<\/a><\/p>\n","protected":false},"author":1,"featured_media":0,"parent":0,"menu_order":0,"comment_status":"closed","ping_status":"closed","template":"","meta":{"_acf_changed":false,"footnotes":""},"argomento":[],"class_list":["post-444","page","type-page","status-publish","hentry"],"acf":[],"_links":{"self":[{"href":"https:\/\/viareggiodigitale.it\/de\/wp-json\/wp\/v2\/pages\/444","targetHints":{"allow":["GET"]}}],"collection":[{"href":"https:\/\/viareggiodigitale.it\/de\/wp-json\/wp\/v2\/pages"}],"about":[{"href":"https:\/\/viareggiodigitale.it\/de\/wp-json\/wp\/v2\/types\/page"}],"author":[{"embeddable":true,"href":"https:\/\/viareggiodigitale.it\/de\/wp-json\/wp\/v2\/users\/1"}],"replies":[{"embeddable":true,"href":"https:\/\/viareggiodigitale.it\/de\/wp-json\/wp\/v2\/comments?post=444"}],"version-history":[{"count":3,"href":"https:\/\/viareggiodigitale.it\/de\/wp-json\/wp\/v2\/pages\/444\/revisions"}],"predecessor-version":[{"id":863,"href":"https:\/\/viareggiodigitale.it\/de\/wp-json\/wp\/v2\/pages\/444\/revisions\/863"}],"wp:attachment":[{"href":"https:\/\/viareggiodigitale.it\/de\/wp-json\/wp\/v2\/media?parent=444"}],"wp:term":[{"taxonomy":"argomento","embeddable":true,"href":"https:\/\/viareggiodigitale.it\/de\/wp-json\/wp\/v2\/argomento?post=444"}],"curies":[{"name":"wp","href":"https:\/\/api.w.org\/{rel}","templated":true}]}}