{"id":453,"date":"2023-02-21T17:35:50","date_gmt":"2023-02-21T16:35:50","guid":{"rendered":"https:\/\/viareggiodigitale.it\/digitalschule\/"},"modified":"2023-03-30T12:28:51","modified_gmt":"2023-03-30T10:28:51","slug":"digitalschule","status":"publish","type":"page","link":"https:\/\/viareggiodigitale.it\/de\/digitalschule\/","title":{"rendered":"Digitalschule"},"content":{"rendered":"\n<p class=\"mb-5\">Greifen Sie auf die Tutorials zu und entwickeln Sie Ihre digitalen F\u00e4higkeiten. Entdecken Sie ein neues Modell der st\u00e4dtischen Innovation, interagieren Sie schnell und einfach mit der Verwaltung und betreten Sie eine digitale Welt voller Dienstleistungen und M\u00f6glichkeiten.<\/p>\n\n<div class=\"wp-block-columns is-not-stacked-on-mobile coltabs small text-center fw-bold is-layout-flex wp-container-core-columns-is-layout-9d6595d7 wp-block-columns-is-layout-flex\">\n<div class=\"wp-block-column is-layout-flow wp-block-column-is-layout-flow\">\n<p class=\"act\"><a href=\"https:\/\/viareggiodigitale.it\/de\/digitalschule\/\" data-type=\"page\" data-id=\"178\">B\u00fcrger<\/a><\/p>\n<\/div>\n\n\n\n<div class=\"wp-block-column is-layout-flow wp-block-column-is-layout-flow\">\n<p><a href=\"https:\/\/viareggiodigitale.it\/de\/digitalschule-2\/\" data-type=\"page\" data-id=\"180\">Unternehmen<\/a><\/p>\n<\/div>\n\n\n\n<div class=\"wp-block-column is-layout-flow wp-block-column-is-layout-flow\">\n<p><a href=\"https:\/\/viareggiodigitale.it\/de\/digitalschule-3\/\" data-type=\"page\" data-id=\"182\">\u00f6ffentliche Verwaltung<\/a><\/p>\n<\/div>\n<\/div>\n\n<div class=\"wp-block-group clearfix mb-2\"><div class=\"wp-block-group__inner-container is-layout-constrained wp-block-group-is-layout-constrained\">\n<h2 class=\"h4 fw-normal mb-4 float-start mr-3 mt-1 wp-block-heading\"><em>Stufe 1<\/em><\/h2>\n\n\n\n<div class=\"wp-block-buttons is-content-justification-right is-layout-flex wp-container-core-buttons-is-layout-765c4724 wp-block-buttons-is-layout-flex\">\n<div class=\"wp-block-button\"><a class=\"wp-block-button__link wp-element-button\" href=\"https:\/\/viareggiodigitale.it\/de\/digitalschule\/buerger-stufe-1\/\">Siehe alle<\/a><\/div>\n<\/div>\n<\/div><\/div>\n<div class=\"row\">\n<div class=\"col-lg-4\">\n<div class=\"vidblk mb-5\">\n<p class=\"videotb\"><a href=\"https:\/\/viareggiodigitale.it\/de\/video\/wie-man-sperr-und-sondermuell-entsorgt\/\" class=\"openvid vidbg\" data-vid=\"w9JE_gpSOIY\" style=\"background-image: url(https:\/\/img.youtube.com\/vi\/w9JE_gpSOIY\/hqdefault.jpg)\"><\/a><\/p>\n<p class=\"metavideo d-flex justify-content-start\">\n<span class=\"px-1 fw-bold\"><a href=\"https:\/\/viareggiodigitale.it\/de\/argomento\/sea-risorse-de\/\" class=\"argcat\">Sea Risorse<\/a><\/span>\n<span class=\"lvllist ms-auto\"><span class=\"lvllbl\">Stufe<\/span> \n<span class=\"lvlel\">1<\/span>\n<\/span>\n<\/p>\n<h3 class=\"h5 fw-bold title entry-title mb-4\"><a href=\"https:\/\/www.youtube.com\/watch?v=w9JE_gpSOIY\" class=\"openvid\" data-vid=\"w9JE_gpSOIY\">Wie man Sperr und Sonderm\u00fcll entsorgt<\/a><\/h3>\n<div class=\"d-none videodescr\"><div><\/div><div class=\"pt-3\"><p>Um Untertitel in Ihrer Sprache anzuzeigen, klicken Sie auf das Zahnradsymbol &#8222;Einstellungen&#8220; und w\u00e4hlen Sie unter &#8222;Untertitel&#8220; Ihre Sprache aus.<\/p>\n<\/div><\/div>\n<p><a href=\"https:\/\/www.youtube.com\/watch?v=w9JE_gpSOIY\" class=\"openvid\" data-vid=\"w9JE_gpSOIY\"><strong>JETZT ANSCHAUEN \u2192<\/strong><\/a><\/p>\n<\/div>\n<\/div>\n<div class=\"col-lg-4\">\n<div class=\"vidblk mb-5\">\n<p class=\"videotb\"><a href=\"https:\/\/viareggiodigitale.it\/de\/video\/wie-man-abfall-trennt\/\" class=\"openvid vidbg\" data-vid=\"_I0qaYejQvo\" style=\"background-image: url(https:\/\/img.youtube.com\/vi\/_I0qaYejQvo\/hqdefault.jpg)\"><\/a><\/p>\n<p class=\"metavideo d-flex justify-content-start\">\n<span class=\"px-1 fw-bold\"><a href=\"https:\/\/viareggiodigitale.it\/de\/argomento\/sea-ambiente-de\/\" class=\"argcat\">Sea Ambiente<\/a>, <a href=\"https:\/\/viareggiodigitale.it\/de\/argomento\/sea-risorse-de\/\" class=\"argcat\">Sea Risorse<\/a><\/span>\n<span class=\"lvllist ms-auto\"><span class=\"lvllbl\">Stufe<\/span> \n<span class=\"lvlel\">1<\/span>\n<\/span>\n<\/p>\n<h3 class=\"h5 fw-bold title entry-title mb-4\"><a href=\"https:\/\/www.youtube.com\/watch?v=_I0qaYejQvo\" class=\"openvid\" data-vid=\"_I0qaYejQvo\">Wie man Abfall trennt<\/a><\/h3>\n<div class=\"d-none videodescr\"><div><\/div><div class=\"pt-3\"><p>Um Untertitel in Ihrer Sprache anzuzeigen, klicken Sie auf das Zahnradsymbol &#8222;Einstellungen&#8220; und w\u00e4hlen Sie unter &#8222;Untertitel&#8220; Ihre Sprache aus.<\/p>\n<\/div><\/div>\n<p><a href=\"https:\/\/www.youtube.com\/watch?v=_I0qaYejQvo\" class=\"openvid\" data-vid=\"_I0qaYejQvo\"><strong>JETZT ANSCHAUEN \u2192<\/strong><\/a><\/p>\n<\/div>\n<\/div>\n<div class=\"col-lg-4\">\n<div class=\"vidblk mb-5\">\n<p class=\"videotb\"><a href=\"https:\/\/viareggiodigitale.it\/de\/video\/mover-wie-sie-interaktive-karten-von-parkplaetzen-und-strassenarbeiten-abrufen-koennen\/\" class=\"openvid vidbg\" data-vid=\"y0MelhHEQ5g\" style=\"background-image: url(https:\/\/img.youtube.com\/vi\/y0MelhHEQ5g\/hqdefault.jpg)\"><\/a><\/p>\n<p class=\"metavideo d-flex justify-content-start\">\n<span class=\"px-1 fw-bold\"><a href=\"https:\/\/viareggiodigitale.it\/de\/argomento\/mover-de\/\" class=\"argcat\">Mover<\/a><\/span>\n<span class=\"lvllist ms-auto\"><span class=\"lvllbl\">Stufe<\/span> \n<span class=\"lvlel\">1<\/span>\n<\/span>\n<\/p>\n<h3 class=\"h5 fw-bold title entry-title mb-4\"><a href=\"https:\/\/www.youtube.com\/watch?v=y0MelhHEQ5g\" class=\"openvid\" data-vid=\"y0MelhHEQ5g\">Mover: wie Sie interaktive Karten von Parkpl\u00e4tzen und Stra\u00dfenarbeiten abrufen k\u00f6nnen<\/a><\/h3>\n<div class=\"d-none videodescr\"><div><\/div><div class=\"pt-3\"><p>Um Untertitel in Ihrer Sprache anzuzeigen, klicken Sie auf das Zahnradsymbol &#8222;Einstellungen&#8220; und w\u00e4hlen Sie unter &#8222;Untertitel&#8220; Ihre Sprache aus.<\/p>\n<\/div><\/div>\n<p><a href=\"https:\/\/www.youtube.com\/watch?v=y0MelhHEQ5g\" class=\"openvid\" data-vid=\"y0MelhHEQ5g\"><strong>JETZT ANSCHAUEN \u2192<\/strong><\/a><\/p>\n<\/div>\n<\/div>\n<\/div>\n\n<div class=\"wp-block-group clearfix mb-2\"><div class=\"wp-block-group__inner-container is-layout-constrained wp-block-group-is-layout-constrained\">\n<h2 class=\"h4 fw-normal mb-4 float-start mr-3 mt-1 wp-block-heading\"><em>Stufe 2<\/em><\/h2>\n\n\n\n<div class=\"wp-block-buttons is-content-justification-right is-layout-flex wp-container-core-buttons-is-layout-765c4724 wp-block-buttons-is-layout-flex\">\n<div class=\"wp-block-button\"><a class=\"wp-block-button__link wp-element-button\" href=\"https:\/\/viareggiodigitale.it\/de\/digitalschule\/buerger-stufe-2\/\">Siehe alle<\/a><\/div>\n<\/div>\n<\/div><\/div>\n<div class=\"row\">\n<div class=\"col-lg-4\">\n<div class=\"vidblk mb-5\">\n<p class=\"videotb\"><a href=\"https:\/\/viareggiodigitale.it\/de\/video\/wie-man-computergestuetzte-oekologische-inseln-cam-verwendet\/\" class=\"openvid vidbg\" data-vid=\"zU-PU02_dNI\" style=\"background-image: url(https:\/\/img.youtube.com\/vi\/zU-PU02_dNI\/hqdefault.jpg)\"><\/a><\/p>\n<p class=\"metavideo d-flex justify-content-start\">\n<span class=\"px-1 fw-bold\"><a href=\"https:\/\/viareggiodigitale.it\/de\/argomento\/sea-ambiente-de\/\" class=\"argcat\">Sea Ambiente<\/a>, <a href=\"https:\/\/viareggiodigitale.it\/de\/argomento\/sea-risorse-de\/\" class=\"argcat\">Sea Risorse<\/a><\/span>\n<span class=\"lvllist ms-auto\"><span class=\"lvllbl\">Stufe<\/span> \n<span class=\"lvlel\">2<\/span>\n<\/span>\n<\/p>\n<h3 class=\"h5 fw-bold title entry-title mb-4\"><a href=\"https:\/\/www.youtube.com\/watch?v=zU-PU02_dNI\" class=\"openvid\" data-vid=\"zU-PU02_dNI\">Wie man computergest\u00fctzte \u00f6kologische Inseln (CAM) verwendet<\/a><\/h3>\n<div class=\"d-none videodescr\"><div><\/div><div class=\"pt-3\"><p>Um Untertitel in Ihrer Sprache anzuzeigen, klicken Sie auf das Zahnradsymbol &#8222;Einstellungen&#8220; und w\u00e4hlen Sie unter &#8222;Untertitel&#8220; Ihre Sprache aus.<\/p>\n<\/div><\/div>\n<p><a href=\"https:\/\/www.youtube.com\/watch?v=zU-PU02_dNI\" class=\"openvid\" data-vid=\"zU-PU02_dNI\"><strong>JETZT ANSCHAUEN \u2192<\/strong><\/a><\/p>\n<\/div>\n<\/div>\n<div class=\"col-lg-4\">\n<div class=\"vidblk mb-5\">\n<p class=\"videotb\"><a href=\"https:\/\/viareggiodigitale.it\/de\/video\/mover-app-ihr-parkplatz-mit-einem-mausklick\/\" class=\"openvid vidbg\" data-vid=\"JjHuIUw2iNQ\" style=\"background-image: url(https:\/\/img.youtube.com\/vi\/JjHuIUw2iNQ\/hqdefault.jpg)\"><\/a><\/p>\n<p class=\"metavideo d-flex justify-content-start\">\n<span class=\"px-1 fw-bold\"><a href=\"https:\/\/viareggiodigitale.it\/de\/argomento\/mover-de\/\" class=\"argcat\">Mover<\/a><\/span>\n<span class=\"lvllist ms-auto\"><span class=\"lvllbl\">Stufe<\/span> \n<span class=\"lvlel\">2<\/span>\n<\/span>\n<\/p>\n<h3 class=\"h5 fw-bold title entry-title mb-4\"><a href=\"https:\/\/www.youtube.com\/watch?v=JjHuIUw2iNQ\" class=\"openvid\" data-vid=\"JjHuIUw2iNQ\">Mover-App: Ihr Parkplatz mit einem Mausklick<\/a><\/h3>\n<div class=\"d-none videodescr\"><div><\/div><div class=\"pt-3\"><p>Um Untertitel in Ihrer Sprache anzuzeigen, klicken Sie auf das Zahnradsymbol &#8222;Einstellungen&#8220; und w\u00e4hlen Sie unter &#8222;Untertitel&#8220; Ihre Sprache aus.<\/p>\n<\/div><\/div>\n<p><a href=\"https:\/\/www.youtube.com\/watch?v=JjHuIUw2iNQ\" class=\"openvid\" data-vid=\"JjHuIUw2iNQ\"><strong>JETZT ANSCHAUEN \u2192<\/strong><\/a><\/p>\n<\/div>\n<\/div>\n<div class=\"col-lg-4\">\n<div class=\"vidblk mb-5\">\n<p class=\"videotb\"><a href=\"https:\/\/viareggiodigitale.it\/de\/video\/icare-die-app-der-stadtapotheke-viareggio\/\" class=\"openvid vidbg\" data-vid=\"Y4SUEETURok\" style=\"background-image: url(https:\/\/img.youtube.com\/vi\/Y4SUEETURok\/hqdefault.jpg)\"><\/a><\/p>\n<p class=\"metavideo d-flex justify-content-start\">\n<span class=\"px-1 fw-bold\"><a href=\"https:\/\/viareggiodigitale.it\/de\/argomento\/gesundheit\/\" class=\"argcat\">Gesundheit<\/a>, <a href=\"https:\/\/viareggiodigitale.it\/de\/argomento\/icare-de\/\" class=\"argcat\">iCARE<\/a><\/span>\n<span class=\"lvllist ms-auto\"><span class=\"lvllbl\">Stufe<\/span> \n<span class=\"lvlel\">2<\/span>\n<\/span>\n<\/p>\n<h3 class=\"h5 fw-bold title entry-title mb-4\"><a href=\"https:\/\/www.youtube.com\/watch?v=Y4SUEETURok\" class=\"openvid\" data-vid=\"Y4SUEETURok\">iCare &#8211; Die App der Stadtapotheke Viareggio<\/a><\/h3>\n<div class=\"d-none videodescr\"><div><\/div><div class=\"pt-3\"><p>Um Untertitel in Ihrer Sprache anzuzeigen, klicken Sie auf das Zahnradsymbol &#8222;Einstellungen&#8220; und w\u00e4hlen Sie unter &#8222;Untertitel&#8220; Ihre Sprache aus.<\/p>\n<\/div><\/div>\n<p><a href=\"https:\/\/www.youtube.com\/watch?v=Y4SUEETURok\" class=\"openvid\" data-vid=\"Y4SUEETURok\"><strong>JETZT ANSCHAUEN \u2192<\/strong><\/a><\/p>\n<\/div>\n<\/div>\n<\/div>\n\n<div class=\"wp-block-group clearfix mb-2\"><div class=\"wp-block-group__inner-container is-layout-constrained wp-block-group-is-layout-constrained\">\n<h2 class=\"h4 fw-normal mb-4 float-start mr-3 mt-1 wp-block-heading\"><em>Stufe <\/em>3<\/h2>\n\n\n\n<div class=\"wp-block-buttons is-content-justification-right is-layout-flex wp-container-core-buttons-is-layout-765c4724 wp-block-buttons-is-layout-flex\">\n<div class=\"wp-block-button\"><a class=\"wp-block-button__link wp-element-button\" href=\"https:\/\/viareggiodigitale.it\/de\/digitalschule\/buerger-stufe-3\/\">Siehe alle<\/a><\/div>\n<\/div>\n<\/div><\/div>\n<div class=\"row\">\n<div class=\"col-lg-4\">\n<div class=\"vidblk mb-5\">\n<p class=\"videotb\"><a href=\"https:\/\/viareggiodigitale.it\/de\/video\/steuerberatung-wie-man-nach-steuercodes-sucht\/\" class=\"openvid vidbg\" data-vid=\"Wh8m-YYBphA\" style=\"background-image: url(https:\/\/img.youtube.com\/vi\/Wh8m-YYBphA\/hqdefault.jpg)\"><\/a><\/p>\n<p class=\"metavideo d-flex justify-content-start\">\n\n<span class=\"lvllist ms-auto\"><span class=\"lvllbl\">Stufe<\/span> \n<span class=\"lvlel\">3<\/span>\n<\/span>\n<\/p>\n<h3 class=\"h5 fw-bold title entry-title mb-4\"><a href=\"https:\/\/www.youtube.com\/watch?v=Wh8m-YYBphA\" class=\"openvid\" data-vid=\"Wh8m-YYBphA\">Steuerberatung &#8211; Wie man nach Steuercodes sucht<\/a><\/h3>\n<div class=\"d-none videodescr\"><div><!-- wp:paragraph {\"translatedWithWPMLTM\":\"1\"} -->\n<p>Video realisiert von: Agenzia delle Entrate<\/p>\n<!-- \/wp:paragraph --><\/div><div class=\"pt-3\"><p>Um Untertitel in Ihrer Sprache anzuzeigen, klicken Sie auf das Zahnradsymbol &#8222;Einstellungen&#8220; und w\u00e4hlen Sie unter &#8222;Untertitel&#8220; Ihre Sprache aus.<\/p>\n<\/div><\/div>\n<p><a href=\"https:\/\/www.youtube.com\/watch?v=Wh8m-YYBphA\" class=\"openvid\" data-vid=\"Wh8m-YYBphA\"><strong>JETZT ANSCHAUEN \u2192<\/strong><\/a><\/p>\n<\/div>\n<\/div>\n<div class=\"col-lg-4\">\n<div class=\"vidblk mb-5\">\n<p class=\"videotb\"><a href=\"https:\/\/viareggiodigitale.it\/de\/video\/io-app-wie-man-mit-cie-auf-io-zugreift\/\" class=\"openvid vidbg\" data-vid=\"du8ouWLIOY4\" style=\"background-image: url(https:\/\/img.youtube.com\/vi\/du8ouWLIOY4\/hqdefault.jpg)\"><\/a><\/p>\n<p class=\"metavideo d-flex justify-content-start\">\n<span class=\"px-1 fw-bold\"><a href=\"https:\/\/viareggiodigitale.it\/de\/argomento\/app-io-de\/\" class=\"argcat\">App IO<\/a>, <a href=\"https:\/\/viareggiodigitale.it\/de\/argomento\/cie-de\/\" class=\"argcat\">CIE<\/a><\/span>\n<span class=\"lvllist ms-auto\"><span class=\"lvllbl\">Stufe<\/span> \n<span class=\"lvlel\">3<\/span>\n<\/span>\n<\/p>\n<h3 class=\"h5 fw-bold title entry-title mb-4\"><a href=\"https:\/\/www.youtube.com\/watch?v=du8ouWLIOY4\" class=\"openvid\" data-vid=\"du8ouWLIOY4\">IO App &#8211; Wie man mit CIE auf IO zugreift<\/a><\/h3>\n<div class=\"d-none videodescr\"><div><!-- wp:paragraph {\"translatedWithWPMLTM\":\"1\"} -->\n<p>Video realisiert von: IO, l'app dei servizi pubblici<\/p>\n<!-- \/wp:paragraph --><\/div><div class=\"pt-3\"><p>Um Untertitel in Ihrer Sprache anzuzeigen, klicken Sie auf das Zahnradsymbol &#8222;Einstellungen&#8220; und w\u00e4hlen Sie unter &#8222;Untertitel&#8220; Ihre Sprache aus.<\/p>\n<\/div><\/div>\n<p><a href=\"https:\/\/www.youtube.com\/watch?v=du8ouWLIOY4\" class=\"openvid\" data-vid=\"du8ouWLIOY4\"><strong>JETZT ANSCHAUEN \u2192<\/strong><\/a><\/p>\n<\/div>\n<\/div>\n<div class=\"col-lg-4\">\n<div class=\"vidblk mb-5\">\n<p class=\"videotb\"><a href=\"https:\/\/viareggiodigitale.it\/de\/video\/spid-wo-wird-es-verwendet\/\" class=\"openvid vidbg\" data-vid=\"maeXF12Mry8\" style=\"background-image: url(https:\/\/img.youtube.com\/vi\/maeXF12Mry8\/hqdefault.jpg)\"><\/a><\/p>\n<p class=\"metavideo d-flex justify-content-start\">\n<span class=\"px-1 fw-bold\"><a href=\"https:\/\/viareggiodigitale.it\/de\/argomento\/spid-de\/\" class=\"argcat\">Spid<\/a><\/span>\n<span class=\"lvllist ms-auto\"><span class=\"lvllbl\">Stufe<\/span> \n<span class=\"lvlel\">3<\/span>\n<\/span>\n<\/p>\n<h3 class=\"h5 fw-bold title entry-title mb-4\"><a href=\"https:\/\/www.youtube.com\/watch?v=maeXF12Mry8\" class=\"openvid\" data-vid=\"maeXF12Mry8\">Spid &#8211; Wo wird es verwendet?<\/a><\/h3>\n<div class=\"d-none videodescr\"><div><!-- wp:paragraph {\"translatedWithWPMLTM\":\"1\"} -->\n<p>Video realisiert von: Agid<\/p>\n<!-- \/wp:paragraph --><\/div><div class=\"pt-3\"><p>Um Untertitel in Ihrer Sprache anzuzeigen, klicken Sie auf das Zahnradsymbol &#8222;Einstellungen&#8220; und w\u00e4hlen Sie unter &#8222;Untertitel&#8220; Ihre Sprache aus.<\/p>\n<\/div><\/div>\n<p><a href=\"https:\/\/www.youtube.com\/watch?v=maeXF12Mry8\" class=\"openvid\" data-vid=\"maeXF12Mry8\"><strong>JETZT ANSCHAUEN \u2192<\/strong><\/a><\/p>\n<\/div>\n<\/div>\n<\/div>\n","protected":false},"excerpt":{"rendered":"<p>Greifen Sie auf die Tutorials zu und entwickeln Sie Ihre digitalen F\u00e4higkeiten. Entdecken Sie ein neues Modell der st\u00e4dtischen Innovation,&hellip;<\/p>\n<p class=\"rmore mb-0\"><a class=\"websoup-read-more-link fw-bold\" href=\"https:\/\/viareggiodigitale.it\/de\/video\/spid-wo-wird-es-verwendet\/\">Read More \u2192<\/a><\/p>\n","protected":false},"author":1,"featured_media":0,"parent":0,"menu_order":0,"comment_status":"closed","ping_status":"closed","template":"","meta":{"_acf_changed":false,"footnotes":""},"argomento":[],"class_list":["post-453","page","type-page","status-publish","hentry"],"acf":[],"_links":{"self":[{"href":"https:\/\/viareggiodigitale.it\/de\/wp-json\/wp\/v2\/pages\/453","targetHints":{"allow":["GET"]}}],"collection":[{"href":"https:\/\/viareggiodigitale.it\/de\/wp-json\/wp\/v2\/pages"}],"about":[{"href":"https:\/\/viareggiodigitale.it\/de\/wp-json\/wp\/v2\/types\/page"}],"author":[{"embeddable":true,"href":"https:\/\/viareggiodigitale.it\/de\/wp-json\/wp\/v2\/users\/1"}],"replies":[{"embeddable":true,"href":"https:\/\/viareggiodigitale.it\/de\/wp-json\/wp\/v2\/comments?post=453"}],"version-history":[{"count":1,"href":"https:\/\/viareggiodigitale.it\/de\/wp-json\/wp\/v2\/pages\/453\/revisions"}],"predecessor-version":[{"id":454,"href":"https:\/\/viareggiodigitale.it\/de\/wp-json\/wp\/v2\/pages\/453\/revisions\/454"}],"wp:attachment":[{"href":"https:\/\/viareggiodigitale.it\/de\/wp-json\/wp\/v2\/media?parent=453"}],"wp:term":[{"taxonomy":"argomento","embeddable":true,"href":"https:\/\/viareggiodigitale.it\/de\/wp-json\/wp\/v2\/argomento?post=453"}],"curies":[{"name":"wp","href":"https:\/\/api.w.org\/{rel}","templated":true}]}}