{"id":511,"date":"2023-03-02T00:33:15","date_gmt":"2023-03-01T23:33:15","guid":{"rendered":"https:\/\/viareggiodigitale.it\/oeffentliche-verwaltung-stufe-1\/"},"modified":"2023-03-30T12:44:41","modified_gmt":"2023-03-30T10:44:41","slug":"oeffentliche-verwaltung-stufe-1","status":"publish","type":"page","link":"https:\/\/viareggiodigitale.it\/de\/digitalschule-3\/oeffentliche-verwaltung-stufe-1\/","title":{"rendered":"\u00f6ffentliche Verwaltung: Stufe 1"},"content":{"rendered":"<div class=\"row\">\n<div class=\"col-lg-4\">\n<div class=\"vidblk mb-5\">\n<p class=\"videotb\"><a href=\"https:\/\/viareggiodigitale.it\/de\/video\/viareggio-digitale-die-intelligente-stadt-beginnt-mit-ihnen\/\" class=\"openvid vidbg\" data-vid=\"w56NxGR9Hbs\" style=\"background-image: url(https:\/\/img.youtube.com\/vi\/w56NxGR9Hbs\/hqdefault.jpg)\"><\/a><\/p>\n<p class=\"metavideo d-flex justify-content-start\">\n<span class=\"px-1 fw-bold\"><a href=\"https:\/\/viareggiodigitale.it\/de\/argomento\/viareggio-digitale-de\/\" class=\"argcat\">Viareggio Digitale<\/a><\/span>\n<span class=\"lvllist ms-auto\"><span class=\"lvllbl\">Stufe<\/span> \n<span class=\"lvlel\">1<\/span>\n<\/span>\n<\/p>\n<h3 class=\"h5 fw-bold title entry-title mb-4\"><a href=\"https:\/\/www.youtube.com\/watch?v=w56NxGR9Hbs\" class=\"openvid\" data-vid=\"w56NxGR9Hbs\">Viareggio Digitale &#8211; Die intelligente Stadt beginnt mit Ihnen<\/a><\/h3>\n<div class=\"d-none videodescr\"><div><\/div><div class=\"pt-3\"><p>Um Untertitel in Ihrer Sprache anzuzeigen, klicken Sie auf das Zahnradsymbol &#8222;Einstellungen&#8220; und w\u00e4hlen Sie unter &#8222;Untertitel&#8220; Ihre Sprache aus.<\/p>\n<\/div><\/div>\n<p><a href=\"https:\/\/www.youtube.com\/watch?v=w56NxGR9Hbs\" class=\"openvid\" data-vid=\"w56NxGR9Hbs\"><strong>JETZT ANSCHAUEN \u2192<\/strong><\/a><\/p>\n<\/div>\n<\/div>\n<div class=\"col-lg-4\">\n<div class=\"vidblk mb-5\">\n<p class=\"videotb\"><a class=\"imagetb bgcover\" href=\"https:\/\/viareggiodigitale.it\/de\/video\/alles-ueber-das-parken-in-viareggio\/\" style=\"background-image: url(https:\/\/viareggiodigitale.it\/wp-content\/uploads\/2023\/03\/Screenshot-2023-03-31-at-11-52-48-MoVer-730x355.jpg)\"><\/a><\/p>\n<p class=\"metavideo d-flex justify-content-start\">\n<span class=\"px-1 fw-bold\"><a href=\"https:\/\/viareggiodigitale.it\/de\/argomento\/mover-de\/\" class=\"argcat\">Mover<\/a><\/span>\n<span class=\"lvllist ms-auto\"><span class=\"lvllbl\">Stufe<\/span> \n<span class=\"lvlel\">1<\/span>\n<\/span>\n<\/p>\n<h3 class=\"h5 fw-bold title entry-title mb-4\"><a href=\"https:\/\/viareggiodigitale.it\/de\/video\/alles-ueber-das-parken-in-viareggio\/\">Alles \u00fcber das Parken in Viareggio<\/a><\/h3>\n<div class=\"d-none videodescr\"><div><!-- wp:heading -->\n<h2 class=\"wp-block-heading\">MO.VER.<\/h2>\n<!-- \/wp:heading --><!-- wp:paragraph {\"translatedWithWPMLTM\":\"1\"} -->\n<p><strong>Alle Informationen zu Ihrer Verf\u00fcgung, online.<\/strong>.<\/p>\n<!-- \/wp:paragraph --><!-- wp:paragraph {\"translatedWithWPMLTM\":\"1\"} -->\n<p>M\u00f6chten Sie sich \u00fcber Zonen, Standorte von Parkuhren, Tarife, Abonnementarten und deren Kosten informieren? <br\/>Das k\u00f6nnen Sie bequem online schnell und einfach tun.<br\/> Gehen Sie auf <a href=\"http:\/\/www.moverspa.it\/\">www.moverspa.it<\/a>, klicken Sie im Men\u00fc auf STOPPEN IN DER STADT und rufen Sie alle Informationen ab, die Sie ben\u00f6tigen.<\/p>\n<!-- \/wp:paragraph --><!-- wp:image {\"id\":578,\"sizeSlug\":\"full\",\"linkDestination\":\"none\"} -->\n<figure class=\"wp-block-image size-full\"><img loading=\"lazy\" decoding=\"async\" width=\"1017\" height=\"271\" src=\"https:\/\/viareggiodigitale.it\/wp-content\/uploads\/2023\/03\/immagine.png\" alt=\"Schermata  del sito con i servizi offerti da MO.VER.\" class=\"wp-image-578\" srcset=\"https:\/\/viareggiodigitale.it\/wp-content\/uploads\/2023\/03\/immagine.png 1017w, https:\/\/viareggiodigitale.it\/wp-content\/uploads\/2023\/03\/immagine-730x195.png 730w, https:\/\/viareggiodigitale.it\/wp-content\/uploads\/2023\/03\/immagine-768x205.png 768w\" sizes=\"auto, (max-width: 1017px) 100vw, 1017px\" \/><\/figure>\n<!-- \/wp:image --><!-- wp:paragraph {\"translatedWithWPMLTM\":\"1\"} -->\n<p>Wenn Sie auf das Symbol ABONNIEREN klicken, k\u00f6nnen Sie das Profil ausw\u00e4hlen, das Sie interessiert, dargestellt durch <strong>8 Symbole<\/strong> (Einwohner, Nicht-Einwohner, M\u00fctter, Angeh\u00f6rige der Gesundheitsberufe, Arbeitnehmer, Gesch\u00e4ftsleute, Badeanstalten, Hotels).<\/p>\n<!-- \/wp:paragraph --><!-- wp:paragraph {\"translatedWithWPMLTM\":\"1\"} -->\n<p>Sie enthalten jeweils Links zu den entsprechenden Formularen, der Preisliste (falls zutreffend) und den Genehmigungen.<\/p>\n<!-- \/wp:paragraph --><!-- wp:paragraph {\"translatedWithWPMLTM\":\"1\"} -->\n<p>Durch Anklicken von DISZIPLINEN UND TARIFEN erhalten Sie Zugang zu den Links, um die <strong>Tarifprofile<\/strong> f\u00fcr die verschiedenen Benutzerkategorien und die von der Geb\u00fchrenerhebung betroffenen Stra\u00dfen mit ihren Regelungen und Zeitpl\u00e4nen sowie die <strong>Parkordnung<\/strong> und die verschiedenen <strong>Beschl\u00fcsse<\/strong> einzusehen.<\/p>\n<!-- \/wp:paragraph --><!-- wp:paragraph {\"translatedWithWPMLTM\":\"1\"} -->\n<p>Wenn Sie auf das Symbol APP MOVER VIAREGGIO klicken, k\u00f6nnen Sie alle M\u00f6glichkeiten der oben genannten App, die in Viareggio verwendet wird, entdecken und die App \u00fcber die Schaltfl\u00e4chen auf der Seite <strong>\"Verf\u00fcgbar im App Store\"<\/strong> und <strong>\"Verf\u00fcgbar bei Google Play\"<\/strong> herunterladen. Au\u00dferdem k\u00f6nnen Sie, wenn Sie zum Ende der Seite scrollen, auf den Link <strong>Andere APPs, die f\u00fcr das Bezahlen von Parkpl\u00e4tzen in der Stadt verf\u00fcgbar sind<\/strong> zugreifen, ein Link, der eine vollst\u00e4ndige Liste enth\u00e4lt.<\/p>\n<!-- \/wp:paragraph --><!-- wp:paragraph {\"translatedWithWPMLTM\":\"1\"} -->\n<p>Wenn Sie auf das Symbol KOSTENLOSES PARKEN klicken, k\u00f6nnen Sie \u00fcber den Link zur interaktiven Karte kostenlose Parkpl\u00e4tze, geb\u00fchrenpflichtige Bereiche und Radwege ausfindig machen.<\/p>\n<!-- \/wp:paragraph --><!-- wp:paragraph {\"translatedWithWPMLTM\":\"1\"} -->\n<p>zu einer Karte, auf der <strong>Standorte und Verkaufsstellen<\/strong>, <strong>bezahlte Parkfl\u00e4chen<\/strong> und die n\u00e4chstgelegene <strong>Parkuhr<\/strong> verzeichnet sind.<\/p>\n<!-- \/wp:paragraph --><!-- wp:paragraph {\"translatedWithWPMLTM\":\"1\"} -->\n<p>Apropos Parkuhren: Das entsprechende Symbol erm\u00f6glicht es Ihnen, die 4 Arten von Parkuhren in der Gemeinde zu entdecken und auch hier die INTERAKTIVE PARKKKARTE zu konsultieren.<\/p>\n<!-- \/wp:paragraph --><\/div><div class=\"pt-3\"><p>Um Untertitel in Ihrer Sprache anzuzeigen, klicken Sie auf das Zahnradsymbol &#8222;Einstellungen&#8220; und w\u00e4hlen Sie unter &#8222;Untertitel&#8220; Ihre Sprache aus.<\/p>\n<\/div><\/div>\n<p><a class=\"text-uppercase\" href=\"https:\/\/viareggiodigitale.it\/de\/video\/alles-ueber-das-parken-in-viareggio\/\"><strong>Read More \u2192<\/strong><\/a><\/p>\n<\/div>\n<\/div>\n<div class=\"col-lg-4\">\n<div class=\"vidblk mb-5\">\n<p class=\"videotb\"><a href=\"https:\/\/viareggiodigitale.it\/de\/video\/webinar-digital-schule-2022-2026\/\" class=\"openvid vidbg\" data-vid=\"_8n_HFwWfi8\" style=\"background-image: url(https:\/\/img.youtube.com\/vi\/_8n_HFwWfi8\/hqdefault.jpg)\"><\/a><\/p>\n<p class=\"metavideo d-flex justify-content-start\">\n\n<span class=\"lvllist ms-auto\"><span class=\"lvllbl\">Stufe<\/span> \n<span class=\"lvlel\">1<\/span>\n<span class=\"lvlel\">2<\/span>\n<\/span>\n<\/p>\n<h3 class=\"h5 fw-bold title entry-title mb-4\"><a href=\"https:\/\/www.youtube.com\/watch?v=_8n_HFwWfi8\" class=\"openvid\" data-vid=\"_8n_HFwWfi8\">Webinar: Digital Schule 2022 &#8211; 2026<\/a><\/h3>\n<div class=\"d-none videodescr\"><div><!-- wp:paragraph {\"translatedWithWPMLTM\":\"1\"} -->\n<p>Video realisiert von:: Ministero dell'Istruzione<\/p>\n<!-- \/wp:paragraph --><\/div><div class=\"pt-3\"><p>Um Untertitel in Ihrer Sprache anzuzeigen, klicken Sie auf das Zahnradsymbol &#8222;Einstellungen&#8220; und w\u00e4hlen Sie unter &#8222;Untertitel&#8220; Ihre Sprache aus.<\/p>\n<\/div><\/div>\n<p><a href=\"https:\/\/www.youtube.com\/watch?v=_8n_HFwWfi8\" class=\"openvid\" data-vid=\"_8n_HFwWfi8\"><strong>JETZT ANSCHAUEN \u2192<\/strong><\/a><\/p>\n<\/div>\n<\/div>\n<div class=\"col-lg-4\">\n<div class=\"vidblk mb-5\">\n<p class=\"videotb\"><a href=\"https:\/\/viareggiodigitale.it\/de\/video\/wie-sie-die-daten-und-dienste-ihrer-schule-klassifizieren\/\" class=\"openvid vidbg\" data-vid=\"IR6nWFk6Ll4\" style=\"background-image: url(https:\/\/img.youtube.com\/vi\/IR6nWFk6Ll4\/hqdefault.jpg)\"><\/a><\/p>\n<p class=\"metavideo d-flex justify-content-start\">\n<span class=\"px-1 fw-bold\"><a href=\"https:\/\/viareggiodigitale.it\/de\/argomento\/schule\/\" class=\"argcat\">Schule<\/a><\/span>\n<span class=\"lvllist ms-auto\"><span class=\"lvllbl\">Stufe<\/span> \n<span class=\"lvlel\">1<\/span>\n<span class=\"lvlel\">2<\/span>\n<\/span>\n<\/p>\n<h3 class=\"h5 fw-bold title entry-title mb-4\"><a href=\"https:\/\/www.youtube.com\/watch?v=IR6nWFk6Ll4\" class=\"openvid\" data-vid=\"IR6nWFk6Ll4\">Wie Sie die Daten und Dienste Ihrer Schule klassifizieren<\/a><\/h3>\n<div class=\"d-none videodescr\"><div><!-- wp:paragraph {\"translatedWithWPMLTM\":\"1\"} -->\n<p>Video realisiert von: Dipartimento per la trasformazione digitale<\/p>\n<!-- \/wp:paragraph --><\/div><div class=\"pt-3\"><p>Um Untertitel in Ihrer Sprache anzuzeigen, klicken Sie auf das Zahnradsymbol &#8222;Einstellungen&#8220; und w\u00e4hlen Sie unter &#8222;Untertitel&#8220; Ihre Sprache aus.<\/p>\n<\/div><\/div>\n<p><a href=\"https:\/\/www.youtube.com\/watch?v=IR6nWFk6Ll4\" class=\"openvid\" data-vid=\"IR6nWFk6Ll4\"><strong>JETZT ANSCHAUEN \u2192<\/strong><\/a><\/p>\n<\/div>\n<\/div>\n<div class=\"col-lg-4\">\n<div class=\"vidblk mb-5\">\n<p class=\"videotb\"><a href=\"https:\/\/viareggiodigitale.it\/de\/video\/cloud-italia-il-cloud-della-pubblica-amministrazione-come-effettuare-la-classificazione-di-dati-e-servizi-per-la-migrazione-al-cloud\/\" class=\"openvid vidbg\" data-vid=\"r2QD-uGbI7M\" style=\"background-image: url(https:\/\/img.youtube.com\/vi\/r2QD-uGbI7M\/hqdefault.jpg)\"><\/a><\/p>\n<p class=\"metavideo d-flex justify-content-start\">\n<span class=\"vidcat\">Pubblica amministrazione<\/span>\n<span class=\"px-1 fw-bold\"><a href=\"https:\/\/viareggiodigitale.it\/de\/argomento\/cloud-italia\/\" class=\"argcat\">Cloud Italia<\/a><\/span>\n<span class=\"lvllist ms-auto\"><span class=\"lvllbl\">Stufe<\/span> \n<span class=\"lvlel\">1<\/span>\n<span class=\"lvlel\">2<\/span>\n<\/span>\n<\/p>\n<h3 class=\"h5 fw-bold title entry-title mb-4\"><a href=\"https:\/\/www.youtube.com\/watch?v=r2QD-uGbI7M\" class=\"openvid\" data-vid=\"r2QD-uGbI7M\">Cloud Italia. Il Cloud Della pubblica Amministrazione &#8211; Come effettuare la classificazione di dati e servizi per la migrazione al cloud<\/a><\/h3>\n<div class=\"d-none videodescr\"><div><!-- wp:paragraph -->\n<p>Video realizzato da: Dipartimento per la trasformazione digitale<\/p>\n<!-- \/wp:paragraph --><\/div><div class=\"pt-3\"><p>Um Untertitel in Ihrer Sprache anzuzeigen, klicken Sie auf das Zahnradsymbol &#8222;Einstellungen&#8220; und w\u00e4hlen Sie unter &#8222;Untertitel&#8220; Ihre Sprache aus.<\/p>\n<\/div><\/div>\n<p><a href=\"https:\/\/www.youtube.com\/watch?v=r2QD-uGbI7M\" class=\"openvid\" data-vid=\"r2QD-uGbI7M\"><strong>JETZT ANSCHAUEN \u2192<\/strong><\/a><\/p>\n<\/div>\n<\/div>\n<div class=\"col-lg-4\">\n<div class=\"vidblk mb-5\">\n<p class=\"videotb\"><a href=\"https:\/\/viareggiodigitale.it\/de\/video\/cloud-italia-il-cloud-della-pubblica-amministrazione-cose-il-cloud-polo-strategico-nazionale\/\" class=\"openvid vidbg\" data-vid=\"NeCHaWD2VVI\" style=\"background-image: url(https:\/\/img.youtube.com\/vi\/NeCHaWD2VVI\/hqdefault.jpg)\"><\/a><\/p>\n<p class=\"metavideo d-flex justify-content-start\">\n<span class=\"vidcat\">Pubblica amministrazione<\/span>\n<span class=\"px-1 fw-bold\"><a href=\"https:\/\/viareggiodigitale.it\/de\/argomento\/cloud-italia\/\" class=\"argcat\">Cloud Italia<\/a><\/span>\n<span class=\"lvllist ms-auto\"><span class=\"lvllbl\">Stufe<\/span> \n<span class=\"lvlel\">1<\/span>\n<span class=\"lvlel\">2<\/span>\n<\/span>\n<\/p>\n<h3 class=\"h5 fw-bold title entry-title mb-4\"><a href=\"https:\/\/www.youtube.com\/watch?v=NeCHaWD2VVI\" class=\"openvid\" data-vid=\"NeCHaWD2VVI\">Cloud Italia. Il Cloud Della pubblica Amministrazione &#8211; Cos\u2019\u00e8 il Cloud Polo Strategico Nazionale<\/a><\/h3>\n<div class=\"d-none videodescr\"><div><!-- wp:paragraph -->\n<p>Video realizzato da: Polo Strategico Nazionale<\/p>\n<!-- \/wp:paragraph --><\/div><div class=\"pt-3\"><p>Um Untertitel in Ihrer Sprache anzuzeigen, klicken Sie auf das Zahnradsymbol &#8222;Einstellungen&#8220; und w\u00e4hlen Sie unter &#8222;Untertitel&#8220; Ihre Sprache aus.<\/p>\n<\/div><\/div>\n<p><a href=\"https:\/\/www.youtube.com\/watch?v=NeCHaWD2VVI\" class=\"openvid\" data-vid=\"NeCHaWD2VVI\"><strong>JETZT ANSCHAUEN \u2192<\/strong><\/a><\/p>\n<\/div>\n<\/div>\n<div class=\"col-lg-4\">\n<div class=\"vidblk mb-5\">\n<p class=\"videotb\"><a href=\"https:\/\/viareggiodigitale.it\/de\/video\/cloud-italia-il-cloud-della-pubblica-amministrazione-come-candidarsi-allavviso-per-la-migrazione-al-cloud\/\" class=\"openvid vidbg\" data-vid=\"0sj5BxptQZg\" style=\"background-image: url(https:\/\/img.youtube.com\/vi\/0sj5BxptQZg\/hqdefault.jpg)\"><\/a><\/p>\n<p class=\"metavideo d-flex justify-content-start\">\n<span class=\"vidcat\">Pubblica amministrazione<\/span>\n<span class=\"px-1 fw-bold\"><a href=\"https:\/\/viareggiodigitale.it\/de\/argomento\/cloud-italia\/\" class=\"argcat\">Cloud Italia<\/a><\/span>\n<span class=\"lvllist ms-auto\"><span class=\"lvllbl\">Stufe<\/span> \n<span class=\"lvlel\">1<\/span>\n<span class=\"lvlel\">2<\/span>\n<\/span>\n<\/p>\n<h3 class=\"h5 fw-bold title entry-title mb-4\"><a href=\"https:\/\/www.youtube.com\/watch?v=0sj5BxptQZg\" class=\"openvid\" data-vid=\"0sj5BxptQZg\">Cloud Italia. Il Cloud Della pubblica Amministrazione &#8211; Come candidarsi all&#8217;Avviso per la migrazione al cloud<\/a><\/h3>\n<div class=\"d-none videodescr\"><div><!-- wp:paragraph -->\n<p>Video creato da: Dipartimento per la trasformazione digitale<\/p>\n<!-- \/wp:paragraph --><\/div><div class=\"pt-3\"><p>Um Untertitel in Ihrer Sprache anzuzeigen, klicken Sie auf das Zahnradsymbol &#8222;Einstellungen&#8220; und w\u00e4hlen Sie unter &#8222;Untertitel&#8220; Ihre Sprache aus.<\/p>\n<\/div><\/div>\n<p><a href=\"https:\/\/www.youtube.com\/watch?v=0sj5BxptQZg\" class=\"openvid\" data-vid=\"0sj5BxptQZg\"><strong>JETZT ANSCHAUEN \u2192<\/strong><\/a><\/p>\n<\/div>\n<\/div>\n<div class=\"col-lg-4\">\n<div class=\"vidblk mb-5\">\n<p class=\"videotb\"><a href=\"https:\/\/viareggiodigitale.it\/de\/video\/digitale-pa-2026-was-sie-ist-und-wie-man-sie-nutzen-kann\/\" class=\"openvid vidbg\" data-vid=\"QOMJvMSxKck\" style=\"background-image: url(https:\/\/img.youtube.com\/vi\/QOMJvMSxKck\/hqdefault.jpg)\"><\/a><\/p>\n<p class=\"metavideo d-flex justify-content-start\">\n<span class=\"px-1 fw-bold\"><a href=\"https:\/\/viareggiodigitale.it\/de\/argomento\/pa-digitale-de\/\" class=\"argcat\">PA Digitale<\/a><\/span>\n<span class=\"lvllist ms-auto\"><span class=\"lvllbl\">Stufe<\/span> \n<span class=\"lvlel\">1<\/span>\n<span class=\"lvlel\">2<\/span>\n<\/span>\n<\/p>\n<h3 class=\"h5 fw-bold title entry-title mb-4\"><a href=\"https:\/\/www.youtube.com\/watch?v=QOMJvMSxKck\" class=\"openvid\" data-vid=\"QOMJvMSxKck\">Digitale PA 2026 &#8211; Was sie ist und wie man sie nutzen kann<\/a><\/h3>\n<div class=\"d-none videodescr\"><div><!-- wp:paragraph {\"translatedWithWPMLTM\":\"1\"} -->\n<p>Video realisiert von: Dipartimento per la trasformazione digitale<\/p>\n<!-- \/wp:paragraph --><\/div><div class=\"pt-3\"><p>Um Untertitel in Ihrer Sprache anzuzeigen, klicken Sie auf das Zahnradsymbol &#8222;Einstellungen&#8220; und w\u00e4hlen Sie unter &#8222;Untertitel&#8220; Ihre Sprache aus.<\/p>\n<\/div><\/div>\n<p><a href=\"https:\/\/www.youtube.com\/watch?v=QOMJvMSxKck\" class=\"openvid\" data-vid=\"QOMJvMSxKck\"><strong>JETZT ANSCHAUEN \u2192<\/strong><\/a><\/p>\n<\/div>\n<\/div>\n<div class=\"col-lg-4\">\n<div class=\"vidblk mb-5\">\n<p class=\"videotb\"><a href=\"https:\/\/viareggiodigitale.it\/de\/video\/pa-digitale-2026-video-tutorial\/\" class=\"openvid vidbg\" data-vid=\"Edg01Fl39a8\" style=\"background-image: url(https:\/\/img.youtube.com\/vi\/Edg01Fl39a8\/hqdefault.jpg)\"><\/a><\/p>\n<p class=\"metavideo d-flex justify-content-start\">\n<span class=\"px-1 fw-bold\"><a href=\"https:\/\/viareggiodigitale.it\/de\/argomento\/pa-digitale-de\/\" class=\"argcat\">PA Digitale<\/a><\/span>\n<span class=\"lvllist ms-auto\"><span class=\"lvllbl\">Stufe<\/span> \n<span class=\"lvlel\">1<\/span>\n<span class=\"lvlel\">2<\/span>\n<\/span>\n<\/p>\n<h3 class=\"h5 fw-bold title entry-title mb-4\"><a href=\"https:\/\/www.youtube.com\/watch?v=Edg01Fl39a8\" class=\"openvid\" data-vid=\"Edg01Fl39a8\">PA Digitale 2026 &#8211; Video tutorial<\/a><\/h3>\n<div class=\"d-none videodescr\"><div><!-- wp:paragraph {\"translatedWithWPMLTM\":\"1\"} -->\n<p>Video realisiert von: Dipartimento per la trasformazione digitale<\/p>\n<!-- \/wp:paragraph --><\/div><div class=\"pt-3\"><p>Um Untertitel in Ihrer Sprache anzuzeigen, klicken Sie auf das Zahnradsymbol &#8222;Einstellungen&#8220; und w\u00e4hlen Sie unter &#8222;Untertitel&#8220; Ihre Sprache aus.<\/p>\n<\/div><\/div>\n<p><a href=\"https:\/\/www.youtube.com\/watch?v=Edg01Fl39a8\" class=\"openvid\" data-vid=\"Edg01Fl39a8\"><strong>JETZT ANSCHAUEN \u2192<\/strong><\/a><\/p>\n<\/div>\n<\/div>\n<div class=\"col-lg-4\">\n<div class=\"vidblk mb-5\">\n<p class=\"videotb\"><a href=\"https:\/\/viareggiodigitale.it\/de\/video\/pa-digitale-2026-come-ricevere-assistenza-su-pa-digitale-2026\/\" class=\"openvid vidbg\" data-vid=\"zgmLLRoS4H4\" style=\"background-image: url(https:\/\/img.youtube.com\/vi\/zgmLLRoS4H4\/hqdefault.jpg)\"><\/a><\/p>\n<p class=\"metavideo d-flex justify-content-start\">\n<span class=\"vidcat\">Pubblica amministrazione<\/span>\n<span class=\"px-1 fw-bold\"><a href=\"https:\/\/viareggiodigitale.it\/de\/argomento\/pa-digitale\/\" class=\"argcat\">PA Digitale<\/a><\/span>\n<span class=\"lvllist ms-auto\"><span class=\"lvllbl\">Stufe<\/span> \n<span class=\"lvlel\">1<\/span>\n<span class=\"lvlel\">2<\/span>\n<\/span>\n<\/p>\n<h3 class=\"h5 fw-bold title entry-title mb-4\"><a href=\"https:\/\/www.youtube.com\/watch?v=zgmLLRoS4H4\" class=\"openvid\" data-vid=\"zgmLLRoS4H4\">PA Digitale 2026 &#8211; Come ricevere assistenza su PA digitale 2026<\/a><\/h3>\n<div class=\"d-none videodescr\"><div><!-- wp:paragraph -->\n<p>Video realizzato da: Dipartimento per la trasformazione digitale<\/p>\n<!-- \/wp:paragraph --><\/div><div class=\"pt-3\"><p>Um Untertitel in Ihrer Sprache anzuzeigen, klicken Sie auf das Zahnradsymbol &#8222;Einstellungen&#8220; und w\u00e4hlen Sie unter &#8222;Untertitel&#8220; Ihre Sprache aus.<\/p>\n<\/div><\/div>\n<p><a href=\"https:\/\/www.youtube.com\/watch?v=zgmLLRoS4H4\" class=\"openvid\" data-vid=\"zgmLLRoS4H4\"><strong>JETZT ANSCHAUEN \u2192<\/strong><\/a><\/p>\n<\/div>\n<\/div>\n<div class=\"col-lg-4\">\n<div class=\"vidblk mb-5\">\n<p class=\"videotb\"><a href=\"https:\/\/viareggiodigitale.it\/de\/video\/pa-digitale-2026-come-candidare-la-tua-pa-agli-avvisi-di-pa-digitale-2026\/\" class=\"openvid vidbg\" data-vid=\"V7y_58sCNzI\" style=\"background-image: url(https:\/\/img.youtube.com\/vi\/V7y_58sCNzI\/hqdefault.jpg)\"><\/a><\/p>\n<p class=\"metavideo d-flex justify-content-start\">\n<span class=\"vidcat\">Pubblica amministrazione<\/span>\n<span class=\"px-1 fw-bold\"><a href=\"https:\/\/viareggiodigitale.it\/de\/argomento\/pa-digitale\/\" class=\"argcat\">PA Digitale<\/a><\/span>\n<span class=\"lvllist ms-auto\"><span class=\"lvllbl\">Stufe<\/span> \n<span class=\"lvlel\">1<\/span>\n<span class=\"lvlel\">2<\/span>\n<\/span>\n<\/p>\n<h3 class=\"h5 fw-bold title entry-title mb-4\"><a href=\"https:\/\/www.youtube.com\/watch?v=V7y_58sCNzI\" class=\"openvid\" data-vid=\"V7y_58sCNzI\">PA Digitale 2026 &#8211; Come candidare la tua PA agli avvisi di PA digitale 2026<\/a><\/h3>\n<div class=\"d-none videodescr\"><div><!-- wp:paragraph -->\n<p>Video realizzato da: Dipartimento per la trasformazione digitale<\/p>\n<!-- \/wp:paragraph --><\/div><div class=\"pt-3\"><p>Um Untertitel in Ihrer Sprache anzuzeigen, klicken Sie auf das Zahnradsymbol &#8222;Einstellungen&#8220; und w\u00e4hlen Sie unter &#8222;Untertitel&#8220; Ihre Sprache aus.<\/p>\n<\/div><\/div>\n<p><a href=\"https:\/\/www.youtube.com\/watch?v=V7y_58sCNzI\" class=\"openvid\" data-vid=\"V7y_58sCNzI\"><strong>JETZT ANSCHAUEN \u2192<\/strong><\/a><\/p>\n<\/div>\n<\/div>\n<div class=\"col-lg-4\">\n<div class=\"vidblk mb-5\">\n<p class=\"videotb\"><a href=\"https:\/\/viareggiodigitale.it\/de\/video\/pa-digitale-2026-come-fare-la-classificazione-dati-e-servizi-della-tua-pa\/\" class=\"openvid vidbg\" data-vid=\"IR6nWFk6Ll4\" style=\"background-image: url(https:\/\/img.youtube.com\/vi\/IR6nWFk6Ll4\/hqdefault.jpg)\"><\/a><\/p>\n<p class=\"metavideo d-flex justify-content-start\">\n<span class=\"vidcat\">Pubblica amministrazione<\/span>\n<span class=\"px-1 fw-bold\"><a href=\"https:\/\/viareggiodigitale.it\/de\/argomento\/pa-digitale\/\" class=\"argcat\">PA Digitale<\/a><\/span>\n<span class=\"lvllist ms-auto\"><span class=\"lvllbl\">Stufe<\/span> \n<span class=\"lvlel\">1<\/span>\n<span class=\"lvlel\">2<\/span>\n<\/span>\n<\/p>\n<h3 class=\"h5 fw-bold title entry-title mb-4\"><a href=\"https:\/\/www.youtube.com\/watch?v=IR6nWFk6Ll4\" class=\"openvid\" data-vid=\"IR6nWFk6Ll4\">PA Digitale 2026 &#8211; Come fare la classificazione dati e servizi della tua PA<\/a><\/h3>\n<div class=\"d-none videodescr\"><div><!-- wp:paragraph -->\n<p>Video realizzato da: Dipartimento per la trasformazione digitale<\/p>\n<!-- \/wp:paragraph --><\/div><div class=\"pt-3\"><p>Um Untertitel in Ihrer Sprache anzuzeigen, klicken Sie auf das Zahnradsymbol &#8222;Einstellungen&#8220; und w\u00e4hlen Sie unter &#8222;Untertitel&#8220; Ihre Sprache aus.<\/p>\n<\/div><\/div>\n<p><a href=\"https:\/\/www.youtube.com\/watch?v=IR6nWFk6Ll4\" class=\"openvid\" data-vid=\"IR6nWFk6Ll4\"><strong>JETZT ANSCHAUEN \u2192<\/strong><\/a><\/p>\n<\/div>\n<\/div>\n<\/div>\n","protected":false},"excerpt":{"rendered":"<p>&hellip;<\/p>\n<p class=\"rmore mb-0\"><a class=\"websoup-read-more-link fw-bold\" href=\"https:\/\/viareggiodigitale.it\/de\/video\/pa-digitale-2026-come-fare-la-classificazione-dati-e-servizi-della-tua-pa\/\">Read More \u2192<\/a><\/p>\n","protected":false},"author":1,"featured_media":0,"parent":521,"menu_order":0,"comment_status":"closed","ping_status":"closed","template":"","meta":{"_acf_changed":false,"footnotes":""},"argomento":[],"class_list":["post-511","page","type-page","status-publish","hentry"],"acf":[],"_links":{"self":[{"href":"https:\/\/viareggiodigitale.it\/de\/wp-json\/wp\/v2\/pages\/511","targetHints":{"allow":["GET"]}}],"collection":[{"href":"https:\/\/viareggiodigitale.it\/de\/wp-json\/wp\/v2\/pages"}],"about":[{"href":"https:\/\/viareggiodigitale.it\/de\/wp-json\/wp\/v2\/types\/page"}],"author":[{"embeddable":true,"href":"https:\/\/viareggiodigitale.it\/de\/wp-json\/wp\/v2\/users\/1"}],"replies":[{"embeddable":true,"href":"https:\/\/viareggiodigitale.it\/de\/wp-json\/wp\/v2\/comments?post=511"}],"version-history":[{"count":1,"href":"https:\/\/viareggiodigitale.it\/de\/wp-json\/wp\/v2\/pages\/511\/revisions"}],"predecessor-version":[{"id":512,"href":"https:\/\/viareggiodigitale.it\/de\/wp-json\/wp\/v2\/pages\/511\/revisions\/512"}],"up":[{"embeddable":true,"href":"https:\/\/viareggiodigitale.it\/de\/wp-json\/wp\/v2\/pages\/521"}],"wp:attachment":[{"href":"https:\/\/viareggiodigitale.it\/de\/wp-json\/wp\/v2\/media?parent=511"}],"wp:term":[{"taxonomy":"argomento","embeddable":true,"href":"https:\/\/viareggiodigitale.it\/de\/wp-json\/wp\/v2\/argomento?post=511"}],"curies":[{"name":"wp","href":"https:\/\/api.w.org\/{rel}","templated":true}]}}