{"id":521,"date":"2023-02-28T16:29:17","date_gmt":"2023-02-28T15:29:17","guid":{"rendered":"https:\/\/viareggiodigitale.it\/digitalschule-3\/"},"modified":"2023-03-30T12:50:09","modified_gmt":"2023-03-30T10:50:09","slug":"digitalschule-3","status":"publish","type":"page","link":"https:\/\/viareggiodigitale.it\/de\/digitalschule-3\/","title":{"rendered":"Digitalschule"},"content":{"rendered":"\n<p class=\"mb-5\">Greifen Sie auf die Tutorials zu und entwickeln Sie Ihre digitalen F\u00e4higkeiten. Entdecken Sie ein neues Modell der st\u00e4dtischen Innovation, interagieren Sie schnell und einfach mit der Verwaltung und betreten Sie eine digitale Welt voller Dienstleistungen und M\u00f6glichkeiten.<\/p>\n\n<div class=\"wp-block-columns is-not-stacked-on-mobile coltabs small text-center fw-bold is-layout-flex wp-container-core-columns-is-layout-9d6595d7 wp-block-columns-is-layout-flex\">\n<div class=\"wp-block-column is-layout-flow wp-block-column-is-layout-flow\">\n<p><a href=\"https:\/\/viareggiodigitale.it\/de\/digitalschule\/\" data-type=\"page\" data-id=\"178\">B\u00fcrger<\/a><\/p>\n<\/div>\n\n\n\n<div class=\"wp-block-column is-layout-flow wp-block-column-is-layout-flow\">\n<p><a href=\"https:\/\/viareggiodigitale.it\/de\/digitalschule-2\/\" data-type=\"page\" data-id=\"180\">Unternehmen&#13;\n<\/a><\/p>\n<\/div>\n\n\n\n<div class=\"wp-block-column is-layout-flow wp-block-column-is-layout-flow\">\n<p class=\"act\"><a href=\"https:\/\/viareggiodigitale.it\/de\/digitalschule-3\/\" data-type=\"page\" data-id=\"182\">\u00f6ffentliche Verwaltung<\/a><\/p>\n<\/div>\n<\/div>\n\n<div class=\"wp-block-group clearfix mb-2\"><div class=\"wp-block-group__inner-container is-layout-constrained wp-block-group-is-layout-constrained\">\n<h2 class=\"h4 fw-normal mb-4 float-start mr-3 mt-1 wp-block-heading\"><em>Stufe 1<\/em><\/h2>\n\n\n\n<div class=\"wp-block-buttons is-content-justification-right is-layout-flex wp-container-core-buttons-is-layout-765c4724 wp-block-buttons-is-layout-flex\">\n<div class=\"wp-block-button\"><a class=\"wp-block-button__link wp-element-button\" href=\"https:\/\/viareggiodigitale.it\/de\/oeffentliche-verwaltung-stufe-1\/\">Siehe alle<\/a><\/div>\n<\/div>\n<\/div><\/div>\n<div class=\"row\">\n<div class=\"col-lg-4\">\n<div class=\"vidblk mb-5\">\n<p class=\"videotb\"><a href=\"https:\/\/viareggiodigitale.it\/de\/video\/viareggio-digitale-die-intelligente-stadt-beginnt-mit-ihnen\/\" class=\"openvid vidbg\" data-vid=\"w56NxGR9Hbs\" style=\"background-image: url(https:\/\/img.youtube.com\/vi\/w56NxGR9Hbs\/hqdefault.jpg)\"><\/a><\/p>\n<p class=\"metavideo d-flex justify-content-start\">\n<span class=\"px-1 fw-bold\"><a href=\"https:\/\/viareggiodigitale.it\/de\/argomento\/viareggio-digitale-de\/\" class=\"argcat\">Viareggio Digitale<\/a><\/span>\n<span class=\"lvllist ms-auto\"><span class=\"lvllbl\">Stufe<\/span> \n<span class=\"lvlel\">1<\/span>\n<\/span>\n<\/p>\n<h3 class=\"h5 fw-bold title entry-title mb-4\"><a href=\"https:\/\/www.youtube.com\/watch?v=w56NxGR9Hbs\" class=\"openvid\" data-vid=\"w56NxGR9Hbs\">Viareggio Digitale &#8211; Die intelligente Stadt beginnt mit Ihnen<\/a><\/h3>\n<div class=\"d-none videodescr\"><div><\/div><div class=\"pt-3\"><p>Um Untertitel in Ihrer Sprache anzuzeigen, klicken Sie auf das Zahnradsymbol &#8222;Einstellungen&#8220; und w\u00e4hlen Sie unter &#8222;Untertitel&#8220; Ihre Sprache aus.<\/p>\n<\/div><\/div>\n<p><a href=\"https:\/\/www.youtube.com\/watch?v=w56NxGR9Hbs\" class=\"openvid\" data-vid=\"w56NxGR9Hbs\"><strong>JETZT ANSCHAUEN \u2192<\/strong><\/a><\/p>\n<\/div>\n<\/div>\n<div class=\"col-lg-4\">\n<div class=\"vidblk mb-5\">\n<p class=\"videotb\"><a class=\"imagetb bgcover\" href=\"https:\/\/viareggiodigitale.it\/de\/video\/alles-ueber-das-parken-in-viareggio\/\" style=\"background-image: url(https:\/\/viareggiodigitale.it\/wp-content\/uploads\/2023\/03\/Screenshot-2023-03-31-at-11-52-48-MoVer-730x355.jpg)\"><\/a><\/p>\n<p class=\"metavideo d-flex justify-content-start\">\n<span class=\"px-1 fw-bold\"><a href=\"https:\/\/viareggiodigitale.it\/de\/argomento\/mover-de\/\" class=\"argcat\">Mover<\/a><\/span>\n<span class=\"lvllist ms-auto\"><span class=\"lvllbl\">Stufe<\/span> \n<span class=\"lvlel\">1<\/span>\n<\/span>\n<\/p>\n<h3 class=\"h5 fw-bold title entry-title mb-4\"><a href=\"https:\/\/viareggiodigitale.it\/de\/video\/alles-ueber-das-parken-in-viareggio\/\">Alles \u00fcber das Parken in Viareggio<\/a><\/h3>\n<div class=\"d-none videodescr\"><div><!-- wp:heading -->\n<h2 class=\"wp-block-heading\">MO.VER.<\/h2>\n<!-- \/wp:heading --><!-- wp:paragraph {\"translatedWithWPMLTM\":\"1\"} -->\n<p><strong>Alle Informationen zu Ihrer Verf\u00fcgung, online.<\/strong>.<\/p>\n<!-- \/wp:paragraph --><!-- wp:paragraph {\"translatedWithWPMLTM\":\"1\"} -->\n<p>M\u00f6chten Sie sich \u00fcber Zonen, Standorte von Parkuhren, Tarife, Abonnementarten und deren Kosten informieren? <br\/>Das k\u00f6nnen Sie bequem online schnell und einfach tun.<br\/> Gehen Sie auf <a href=\"http:\/\/www.moverspa.it\/\">www.moverspa.it<\/a>, klicken Sie im Men\u00fc auf STOPPEN IN DER STADT und rufen Sie alle Informationen ab, die Sie ben\u00f6tigen.<\/p>\n<!-- \/wp:paragraph --><!-- wp:image {\"id\":578,\"sizeSlug\":\"full\",\"linkDestination\":\"none\"} -->\n<figure class=\"wp-block-image size-full\"><img loading=\"lazy\" decoding=\"async\" width=\"1017\" height=\"271\" src=\"https:\/\/viareggiodigitale.it\/wp-content\/uploads\/2023\/03\/immagine.png\" alt=\"Schermata  del sito con i servizi offerti da MO.VER.\" class=\"wp-image-578\" srcset=\"https:\/\/viareggiodigitale.it\/wp-content\/uploads\/2023\/03\/immagine.png 1017w, https:\/\/viareggiodigitale.it\/wp-content\/uploads\/2023\/03\/immagine-730x195.png 730w, https:\/\/viareggiodigitale.it\/wp-content\/uploads\/2023\/03\/immagine-768x205.png 768w\" sizes=\"auto, (max-width: 1017px) 100vw, 1017px\" \/><\/figure>\n<!-- \/wp:image --><!-- wp:paragraph {\"translatedWithWPMLTM\":\"1\"} -->\n<p>Wenn Sie auf das Symbol ABONNIEREN klicken, k\u00f6nnen Sie das Profil ausw\u00e4hlen, das Sie interessiert, dargestellt durch <strong>8 Symbole<\/strong> (Einwohner, Nicht-Einwohner, M\u00fctter, Angeh\u00f6rige der Gesundheitsberufe, Arbeitnehmer, Gesch\u00e4ftsleute, Badeanstalten, Hotels).<\/p>\n<!-- \/wp:paragraph --><!-- wp:paragraph {\"translatedWithWPMLTM\":\"1\"} -->\n<p>Sie enthalten jeweils Links zu den entsprechenden Formularen, der Preisliste (falls zutreffend) und den Genehmigungen.<\/p>\n<!-- \/wp:paragraph --><!-- wp:paragraph {\"translatedWithWPMLTM\":\"1\"} -->\n<p>Durch Anklicken von DISZIPLINEN UND TARIFEN erhalten Sie Zugang zu den Links, um die <strong>Tarifprofile<\/strong> f\u00fcr die verschiedenen Benutzerkategorien und die von der Geb\u00fchrenerhebung betroffenen Stra\u00dfen mit ihren Regelungen und Zeitpl\u00e4nen sowie die <strong>Parkordnung<\/strong> und die verschiedenen <strong>Beschl\u00fcsse<\/strong> einzusehen.<\/p>\n<!-- \/wp:paragraph --><!-- wp:paragraph {\"translatedWithWPMLTM\":\"1\"} -->\n<p>Wenn Sie auf das Symbol APP MOVER VIAREGGIO klicken, k\u00f6nnen Sie alle M\u00f6glichkeiten der oben genannten App, die in Viareggio verwendet wird, entdecken und die App \u00fcber die Schaltfl\u00e4chen auf der Seite <strong>\"Verf\u00fcgbar im App Store\"<\/strong> und <strong>\"Verf\u00fcgbar bei Google Play\"<\/strong> herunterladen. Au\u00dferdem k\u00f6nnen Sie, wenn Sie zum Ende der Seite scrollen, auf den Link <strong>Andere APPs, die f\u00fcr das Bezahlen von Parkpl\u00e4tzen in der Stadt verf\u00fcgbar sind<\/strong> zugreifen, ein Link, der eine vollst\u00e4ndige Liste enth\u00e4lt.<\/p>\n<!-- \/wp:paragraph --><!-- wp:paragraph {\"translatedWithWPMLTM\":\"1\"} -->\n<p>Wenn Sie auf das Symbol KOSTENLOSES PARKEN klicken, k\u00f6nnen Sie \u00fcber den Link zur interaktiven Karte kostenlose Parkpl\u00e4tze, geb\u00fchrenpflichtige Bereiche und Radwege ausfindig machen.<\/p>\n<!-- \/wp:paragraph --><!-- wp:paragraph {\"translatedWithWPMLTM\":\"1\"} -->\n<p>zu einer Karte, auf der <strong>Standorte und Verkaufsstellen<\/strong>, <strong>bezahlte Parkfl\u00e4chen<\/strong> und die n\u00e4chstgelegene <strong>Parkuhr<\/strong> verzeichnet sind.<\/p>\n<!-- \/wp:paragraph --><!-- wp:paragraph {\"translatedWithWPMLTM\":\"1\"} -->\n<p>Apropos Parkuhren: Das entsprechende Symbol erm\u00f6glicht es Ihnen, die 4 Arten von Parkuhren in der Gemeinde zu entdecken und auch hier die INTERAKTIVE PARKKKARTE zu konsultieren.<\/p>\n<!-- \/wp:paragraph --><\/div><div class=\"pt-3\"><p>Um Untertitel in Ihrer Sprache anzuzeigen, klicken Sie auf das Zahnradsymbol &#8222;Einstellungen&#8220; und w\u00e4hlen Sie unter &#8222;Untertitel&#8220; Ihre Sprache aus.<\/p>\n<\/div><\/div>\n<p><a class=\"text-uppercase\" href=\"https:\/\/viareggiodigitale.it\/de\/video\/alles-ueber-das-parken-in-viareggio\/\"><strong>Read More \u2192<\/strong><\/a><\/p>\n<\/div>\n<\/div>\n<div class=\"col-lg-4\">\n<div class=\"vidblk mb-5\">\n<p class=\"videotb\"><a href=\"https:\/\/viareggiodigitale.it\/de\/video\/webinar-digital-schule-2022-2026\/\" class=\"openvid vidbg\" data-vid=\"_8n_HFwWfi8\" style=\"background-image: url(https:\/\/img.youtube.com\/vi\/_8n_HFwWfi8\/hqdefault.jpg)\"><\/a><\/p>\n<p class=\"metavideo d-flex justify-content-start\">\n\n<span class=\"lvllist ms-auto\"><span class=\"lvllbl\">Stufe<\/span> \n<span class=\"lvlel\">1<\/span>\n<span class=\"lvlel\">2<\/span>\n<\/span>\n<\/p>\n<h3 class=\"h5 fw-bold title entry-title mb-4\"><a href=\"https:\/\/www.youtube.com\/watch?v=_8n_HFwWfi8\" class=\"openvid\" data-vid=\"_8n_HFwWfi8\">Webinar: Digital Schule 2022 &#8211; 2026<\/a><\/h3>\n<div class=\"d-none videodescr\"><div><!-- wp:paragraph {\"translatedWithWPMLTM\":\"1\"} -->\n<p>Video realisiert von:: Ministero dell'Istruzione<\/p>\n<!-- \/wp:paragraph --><\/div><div class=\"pt-3\"><p>Um Untertitel in Ihrer Sprache anzuzeigen, klicken Sie auf das Zahnradsymbol &#8222;Einstellungen&#8220; und w\u00e4hlen Sie unter &#8222;Untertitel&#8220; Ihre Sprache aus.<\/p>\n<\/div><\/div>\n<p><a href=\"https:\/\/www.youtube.com\/watch?v=_8n_HFwWfi8\" class=\"openvid\" data-vid=\"_8n_HFwWfi8\"><strong>JETZT ANSCHAUEN \u2192<\/strong><\/a><\/p>\n<\/div>\n<\/div>\n<\/div>\n\n<div class=\"wp-block-group clearfix mb-2\"><div class=\"wp-block-group__inner-container is-layout-constrained wp-block-group-is-layout-constrained\">\n<h2 class=\"h4 fw-normal mb-4 float-start mr-3 mt-1 wp-block-heading\"><em>Stufe 2<\/em><\/h2>\n\n\n\n<div class=\"wp-block-buttons is-content-justification-right is-layout-flex wp-container-core-buttons-is-layout-765c4724 wp-block-buttons-is-layout-flex\">\n<div class=\"wp-block-button\"><a class=\"wp-block-button__link wp-element-button\" href=\"https:\/\/viareggiodigitale.it\/de\/oeffentliche-verwaltung-stufe-2\/\">Siehe alle<\/a><\/div>\n<\/div>\n<\/div><\/div>\n<div class=\"row\">\n<div class=\"col-lg-4\">\n<div class=\"vidblk mb-5\">\n<p class=\"videotb\"><a href=\"https:\/\/viareggiodigitale.it\/de\/video\/webinar-digital-schule-2022-2026\/\" class=\"openvid vidbg\" data-vid=\"_8n_HFwWfi8\" style=\"background-image: url(https:\/\/img.youtube.com\/vi\/_8n_HFwWfi8\/hqdefault.jpg)\"><\/a><\/p>\n<p class=\"metavideo d-flex justify-content-start\">\n\n<span class=\"lvllist ms-auto\"><span class=\"lvllbl\">Stufe<\/span> \n<span class=\"lvlel\">1<\/span>\n<span class=\"lvlel\">2<\/span>\n<\/span>\n<\/p>\n<h3 class=\"h5 fw-bold title entry-title mb-4\"><a href=\"https:\/\/www.youtube.com\/watch?v=_8n_HFwWfi8\" class=\"openvid\" data-vid=\"_8n_HFwWfi8\">Webinar: Digital Schule 2022 &#8211; 2026<\/a><\/h3>\n<div class=\"d-none videodescr\"><div><!-- wp:paragraph {\"translatedWithWPMLTM\":\"1\"} -->\n<p>Video realisiert von:: Ministero dell'Istruzione<\/p>\n<!-- \/wp:paragraph --><\/div><div class=\"pt-3\"><p>Um Untertitel in Ihrer Sprache anzuzeigen, klicken Sie auf das Zahnradsymbol &#8222;Einstellungen&#8220; und w\u00e4hlen Sie unter &#8222;Untertitel&#8220; Ihre Sprache aus.<\/p>\n<\/div><\/div>\n<p><a href=\"https:\/\/www.youtube.com\/watch?v=_8n_HFwWfi8\" class=\"openvid\" data-vid=\"_8n_HFwWfi8\"><strong>JETZT ANSCHAUEN \u2192<\/strong><\/a><\/p>\n<\/div>\n<\/div>\n<div class=\"col-lg-4\">\n<div class=\"vidblk mb-5\">\n<p class=\"videotb\"><a href=\"https:\/\/viareggiodigitale.it\/de\/video\/wie-sie-die-daten-und-dienste-ihrer-schule-klassifizieren\/\" class=\"openvid vidbg\" data-vid=\"IR6nWFk6Ll4\" style=\"background-image: url(https:\/\/img.youtube.com\/vi\/IR6nWFk6Ll4\/hqdefault.jpg)\"><\/a><\/p>\n<p class=\"metavideo d-flex justify-content-start\">\n<span class=\"px-1 fw-bold\"><a href=\"https:\/\/viareggiodigitale.it\/de\/argomento\/schule\/\" class=\"argcat\">Schule<\/a><\/span>\n<span class=\"lvllist ms-auto\"><span class=\"lvllbl\">Stufe<\/span> \n<span class=\"lvlel\">1<\/span>\n<span class=\"lvlel\">2<\/span>\n<\/span>\n<\/p>\n<h3 class=\"h5 fw-bold title entry-title mb-4\"><a href=\"https:\/\/www.youtube.com\/watch?v=IR6nWFk6Ll4\" class=\"openvid\" data-vid=\"IR6nWFk6Ll4\">Wie Sie die Daten und Dienste Ihrer Schule klassifizieren<\/a><\/h3>\n<div class=\"d-none videodescr\"><div><!-- wp:paragraph {\"translatedWithWPMLTM\":\"1\"} -->\n<p>Video realisiert von: Dipartimento per la trasformazione digitale<\/p>\n<!-- \/wp:paragraph --><\/div><div class=\"pt-3\"><p>Um Untertitel in Ihrer Sprache anzuzeigen, klicken Sie auf das Zahnradsymbol &#8222;Einstellungen&#8220; und w\u00e4hlen Sie unter &#8222;Untertitel&#8220; Ihre Sprache aus.<\/p>\n<\/div><\/div>\n<p><a href=\"https:\/\/www.youtube.com\/watch?v=IR6nWFk6Ll4\" class=\"openvid\" data-vid=\"IR6nWFk6Ll4\"><strong>JETZT ANSCHAUEN \u2192<\/strong><\/a><\/p>\n<\/div>\n<\/div>\n<div class=\"col-lg-4\">\n<div class=\"vidblk mb-5\">\n<p class=\"videotb\"><a href=\"https:\/\/viareggiodigitale.it\/de\/video\/it-sicherheit-in-der-oeffentlichen-verwaltung-einrichtung-von-sicherheitssystemen\/\" class=\"openvid vidbg\" data-vid=\"yWtPoYOL95c\" style=\"background-image: url(https:\/\/img.youtube.com\/vi\/yWtPoYOL95c\/hqdefault.jpg)\"><\/a><\/p>\n<p class=\"metavideo d-flex justify-content-start\">\n<span class=\"px-1 fw-bold\"><a href=\"https:\/\/viareggiodigitale.it\/de\/argomento\/sicherheit\/\" class=\"argcat\">Sicherheit<\/a><\/span>\n<span class=\"lvllist ms-auto\"><span class=\"lvllbl\">Stufe<\/span> \n<span class=\"lvlel\">2<\/span>\n<\/span>\n<\/p>\n<h3 class=\"h5 fw-bold title entry-title mb-4\"><a href=\"https:\/\/www.youtube.com\/watch?v=yWtPoYOL95c\" class=\"openvid\" data-vid=\"yWtPoYOL95c\">IT-Sicherheit in der \u00f6ffentlichen Verwaltung &#8211; Einrichtung von Sicherheitssystemen<\/a><\/h3>\n<div class=\"d-none videodescr\"><div><!-- wp:paragraph {\"translatedWithWPMLTM\":\"1\"} -->\n<p>Video realisiert von: Agid<\/p>\n<!-- \/wp:paragraph --><\/div><div class=\"pt-3\"><p>Um Untertitel in Ihrer Sprache anzuzeigen, klicken Sie auf das Zahnradsymbol &#8222;Einstellungen&#8220; und w\u00e4hlen Sie unter &#8222;Untertitel&#8220; Ihre Sprache aus.<\/p>\n<\/div><\/div>\n<p><a href=\"https:\/\/www.youtube.com\/watch?v=yWtPoYOL95c\" class=\"openvid\" data-vid=\"yWtPoYOL95c\"><strong>JETZT ANSCHAUEN \u2192<\/strong><\/a><\/p>\n<\/div>\n<\/div>\n<\/div>\n\n<div class=\"wp-block-group clearfix mb-2\"><div class=\"wp-block-group__inner-container is-layout-constrained wp-block-group-is-layout-constrained\">\n<h2 class=\"h4 fw-normal mb-4 float-start mr-3 mt-1 wp-block-heading\"><em>Stufe 3<\/em><\/h2>\n\n\n\n<div class=\"wp-block-buttons is-content-justification-right is-layout-flex wp-container-core-buttons-is-layout-765c4724 wp-block-buttons-is-layout-flex\">\n<div class=\"wp-block-button\"><a class=\"wp-block-button__link wp-element-button\" href=\"https:\/\/viareggiodigitale.it\/de\/oeffentliche-verwaltung-stufe-3\/\">Siehe alle<\/a><\/div>\n<\/div>\n<\/div><\/div>\n<div class=\"row\">\n<div class=\"col-lg-4\">\n<div class=\"vidblk mb-5\">\n<p class=\"videotb\"><a href=\"https:\/\/viareggiodigitale.it\/de\/video\/cybersicherheit-in-der-oeffentlichen-verwaltung-arten-von-angriffen-auf-die-oeffentliche-verwaltung\/\" class=\"openvid vidbg\" data-vid=\"-eSyxCZ-kIA\" style=\"background-image: url(https:\/\/img.youtube.com\/vi\/-eSyxCZ-kIA\/hqdefault.jpg)\"><\/a><\/p>\n<p class=\"metavideo d-flex justify-content-start\">\n<span class=\"px-1 fw-bold\"><a href=\"https:\/\/viareggiodigitale.it\/de\/argomento\/sicherheit\/\" class=\"argcat\">Sicherheit<\/a><\/span>\n<span class=\"lvllist ms-auto\"><span class=\"lvllbl\">Stufe<\/span> \n<span class=\"lvlel\">3<\/span>\n<\/span>\n<\/p>\n<h3 class=\"h5 fw-bold title entry-title mb-4\"><a href=\"https:\/\/www.youtube.com\/watch?v=-eSyxCZ-kIA\" class=\"openvid\" data-vid=\"-eSyxCZ-kIA\">Cybersicherheit in der \u00f6ffentlichen Verwaltung &#8211; Arten von Angriffen auf die \u00f6ffentliche Verwaltung<\/a><\/h3>\n<div class=\"d-none videodescr\"><div><!-- wp:paragraph {\"translatedWithWPMLTM\":\"1\"} -->\n<p>Video realisiert von: AGID<\/p>\n<!-- \/wp:paragraph --><\/div><div class=\"pt-3\"><p>Um Untertitel in Ihrer Sprache anzuzeigen, klicken Sie auf das Zahnradsymbol &#8222;Einstellungen&#8220; und w\u00e4hlen Sie unter &#8222;Untertitel&#8220; Ihre Sprache aus.<\/p>\n<\/div><\/div>\n<p><a href=\"https:\/\/www.youtube.com\/watch?v=-eSyxCZ-kIA\" class=\"openvid\" data-vid=\"-eSyxCZ-kIA\"><strong>JETZT ANSCHAUEN \u2192<\/strong><\/a><\/p>\n<\/div>\n<\/div>\n<div class=\"col-lg-4\">\n<div class=\"vidblk mb-5\">\n<p class=\"videotb\"><a href=\"https:\/\/viareggiodigitale.it\/de\/video\/it-sicherheit-in-der-oeffentlichen-verwaltung-das-modell-der-kommunalen-websites-und-die-barrierefreiheit\/\" class=\"openvid vidbg\" data-vid=\"3BPZXwwsXjc\" style=\"background-image: url(https:\/\/img.youtube.com\/vi\/3BPZXwwsXjc\/hqdefault.jpg)\"><\/a><\/p>\n<p class=\"metavideo d-flex justify-content-start\">\n<span class=\"px-1 fw-bold\"><a href=\"https:\/\/viareggiodigitale.it\/de\/argomento\/sicherheit\/\" class=\"argcat\">Sicherheit<\/a><\/span>\n<span class=\"lvllist ms-auto\"><span class=\"lvllbl\">Stufe<\/span> \n<span class=\"lvlel\">3<\/span>\n<\/span>\n<\/p>\n<h3 class=\"h5 fw-bold title entry-title mb-4\"><a href=\"https:\/\/www.youtube.com\/watch?v=3BPZXwwsXjc\" class=\"openvid\" data-vid=\"3BPZXwwsXjc\">IT-Sicherheit in der \u00f6ffentlichen Verwaltung &#8211; Das Modell der kommunalen Websites und die Barrierefreiheit<\/a><\/h3>\n<div class=\"d-none videodescr\"><div><!-- wp:paragraph {\"translatedWithWPMLTM\":\"1\"} -->\n<p>Video realisiert von: FormezPA<\/p>\n<!-- \/wp:paragraph --><\/div><div class=\"pt-3\"><p>Um Untertitel in Ihrer Sprache anzuzeigen, klicken Sie auf das Zahnradsymbol &#8222;Einstellungen&#8220; und w\u00e4hlen Sie unter &#8222;Untertitel&#8220; Ihre Sprache aus.<\/p>\n<\/div><\/div>\n<p><a href=\"https:\/\/www.youtube.com\/watch?v=3BPZXwwsXjc\" class=\"openvid\" data-vid=\"3BPZXwwsXjc\"><strong>JETZT ANSCHAUEN \u2192<\/strong><\/a><\/p>\n<\/div>\n<\/div>\n<div class=\"col-lg-4\">\n<div class=\"vidblk mb-5\">\n<p class=\"videotb\"><a href=\"https:\/\/viareggiodigitale.it\/de\/video\/informationssicherheit-in-der-oeffentlichen-verwaltung-gestaltungsrichtlinien\/\" class=\"openvid vidbg\" data-vid=\"Lzx778I8toA\" style=\"background-image: url(https:\/\/img.youtube.com\/vi\/Lzx778I8toA\/hqdefault.jpg)\"><\/a><\/p>\n<p class=\"metavideo d-flex justify-content-start\">\n<span class=\"px-1 fw-bold\"><a href=\"https:\/\/viareggiodigitale.it\/de\/argomento\/sicherheit\/\" class=\"argcat\">Sicherheit<\/a><\/span>\n<span class=\"lvllist ms-auto\"><span class=\"lvllbl\">Stufe<\/span> \n<span class=\"lvlel\">3<\/span>\n<\/span>\n<\/p>\n<h3 class=\"h5 fw-bold title entry-title mb-4\"><a href=\"https:\/\/www.youtube.com\/watch?v=Lzx778I8toA\" class=\"openvid\" data-vid=\"Lzx778I8toA\">Informationssicherheit in der \u00f6ffentlichen Verwaltung &#8211; Gestaltungsrichtlinien<\/a><\/h3>\n<div class=\"d-none videodescr\"><div><!-- wp:paragraph {\"translatedWithWPMLTM\":\"1\"} -->\n<p>Video realisiert von: FormezPA<\/p>\n<!-- \/wp:paragraph --><\/div><div class=\"pt-3\"><p>Um Untertitel in Ihrer Sprache anzuzeigen, klicken Sie auf das Zahnradsymbol &#8222;Einstellungen&#8220; und w\u00e4hlen Sie unter &#8222;Untertitel&#8220; Ihre Sprache aus.<\/p>\n<\/div><\/div>\n<p><a href=\"https:\/\/www.youtube.com\/watch?v=Lzx778I8toA\" class=\"openvid\" data-vid=\"Lzx778I8toA\"><strong>JETZT ANSCHAUEN \u2192<\/strong><\/a><\/p>\n<\/div>\n<\/div>\n<\/div>\n","protected":false},"excerpt":{"rendered":"<p>Greifen Sie auf die Tutorials zu und entwickeln Sie Ihre digitalen F\u00e4higkeiten. Entdecken Sie ein neues Modell der st\u00e4dtischen Innovation,&hellip;<\/p>\n<p class=\"rmore mb-0\"><a class=\"websoup-read-more-link fw-bold\" href=\"https:\/\/viareggiodigitale.it\/de\/video\/informationssicherheit-in-der-oeffentlichen-verwaltung-gestaltungsrichtlinien\/\">Read More \u2192<\/a><\/p>\n","protected":false},"author":1,"featured_media":0,"parent":0,"menu_order":0,"comment_status":"closed","ping_status":"closed","template":"","meta":{"_acf_changed":false,"footnotes":""},"argomento":[],"class_list":["post-521","page","type-page","status-publish","hentry"],"acf":[],"_links":{"self":[{"href":"https:\/\/viareggiodigitale.it\/de\/wp-json\/wp\/v2\/pages\/521","targetHints":{"allow":["GET"]}}],"collection":[{"href":"https:\/\/viareggiodigitale.it\/de\/wp-json\/wp\/v2\/pages"}],"about":[{"href":"https:\/\/viareggiodigitale.it\/de\/wp-json\/wp\/v2\/types\/page"}],"author":[{"embeddable":true,"href":"https:\/\/viareggiodigitale.it\/de\/wp-json\/wp\/v2\/users\/1"}],"replies":[{"embeddable":true,"href":"https:\/\/viareggiodigitale.it\/de\/wp-json\/wp\/v2\/comments?post=521"}],"version-history":[{"count":1,"href":"https:\/\/viareggiodigitale.it\/de\/wp-json\/wp\/v2\/pages\/521\/revisions"}],"predecessor-version":[{"id":522,"href":"https:\/\/viareggiodigitale.it\/de\/wp-json\/wp\/v2\/pages\/521\/revisions\/522"}],"wp:attachment":[{"href":"https:\/\/viareggiodigitale.it\/de\/wp-json\/wp\/v2\/media?parent=521"}],"wp:term":[{"taxonomy":"argomento","embeddable":true,"href":"https:\/\/viareggiodigitale.it\/de\/wp-json\/wp\/v2\/argomento?post=521"}],"curies":[{"name":"wp","href":"https:\/\/api.w.org\/{rel}","templated":true}]}}