{"id":402,"date":"2023-02-21T17:35:39","date_gmt":"2023-02-21T16:35:39","guid":{"rendered":"https:\/\/viareggiodigitale.it\/le-projet\/"},"modified":"2023-03-29T18:29:35","modified_gmt":"2023-03-29T16:29:35","slug":"le-projet","status":"publish","type":"page","link":"https:\/\/viareggiodigitale.it\/fr\/le-projet\/","title":{"rendered":"Le projet"},"content":{"rendered":"\n<p><strong>VIAREGGIO DIGITALE<\/strong><\/p>\n\n<p><strong>Le plan\/projet<\/strong><\/p>\n\n<p>Le projet <strong>Viareggio Digitale<\/strong> a \u00e9t\u00e9 cr\u00e9\u00e9 dans le but ultime de faciliter l&rsquo;acc\u00e8s aux services num\u00e9riques pour les <strong>citoyens<\/strong>, les <strong>entreprises<\/strong> et l&rsquo;<strong>administration publique<\/strong>, afin qu&rsquo;ensemble nous puissions construire une ville v\u00e9ritablement tourn\u00e9e vers l&rsquo;avenir. De la promotion d&rsquo;une communication num\u00e9rique de plus en plus <strong>inclusive<\/strong> \u00e0 un parcours commun bas\u00e9 sur la <strong>simplification<\/strong> et la transparence des services publics, Viareggio Digitale vise \u00e0 impliquer chaque protagoniste de la <em>\u00ab\u00a0res publica\u00a0\u00bb<\/em> afin d&rsquo;am\u00e9liorer sa qualit\u00e9 de vie et de lui permettre, dans la mesure de ses capacit\u00e9s, de devenir un moteur de d\u00e9veloppement pour l&rsquo;ensemble de la communaut\u00e9 dont il fait partie.<\/p>\n\n<p>Le plan, \u00e9labor\u00e9 par la <strong>municipalit\u00e9 de Viareggio<\/strong> en consultation avec toutes les <strong>entreprises participantes de la municipalit\u00e9 de Viareggio<\/strong>, pr\u00e9voit le d\u00e9veloppement de <strong>7 objectifs<\/strong> destin\u00e9s \u00e0 accro\u00eetre les comp\u00e9tences num\u00e9riques des citoyens. La r\u00e9alisation de ces objectifs implique le renforcement d&rsquo;une infrastructure de r\u00e9seau, la cr\u00e9ation de nouveaux services num\u00e9riques capables d&rsquo;impliquer des aspects cruciaux de l&rsquo;activit\u00e9 publique tels que la mobilit\u00e9 et la s\u00e9curit\u00e9, et le traitement des donn\u00e9es indispensables \u00e0 une <strong>Smart City<\/strong>.<\/p>\n\n<p>La construction d&rsquo;une ville \u00ab\u00a0intelligente\u00a0\u00bb implique la participation active et \u00e9quilibr\u00e9e de tous ses acteurs et une phase d&rsquo;analyse pr\u00e9liminaire visant \u00e0 analyser les infrastructures de base (<strong>transports, t\u00e9l\u00e9communications, territoire, environnement<\/strong>), la mani\u00e8re dont elles sont per\u00e7ues par les utilisateurs et le processus de fourniture de services qui en d\u00e9coule.<\/p>\n\n<p>Les 7 objectifs identifi\u00e9s par Viareggio Digitale sont les suivants :<\/p>\n\n<p>&#8211; Faciliter l&rsquo;acc\u00e8s aux services num\u00e9riques ;<\/p>\n\n<p>&#8211; \u00a0 Implementare e sviluppare il maggior numero di Smart Services;<\/p>\n\n<p>&#8211; Promouvoir les comp\u00e9tences num\u00e9riques ;<\/p>\n\n<p>&#8211; Renforcer la num\u00e9risation de l&rsquo;administration municipale ;<\/p>\n\n<p>&#8211; Am\u00e9liorer la couverture Wi-Fi dans les espaces publics ;<\/p>\n\n<p>&#8211; Promouvoir et d\u00e9velopper les droits num\u00e9riques ;<\/p>\n\n<p>&#8211; Adopter des politiques d&rsquo;inclusion num\u00e9rique, de d\u00e9veloppement et de durabilit\u00e9.<\/p>\n\n<p><strong>1. <\/strong><strong>Favoriser l&rsquo;acc\u00e8s aux services num\u00e9riques<\/strong>.<\/p>\n\n<p>Afin de faciliter l&rsquo;acc\u00e8s aux services num\u00e9riques pour les citoyens, les entreprises et l&rsquo;administration publique, il convient d&rsquo;adopter une s\u00e9rie de strat\u00e9gies ax\u00e9es sur l&rsquo;am\u00e9lioration de l&rsquo;infrastructure num\u00e9rique d\u00e9j\u00e0 en place et comprenant des initiatives de formation et d&rsquo;alphab\u00e9tisation num\u00e9rique. Le d\u00e9ploiement et l&rsquo;activation \u00e0 grande \u00e9chelle du syst\u00e8me d&rsquo;identit\u00e9 num\u00e9rique publique (SPID) et de la carte d&rsquo;identit\u00e9 \u00e9lectronique (CIE) au profit de ceux qui n&rsquo;en disposent pas encore est l&rsquo;une des \u00e9tapes cl\u00e9s pour rendre la vie des citoyens plus simple et plus pratique.<\/p>\n\n<p>La r\u00e9alisation de cet objectif permettra non seulement de cr\u00e9er des services num\u00e9riques efficaces, mais aussi de favoriser la cr\u00e9ation de nouveaux services gr\u00e2ce \u00e0 une planification plus cibl\u00e9e. Nous sommes convaincus que l&rsquo;utilisation du num\u00e9rique est une v\u00e9ritable cl\u00e9 pour revitaliser un territoire, en impliquant aussi et surtout les personnes et les familles les plus d\u00e9favoris\u00e9es en termes de niveau de culture num\u00e9rique.<\/p>\n\n<p><strong>2. <\/strong><strong>Mettre en \u0153uvre et d\u00e9velopper autant de Smart Services<\/strong> que possible.<\/p>\n\n<p>Fournir des services qui anticipent et r\u00e9pondent \u00e0 l&rsquo;avance aux besoins des citoyens et des entreprises : telle est la meilleure d\u00e9finition des services intelligents. Pour ce faire, il est important de cr\u00e9er des canaux de communication num\u00e9riques rapides qui peuvent relier les citoyens aux organismes qui fournissent les services requis. Les capteurs, l&rsquo;IdO et l&rsquo;analyse des donn\u00e9es servent \u00e0 optimiser les services et \u00e0 augmenter la qualit\u00e9 de vie des citoyens, en influen\u00e7ant positivement chaque aspect de la vie quotidienne, de la famille au travail, de la sant\u00e9 aux loisirs.<\/p>\n\n<p>Gr\u00e2ce \u00e0 la cr\u00e9ation d&rsquo;une base de donn\u00e9es, il sera en outre possible d&rsquo;\u00e9changer avec tous les acteurs de la communaut\u00e9, de recueillir leurs demandes et leurs id\u00e9es pour soutenir les projets de mise en \u0153uvre num\u00e9rique d\u00e9j\u00e0 programm\u00e9s ou en cours d&rsquo;\u00e9laboration. La gestion num\u00e9rique de la mobilit\u00e9 et du stationnement, deux domaines n\u00e9vralgiques de la vie quotidienne de chacun, b\u00e9n\u00e9ficiera \u00e9galement d&rsquo;une ville qui a l&rsquo;ambition d&rsquo;\u00eatre r\u00e9ellement Smart.<\/p>\n\n<p><strong>3. <\/strong><strong>Promouvoir les comp\u00e9tences num\u00e9riques<\/strong>.<\/p>\n\n<p>Pour que la transformation num\u00e9rique soit s\u00e9rieuse, les infrastructures et les services num\u00e9ris\u00e9s doivent \u00eatre r\u00e9ellement inclusifs. L&rsquo;un des objectifs de Viareggio Digitale sera de fournir aux citoyens, aux entreprises et aux organismes publics les comp\u00e9tences et les outils n\u00e9cessaires pour compl\u00e9ter cette alphab\u00e9tisation num\u00e9rique pour laquelle tout le monde, l&rsquo;administration municipale en premier lieu, a d\u00e9j\u00e0 travaill\u00e9 dur pendant un certain temps.<\/p>\n\n<p>Avoir les bonnes comp\u00e9tences num\u00e9riques ne signifie pas seulement avoir des comp\u00e9tences techniques, mais \u00eatre capable de comprendre la complexit\u00e9 de l&rsquo;environnement dans lequel nous travaillons et les changements sociaux constants qui ont lieu dans le monde et, en particulier, dans notre municipalit\u00e9. La transformation num\u00e9rique signifie faire de tous les citoyens des protagonistes du changement et les rendre conscients de l&rsquo;\u00eatre. Cela signifie \u00e9galement sortir des sentiers battus et trouver des solutions simples \u00e0 des probl\u00e8mes complexes.<\/p>\n\n<p><strong>4. <\/strong><strong>Enrichir la num\u00e9risation de l&rsquo;administration municipale<\/strong>.<\/p>\n\n<p>Une administration municipale capable de garantir des services de plus en plus efficaces et accessibles \u00e0 ses citoyens est une administration qui fonctionne. C&rsquo;est pourquoi, \u00e0 travers Viareggio Digitale, l&rsquo;objectif de la municipalit\u00e9 est de poursuivre le travail de modernisation de son infrastructure num\u00e9rique. Les \u00e9tapes importantes pour atteindre cet objectif sont les suivantes : achever la migration des proc\u00e9dures et des documents administratifs vers le cloud, encourager le dialogue num\u00e9rique et l&rsquo;interop\u00e9rabilit\u00e9 entre les organismes publics, et renforcer les d\u00e9fenses en mati\u00e8re de cybers\u00e9curit\u00e9.<\/p>\n\n<p>Si, gr\u00e2ce \u00e0 la migration vers le nuage, il sera possible de rendre les centres de donn\u00e9es territoriaux plus efficaces, l&rsquo;interconnexion des bases de donn\u00e9es administratives permettra de cr\u00e9er un profil num\u00e9rique unique pour chaque citoyen, ce qui se traduira par des \u00e9conomies consid\u00e9rables en termes de ressources et de temps. Le d\u00e9veloppement d\u00e9j\u00e0 entam\u00e9 d&rsquo;une plateforme nationale de donn\u00e9es num\u00e9riques (PDND) va dans ce sens et, avec elle, le processus d&rsquo;accessibilit\u00e9 des services publics.<\/p>\n\n<p><a><\/a> <strong>5. <\/strong><strong>Am\u00e9liorer la couverture Wi-Fi dans les espaces publics<\/strong>.<\/p>\n\n<p>La cr\u00e9ation d&rsquo;un r\u00e9seau Wi-Fi accessible gratuitement aux citoyens et aux touristes de la municipalit\u00e9 de Viareggio est l&rsquo;un des objectifs de Viareggio Digitale.<\/p>\n\n<p>En permettant l&rsquo;acc\u00e8s aux services \u00e0 haut d\u00e9bit, via des ordinateurs portables, des smartphones et des tablettes, dans des zones d\u00e9di\u00e9es, sans limite de temps et avec des identifiants envoy\u00e9s par SMS, les citoyens pourront profiter des services num\u00e9riques offerts par la municipalit\u00e9. Un Wi-Fi performant, capable de g\u00e9rer des milliers de connexions simultan\u00e9es et flexible dans la mise en \u0153uvre et l&rsquo;\u00e9volution des services offerts, est indispensable pour une municipalit\u00e9 qui a l&rsquo;ambition d&rsquo;\u00eatre r\u00e9ellement Smart.<\/p>\n\n<p>Dans cette optique, une page d&rsquo;acc\u00e8s au r\u00e9seau Wi-Fi municipal constitue un canal de communication important entre tous les acteurs de la r\u00e9gion, afin qu&rsquo;ils soient toujours au courant des services disponibles, des \u00e9v\u00e9nements les plus importants et de toutes les informations relatives aux services publics.<\/p>\n\n<p>La mise en place de filtres pour la navigation s\u00e9curis\u00e9e, le blocage peer2peer et la qualit\u00e9 de service permettrait de prot\u00e9ger la navigation contre les virus malveillants et le vol d&rsquo;identit\u00e9, ce qui am\u00e9liorerait radicalement le mode de vie des citoyens.<\/p>\n\n<p><strong>6. <\/strong><strong>Promouvoir et d\u00e9velopper les droits num\u00e9riques<\/strong>.<\/p>\n\n<p>La mise en \u0153uvre compl\u00e8te et satisfaisante du Plan num\u00e9rique passe aussi et surtout par le respect et le d\u00e9veloppement des droits num\u00e9riques. Ceux-ci sont respect\u00e9s lorsque les citoyens, les entreprises et l&rsquo;administration publique sont en mesure d&rsquo;acc\u00e9der rapidement et en toute s\u00e9curit\u00e9 aux services en ligne. En outre, les droits num\u00e9riques incluent la possibilit\u00e9 d&rsquo;acqu\u00e9rir rapidement des informations fiables et d&rsquo;\u00e9tablir une communication rapide avec l&rsquo;AP qui a une valeur juridique, si l&rsquo;on s&rsquo;adresse \u00e0 elle pour b\u00e9n\u00e9ficier d&rsquo;une proc\u00e9dure ou d&rsquo;un service. B\u00e9n\u00e9ficier de m\u00e9thodes de paiement num\u00e9rique capables de garantir une transparence et une s\u00e9curit\u00e9 maximales fait partie, tout comme ce qui pr\u00e9c\u00e8de, des droits num\u00e9riques \u00e0 garantir.<\/p>\n\n<p>L&rsquo;acc\u00e8s de tous les citoyens, en particulier des personnes handicap\u00e9es, \u00e0 l&rsquo;information et aux services d&rsquo;utilit\u00e9 publique, tant dans le secteur priv\u00e9 que dans le secteur public, sera un droit garanti par des configurations ad hoc et des technologies d&rsquo;assistance.<\/p>\n\n<p><strong>7. Adopter des politiques pour l&rsquo;inclusion num\u00e9rique, le d\u00e9veloppement et la durabilit\u00e9<\/strong>.<\/p>\n\n<p>Pour relever au mieux les d\u00e9fis de la transformation num\u00e9rique, il faut adopter des politiques inclusives, en particulier \u00e0 l&rsquo;\u00e9gard des groupes menac\u00e9s d&rsquo;exclusion et des plus jeunes, c&rsquo;est-\u00e0-dire ceux qui vivent directement la r\u00e9volution num\u00e9rique contemporaine. Il est n\u00e9cessaire de renforcer les comp\u00e9tences en mati\u00e8re de num\u00e9risation et d&rsquo;innovation technologique, de former les citoyens et de cr\u00e9er des centres d&rsquo;apprentissage sp\u00e9cialis\u00e9s. L&rsquo;objectif ultime de ces actions est d&rsquo;\u00e9viter les \u00e9carts entre l&rsquo;administration publique et les individus les plus fragiles.<\/p>\n\n<p>La coexistence d&rsquo;espaces physiques et interactifs de dialogue et de discussion entre tous les acteurs du plan num\u00e9rique permettra d&rsquo;acc\u00e9der \u00e0 des informations sur la ville, \u00e0 des expositions interactives sur le patrimoine civique et public et \u00e0 des incitations \u00e0 des processus d&rsquo;innovation collaboratifs et inclusifs.<\/p>\n\n<p>L&rsquo;implication progressive des personnes qui peinent \u00e0 acc\u00e9der aux services les plus \u00e9l\u00e9mentaires et de celles qui, malgr\u00e9 l&rsquo;utilisation d&rsquo;outils technologiques, ne disposent pas des bases culturelles pour utiliser la technologie de la mani\u00e8re la plus appropri\u00e9e, n\u00e9cessite une planification et une vision de l&rsquo;avenir capable de placer l&rsquo;\u00e9coute et le partage au centre des pr\u00e9occupations.<\/p>\n","protected":false},"excerpt":{"rendered":"<p>VIAREGGIO DIGITALE Le plan\/projet Le projet Viareggio Digitale a \u00e9t\u00e9 cr\u00e9\u00e9 dans le but ultime de faciliter l&rsquo;acc\u00e8s aux services&hellip;<\/p>\n<p class=\"rmore mb-0\"><a class=\"websoup-read-more-link fw-bold\" href=\"https:\/\/viareggiodigitale.it\/fr\/le-projet\/\">Read More \u2192<\/a><\/p>\n","protected":false},"author":1,"featured_media":0,"parent":0,"menu_order":0,"comment_status":"closed","ping_status":"closed","template":"","meta":{"_acf_changed":false,"footnotes":""},"argomento":[],"class_list":["post-402","page","type-page","status-publish","hentry"],"acf":[],"_links":{"self":[{"href":"https:\/\/viareggiodigitale.it\/fr\/wp-json\/wp\/v2\/pages\/402","targetHints":{"allow":["GET"]}}],"collection":[{"href":"https:\/\/viareggiodigitale.it\/fr\/wp-json\/wp\/v2\/pages"}],"about":[{"href":"https:\/\/viareggiodigitale.it\/fr\/wp-json\/wp\/v2\/types\/page"}],"author":[{"embeddable":true,"href":"https:\/\/viareggiodigitale.it\/fr\/wp-json\/wp\/v2\/users\/1"}],"replies":[{"embeddable":true,"href":"https:\/\/viareggiodigitale.it\/fr\/wp-json\/wp\/v2\/comments?post=402"}],"version-history":[{"count":1,"href":"https:\/\/viareggiodigitale.it\/fr\/wp-json\/wp\/v2\/pages\/402\/revisions"}],"predecessor-version":[{"id":403,"href":"https:\/\/viareggiodigitale.it\/fr\/wp-json\/wp\/v2\/pages\/402\/revisions\/403"}],"wp:attachment":[{"href":"https:\/\/viareggiodigitale.it\/fr\/wp-json\/wp\/v2\/media?parent=402"}],"wp:term":[{"taxonomy":"argomento","embeddable":true,"href":"https:\/\/viareggiodigitale.it\/fr\/wp-json\/wp\/v2\/argomento?post=402"}],"curies":[{"name":"wp","href":"https:\/\/api.w.org\/{rel}","templated":true}]}}