{"id":414,"date":"2023-03-20T12:12:23","date_gmt":"2023-03-20T11:12:23","guid":{"rendered":"https:\/\/viareggiodigitale.it\/notes-legales\/"},"modified":"2023-03-30T11:06:11","modified_gmt":"2023-03-30T09:06:11","slug":"notes-legales","status":"publish","type":"page","link":"https:\/\/viareggiodigitale.it\/fr\/notes-legales\/","title":{"rendered":"Notes l\u00e9gales"},"content":{"rendered":"\n<h2 class=\"wp-block-heading\"><strong>Premise<\/strong><\/h2>\n\n<p><ce site=\"\" web=\"\" contient=\"\" des=\"\" tutoriels=\"\" vid=\"\" produits=\"\" par=\"\" la=\"\" municipalit=\"\" de=\"\" viareggio=\"\" et=\"\" sur=\"\" les=\"\" questions=\"\" num=\"\" produites=\"\" entit=\"\" publiques=\"\" priv=\"\" mises=\"\" disposition=\"\" ces=\"\" derni=\"\" leurs=\"\" cha=\"\" youtube=\"\" respectives.=\"\" sont=\"\" publi=\"\" ce=\"\" portail=\"\" gr=\"\" au=\"\" code=\"\" d=\"\" fourni=\"\" plateforme=\"\" partage=\"\" mat=\"\" est=\"\" propri=\"\" exclusive=\"\" droits=\"\" respectifs.=\"\"> .<\/ce><\/p>\n\n<p>Ce document r\u00e9glemente l&rsquo;acc\u00e8s au site web et r\u00e9git les conditions d&rsquo;utilisation du site web. En acc\u00e9dant \u00e0 ce site et en le consultant, le visiteur accepte les conditions d&rsquo;utilisation suivantes.<\/p>\n\n<h2 class=\"wp-block-heading\">Copyright<\/h2>\n\n<p>L&rsquo;ensemble du contenu et des informations de ce site est prot\u00e9g\u00e9 par la loi sur les droits d&rsquo;auteur. Il s&rsquo;ensuit que leur reproduction n&rsquo;est permise qu&rsquo;avec une autorisation explicite. Les informations publi\u00e9es sur le site, sauf indication contraire, peuvent \u00eatre reproduites \u00e0 condition d&rsquo;en respecter l&rsquo;int\u00e9grit\u00e9 et de citer la source avec l&rsquo;indication expresse de l&rsquo;adresse du site. L&rsquo;autorisation de reproduire le mat\u00e9riel prot\u00e9g\u00e9 par le droit d&rsquo;auteur de la ville de Viareggio ne s&rsquo;\u00e9tend pas au mat\u00e9riel de tiers sur ce site qui est identifi\u00e9 comme \u00e9tant prot\u00e9g\u00e9 par le droit d&rsquo;auteur. L&rsquo;autorisation de reproduire ce mat\u00e9riel doit \u00eatre obtenue aupr\u00e8s des d\u00e9tenteurs des droits d&rsquo;auteur.<\/p>\n\n<h2 class=\"wp-block-heading\">Garanties de contenu<\/h2>\n\n<p>Les contenus du site sont publi\u00e9s dans l&rsquo;\u00e9tat o\u00f9 ils se trouvent et sans garanties d&rsquo;aucune sorte, explicites ou implicites. Bien que les contenus fournis soient consid\u00e9r\u00e9s comme ad\u00e9quats et \u00e0 jour, le propri\u00e9taire, le titulaire et l&rsquo;op\u00e9rateur du site ne garantit pas que le site lui-m\u00eame soit exempt d&rsquo;inexactitudes, d&rsquo;erreurs et\/ou d&rsquo;omissions, ni que ses contenus soient adapt\u00e9s \u00e0 un usage sp\u00e9cifique, ni qu&rsquo;il soit en tout \u00e9tat de cause mis \u00e0 jour en temps utile. L&rsquo;entit\u00e9 se r\u00e9serve le droit de modifier le contenu \u00e0 tout moment.<\/p>\n\n<h2 class=\"wp-block-heading\">Acc\u00e8s aux sites externes li\u00e9s<\/h2>\n\n<p>La Commission n&rsquo;est pas responsable du contenu des sites web externes, qui sont accessibles par des liens sur le site web de la Commission, fournis comme un simple service aux visiteurs de l&rsquo;Internet.<\/p>\n\n<h2 class=\"wp-block-heading\">Contenu envoy\u00e9 par les visiteurs du site<\/h2>\n\n<p>Aucune information de nature confidentielle ou r\u00e9serv\u00e9e ne peut \u00eatre envoy\u00e9e via ce site web. Tout contenu (document, image, formulaire, lien, etc.) envoy\u00e9 \u00e0 l&rsquo;Organe n&rsquo;est pas consid\u00e9r\u00e9 comme confidentiel. L&rsquo;Organe n&rsquo;assume aucune obligation de contr\u00f4le du Contenu que le visiteur t\u00e9l\u00e9charge ou envoie sur son site. Le visiteur garantit que tout Contenu envoy\u00e9 \u00e0 l&rsquo;Organe ne viole pas les droits de propri\u00e9t\u00e9 intellectuelle ou toute autre loi en vigueur. Ce Contenu sera trait\u00e9 comme non confidentiel et ne fera l&rsquo;objet d&rsquo;aucune restriction d&rsquo;utilisation. En soumettant un Contenu, le visiteur accorde \u00e0 l&rsquo;Entit\u00e9 le droit illimit\u00e9 et irr\u00e9vocable d&rsquo;utiliser, d&rsquo;afficher, de modifier, de transmettre ce Contenu, y compris les id\u00e9es et le savoir-faire qui s&rsquo;y rapportent.<\/p>\n\n<h2 class=\"wp-block-heading\">Responsabilit\u00e9<\/h2>\n\n<p>Sans pr\u00e9judice des limites imp\u00e9ratives de la loi, AmCham ne sera pas tenue responsable des dommages indirects, cons\u00e9cutifs ou accessoires, y compris, mais sans s&rsquo;y limiter, le manque \u00e0 gagner, l&rsquo;interruption des activit\u00e9s, la perte de donn\u00e9es, l&rsquo;incapacit\u00e9 d&rsquo;utiliser le Contenu du site ou les dommages r\u00e9sultant du fait d&rsquo;avoir estim\u00e9 que le Contenu du site n&rsquo;\u00e9tait pas fiable. En tout \u00e9tat de cause, la responsabilit\u00e9 de l&rsquo;Entit\u00e9 pour les dommages directs r\u00e9sultant de l&rsquo;utilisation, de l&rsquo;impossibilit\u00e9 d&rsquo;utilisation ou du fait d&rsquo;avoir jug\u00e9 non fiable le Contenu de ce site ou de tout autre site li\u00e9 attribuable \u00e0 l&rsquo;Entit\u00e9 n&rsquo;exc\u00e9dera pas la somme de 100,00 euros.<\/p>\n\n<h2 class=\"wp-block-heading\">Modification des conditions d&rsquo;utilisation<\/h2>\n\n<p>L&rsquo;Organisation se r\u00e9serve le droit de modifier et\/ou de mettre \u00e0 jour les pr\u00e9sentes conditions d&rsquo;utilisation \u00e0 tout moment et sans pr\u00e9avis. Le visiteur, en continuant \u00e0 utiliser ce site, accepte donc \u00e9galement ces changements et\/ou mises \u00e0 jour dont il prendra connaissance en relisant cette page p\u00e9riodiquement et\/ou lorsque cela s&rsquo;av\u00e9rera n\u00e9cessaire.<\/p>\n\n<h2 class=\"wp-block-heading\">Droit applicable et nullit\u00e9 partielle<\/h2>\n\n<p>Ai presenti termini e condizioni d&rsquo;uso si applica la legge Italiana. In merito ad ogni eventuale controversia derivante o relativa agli stessi sar\u00e0 competente il foro del Capoluogo di Provincia in cui l\u2019Ente ha sede. Se parte di queste condizioni d&rsquo;uso dovesse essere giudicata non valida o non applicabile le restanti condizioni rimangono pienamente valide ed efficaci.<\/p>\n","protected":false},"excerpt":{"rendered":"<p>Premise . Ce document r\u00e9glemente l&rsquo;acc\u00e8s au site web et r\u00e9git les conditions d&rsquo;utilisation du site web. En acc\u00e9dant \u00e0&hellip;<\/p>\n<p class=\"rmore mb-0\"><a class=\"websoup-read-more-link fw-bold\" href=\"https:\/\/viareggiodigitale.it\/fr\/notes-legales\/\">Read More \u2192<\/a><\/p>\n","protected":false},"author":2,"featured_media":0,"parent":0,"menu_order":0,"comment_status":"closed","ping_status":"closed","template":"","meta":{"_acf_changed":false,"footnotes":""},"argomento":[],"class_list":["post-414","page","type-page","status-publish","hentry"],"acf":[],"_links":{"self":[{"href":"https:\/\/viareggiodigitale.it\/fr\/wp-json\/wp\/v2\/pages\/414","targetHints":{"allow":["GET"]}}],"collection":[{"href":"https:\/\/viareggiodigitale.it\/fr\/wp-json\/wp\/v2\/pages"}],"about":[{"href":"https:\/\/viareggiodigitale.it\/fr\/wp-json\/wp\/v2\/types\/page"}],"author":[{"embeddable":true,"href":"https:\/\/viareggiodigitale.it\/fr\/wp-json\/wp\/v2\/users\/2"}],"replies":[{"embeddable":true,"href":"https:\/\/viareggiodigitale.it\/fr\/wp-json\/wp\/v2\/comments?post=414"}],"version-history":[{"count":1,"href":"https:\/\/viareggiodigitale.it\/fr\/wp-json\/wp\/v2\/pages\/414\/revisions"}],"predecessor-version":[{"id":415,"href":"https:\/\/viareggiodigitale.it\/fr\/wp-json\/wp\/v2\/pages\/414\/revisions\/415"}],"wp:attachment":[{"href":"https:\/\/viareggiodigitale.it\/fr\/wp-json\/wp\/v2\/media?parent=414"}],"wp:term":[{"taxonomy":"argomento","embeddable":true,"href":"https:\/\/viareggiodigitale.it\/fr\/wp-json\/wp\/v2\/argomento?post=414"}],"curies":[{"name":"wp","href":"https:\/\/api.w.org\/{rel}","templated":true}]}}