{"id":428,"date":"2023-02-21T17:36:41","date_gmt":"2023-02-21T16:36:41","guid":{"rendered":"https:\/\/viareggiodigitale.it\/proposez-vos-idees\/"},"modified":"2023-03-30T12:13:39","modified_gmt":"2023-03-30T10:13:39","slug":"proposez-vos-idees","status":"publish","type":"page","link":"https:\/\/viareggiodigitale.it\/fr\/proposez-vos-idees\/","title":{"rendered":"Proposez vos id\u00e9es"},"content":{"rendered":"\n<p>Devenez un acteur de la transformation num\u00e9rique. Proposez vos id\u00e9es et envoyez-nous vos commentaires, aidez-nous \u00e0 rendre ce projet de plus en plus efficace.<\/p>\n\n<div style=\"height:20px\" aria-hidden=\"true\" class=\"wp-block-spacer\"><\/div>\n\n<h2 class=\"darkblue wp-block-heading\"><strong>Est-ce que vous \u00eates un citoyen priv\u00e9 ?<\/strong><\/h2>\n\n<p>Envoyez-nous vos rapports, id\u00e9es, propositions et suggestions. Nous serons heureux de les prendre en consid\u00e9ration.<\/p>\n\n<div class=\"wp-block-contact-form-7-contact-form-selector\">\n<div class=\"wpcf7 no-js\" id=\"wpcf7-f722-o1\" lang=\"fr-FR\" dir=\"ltr\" data-wpcf7-id=\"722\">\n<div class=\"screen-reader-response\"><p role=\"status\" aria-live=\"polite\" aria-atomic=\"true\"><\/p> <ul><\/ul><\/div>\n<form action=\"\/fr\/wp-json\/wp\/v2\/pages\/428#wpcf7-f722-o1\" method=\"post\" class=\"wpcf7-form init\" aria-label=\"Formulaire de contact\" novalidate=\"novalidate\" data-status=\"init\">\n<fieldset class=\"hidden-fields-container\"><input type=\"hidden\" name=\"_wpcf7\" value=\"722\" \/><input type=\"hidden\" name=\"_wpcf7_version\" value=\"6.1.5\" \/><input type=\"hidden\" name=\"_wpcf7_locale\" value=\"fr_FR\" \/><input type=\"hidden\" name=\"_wpcf7_unit_tag\" value=\"wpcf7-f722-o1\" \/><input type=\"hidden\" name=\"_wpcf7_container_post\" value=\"0\" \/><input type=\"hidden\" name=\"_wpcf7_posted_data_hash\" value=\"\" \/>\n<\/fieldset>\n<div class=\"row\">\r\n<div class=\"col-md-4\">\r\n<div class=\"form-group my-4\">\r\n    <label for=\"nome-cognome\"> Nom et pr\u00e9nom <\/label>\r\n    <span class=\"wpcf7-form-control-wrap\" data-name=\"nome-cognome\"><input size=\"40\" maxlength=\"400\" class=\"wpcf7-form-control wpcf7-text wpcf7-validates-as-required\" id=\"nome-cognome\" aria-required=\"true\" aria-invalid=\"false\" value=\"\" type=\"text\" name=\"nome-cognome\" \/><\/span>\r\n<\/div>\r\n<\/div>\r\n<div class=\"col-md-4\">\r\n<div class=\"form-group my-4\">\r\n    <label for=\"your-email\"> Email <\/label>\r\n    <span class=\"wpcf7-form-control-wrap\" data-name=\"your-email\"><input size=\"40\" maxlength=\"400\" class=\"wpcf7-form-control wpcf7-email wpcf7-validates-as-required wpcf7-text wpcf7-validates-as-email\" id=\"your-email\" aria-required=\"true\" aria-invalid=\"false\" value=\"\" type=\"email\" name=\"your-email\" \/><\/span>\r\n<\/div>\r\n<\/div>\r\n<div class=\"col-md-4\">\r\n<div class=\"form-group my-4\">\r\n    <label for=\"comune\"> Commune de r\u00e9sidence <\/label>\r\n    <span class=\"wpcf7-form-control-wrap\" data-name=\"comune\"><input size=\"40\" maxlength=\"400\" class=\"wpcf7-form-control wpcf7-text wpcf7-validates-as-required\" id=\"comune\" aria-required=\"true\" aria-invalid=\"false\" value=\"\" type=\"text\" name=\"comune\" \/><\/span>\r\n<\/div>\r\n<\/div>\r\n<\/div>\r\n\r\n\r\n<div class=\"form-group my-4\">\r\n    <label for=\"progetto\"> Projet <\/label>\r\n    <span class=\"wpcf7-form-control-wrap\" data-name=\"progetto\"><textarea cols=\"40\" rows=\"4\" maxlength=\"2000\" class=\"wpcf7-form-control wpcf7-textarea wpcf7-validates-as-required\" id=\"progetto\" aria-required=\"true\" aria-invalid=\"false\" name=\"progetto\"><\/textarea><\/span>\r\n<\/div>\r\n\r\n\r\n<div class=\"form-check mb-4\">\r\n<span class=\"wpcf7-form-control-wrap\" data-name=\"privacy\"><span class=\"wpcf7-form-control wpcf7-acceptance\"><span class=\"wpcf7-list-item\"><label><input type=\"checkbox\" name=\"privacy\" value=\"1\" aria-invalid=\"false\" \/><span class=\"wpcf7-list-item-label\">e d\u00e9clare avoir pris connaissance des <a href=\"https:\/\/viareggiodigitale.it\/fr\/privacy-policy\/\">informations sur le traitement des donn\u00e9es \u00e0 caract\u00e8re personnel<\/a>.<\/span><\/label><\/span><\/span><\/span>\r\n<\/div>\r\n\r\n<div class=\"form-check mb-4\">\r\n<span class=\"wpcf7-form-control-wrap\" data-name=\"privacy2\"><span class=\"wpcf7-form-control wpcf7-acceptance\"><span class=\"wpcf7-list-item\"><input type=\"checkbox\" name=\"privacy2\" value=\"1\" aria-invalid=\"false\" \/><\/span><\/span><\/span>Je soussign\u00e9(e), apr\u00e8s avoir pris connaissance des informations fournies par le responsable du traitement sous la forme d'une notice d'information conform\u00e9ment au r\u00e8glement (UE) n\u00b0 679\/2016, donne mon consentement au traitement de mes donn\u00e9es \u00e0 caract\u00e8re personnel aux fins indiqu\u00e9es dans la notice d'information susmentionn\u00e9e.\/acceptance]\r\n<\/div>\r\n\r\n<div class=\"mb-5\">\r\n<input class=\"wpcf7-form-control wpcf7-submit has-spinner btn btn-primary px-5\" id=\"subbtn\" type=\"submit\" value=\"Soumettre\" \/>\r\n<\/div><div class=\"wpcf7-response-output\" aria-hidden=\"true\"><\/div>\n<\/form>\n<\/div>\n<\/div>\r\n","protected":false},"excerpt":{"rendered":"<p>Devenez un acteur de la transformation num\u00e9rique. Proposez vos id\u00e9es et envoyez-nous vos commentaires, aidez-nous \u00e0 rendre ce projet de&hellip;<\/p>\n<p class=\"rmore mb-0\"><a class=\"websoup-read-more-link fw-bold\" href=\"https:\/\/viareggiodigitale.it\/fr\/proposez-vos-idees\/\">Read More \u2192<\/a><\/p>\n","protected":false},"author":1,"featured_media":0,"parent":0,"menu_order":0,"comment_status":"closed","ping_status":"closed","template":"","meta":{"_acf_changed":false,"footnotes":""},"argomento":[],"class_list":["post-428","page","type-page","status-publish","hentry"],"acf":[],"_links":{"self":[{"href":"https:\/\/viareggiodigitale.it\/fr\/wp-json\/wp\/v2\/pages\/428","targetHints":{"allow":["GET"]}}],"collection":[{"href":"https:\/\/viareggiodigitale.it\/fr\/wp-json\/wp\/v2\/pages"}],"about":[{"href":"https:\/\/viareggiodigitale.it\/fr\/wp-json\/wp\/v2\/types\/page"}],"author":[{"embeddable":true,"href":"https:\/\/viareggiodigitale.it\/fr\/wp-json\/wp\/v2\/users\/1"}],"replies":[{"embeddable":true,"href":"https:\/\/viareggiodigitale.it\/fr\/wp-json\/wp\/v2\/comments?post=428"}],"version-history":[{"count":1,"href":"https:\/\/viareggiodigitale.it\/fr\/wp-json\/wp\/v2\/pages\/428\/revisions"}],"predecessor-version":[{"id":429,"href":"https:\/\/viareggiodigitale.it\/fr\/wp-json\/wp\/v2\/pages\/428\/revisions\/429"}],"wp:attachment":[{"href":"https:\/\/viareggiodigitale.it\/fr\/wp-json\/wp\/v2\/media?parent=428"}],"wp:term":[{"taxonomy":"argomento","embeddable":true,"href":"https:\/\/viareggiodigitale.it\/fr\/wp-json\/wp\/v2\/argomento?post=428"}],"curies":[{"name":"wp","href":"https:\/\/api.w.org\/{rel}","templated":true}]}}