{"id":434,"date":"2023-03-28T13:56:49","date_gmt":"2023-03-28T11:56:49","guid":{"rendered":"https:\/\/viareggiodigitale.it\/statistiques-du-site-web\/"},"modified":"2023-03-31T11:08:43","modified_gmt":"2023-03-31T09:08:43","slug":"statistiques-du-site-web","status":"publish","type":"page","link":"https:\/\/viareggiodigitale.it\/fr\/statistiques-du-site-web\/","title":{"rendered":"Statistiques du site web"},"content":{"rendered":"\n<h2 class=\"wp-block-heading\">R\u00e9sum\u00e9 des visites du mois pr\u00e9c\u00e9dent<\/h2>\n\n<iframe loading=\"lazy\" src=\"https:\/\/api.webanalytics.italia.it\/widgets\/index.php?module=Widgetize&#038;action=iframe&#038;widget=1&#038;moduleToWidgetize=VisitsSummary&#038;actionToWidgetize=get&#038;idSite=13785&#038;period=month&#038;date=-1month&#038;disableLink=1&#038;forceView=1&#038;viewDataTable=sparklines\" scrolling=\"yes\" marginheight=\"0\" marginwidth=\"0\" width=\"100%\" height=\"522\" frameborder=\"0\"><\/iframe>\r\n\n<h2 class=\"wp-block-heading\">Visites au cours de la p\u00e9riode<\/h2>\n\n<iframe loading=\"lazy\" src=\"https:\/\/api.webanalytics.italia.it\/widgets\/index.php?module=Widgetize&#038;action=iframe&#038;widget=1&#038;moduleToWidgetize=VisitsSummary&#038;actionToWidgetize=getEvolutionGraph&#038;idSite=13785&#038;period=month&#038;date=-1month&#038;disableLink=1&#038;forceView=1&#038;viewDataTable=graphEvolution&#038;evolution_month_last_n=6\" scrolling=\"yes\" marginheight=\"0\" marginwidth=\"0\" width=\"100%\" height=\"301\" frameborder=\"0\"><\/iframe>\r\n\n<h2 class=\"wp-block-heading\">Type de dispositif<\/h2>\n\n<iframe loading=\"lazy\" src=\"https:\/\/api.webanalytics.italia.it\/widgets\/index.php?module=Widgetize&#038;action=iframe&#038;widget=1&#038;moduleToWidgetize=DevicesDetection&#038;actionToWidgetize=getType&#038;idSite=13785&#038;period=month&#038;date=-1month&#038;disableLink=1\" scrolling=\"yes\" marginheight=\"0\" marginwidth=\"0\" width=\"100%\" height=\"606\" frameborder=\"0\"><\/iframe>\r\n\n<h2 class=\"wp-block-heading\">Referrer<\/h2>\n\n<iframe loading=\"lazy\" src=\"https:\/\/api.webanalytics.italia.it\/widgets\/index.php?module=Widgetize&#038;action=iframe&#038;widget=1&#038;moduleToWidgetize=Referrers&#038;actionToWidgetize=getReferrerType&#038;idSite=13785&#038;period=month&#038;date=-1month&#038;disableLink=1&#038;filter_limit=5\" scrolling=\"yes\" marginheight=\"0\" marginwidth=\"0\" width=\"100%\" height=\"389\" frameborder=\"0\"><\/iframe>\r\n\n<h2 class=\"wp-block-heading\">Pages<\/h2>\n\n<iframe loading=\"lazy\" src=\"https:\/\/api.webanalytics.italia.it\/widgets\/index.php?module=Widgetize&#038;action=iframe&#038;widget=1&#038;moduleToWidgetize=Actions&#038;actionToWidgetize=getPageUrls&#038;idSite=13785&#038;period=month&#038;date=-1month&#038;disableLink=1&#038;filter_limit=5&#038;flat=1\" scrolling=\"yes\" marginheight=\"0\" marginwidth=\"0\" width=\"100%\" height=\"448\" frameborder=\"0\"><\/iframe>\r\n\n<h2 class=\"wp-block-heading\">Web site<\/h2>\n\n<iframe loading=\"lazy\" src=\"https:\/\/api.webanalytics.italia.it\/widgets\/index.php?module=Widgetize&#038;action=iframe&#038;widget=1&#038;moduleToWidgetize=Referrers&#038;actionToWidgetize=getWebsites&#038;idSite=13785&#038;period=month&#038;date=-1month&#038;disableLink=1&#038;filter_limit=10&#038;flat=1\" scrolling=\"yes\" marginheight=\"0\" marginwidth=\"0\" width=\"100%\" height=\"608\" frameborder=\"0\"><\/iframe>\r\n","protected":false},"excerpt":{"rendered":"<p>R\u00e9sum\u00e9 des visites du mois pr\u00e9c\u00e9dent Visites au cours de la p\u00e9riode Type de dispositif Referrer Pages Web site&hellip;<\/p>\n<p class=\"rmore mb-0\"><a class=\"websoup-read-more-link fw-bold\" href=\"https:\/\/viareggiodigitale.it\/fr\/statistiques-du-site-web\/\">Read More \u2192<\/a><\/p>\n","protected":false},"author":1,"featured_media":0,"parent":0,"menu_order":0,"comment_status":"closed","ping_status":"closed","template":"","meta":{"_acf_changed":false,"footnotes":""},"argomento":[],"class_list":["post-434","page","type-page","status-publish","hentry"],"acf":[],"_links":{"self":[{"href":"https:\/\/viareggiodigitale.it\/fr\/wp-json\/wp\/v2\/pages\/434","targetHints":{"allow":["GET"]}}],"collection":[{"href":"https:\/\/viareggiodigitale.it\/fr\/wp-json\/wp\/v2\/pages"}],"about":[{"href":"https:\/\/viareggiodigitale.it\/fr\/wp-json\/wp\/v2\/types\/page"}],"author":[{"embeddable":true,"href":"https:\/\/viareggiodigitale.it\/fr\/wp-json\/wp\/v2\/users\/1"}],"replies":[{"embeddable":true,"href":"https:\/\/viareggiodigitale.it\/fr\/wp-json\/wp\/v2\/comments?post=434"}],"version-history":[{"count":1,"href":"https:\/\/viareggiodigitale.it\/fr\/wp-json\/wp\/v2\/pages\/434\/revisions"}],"predecessor-version":[{"id":435,"href":"https:\/\/viareggiodigitale.it\/fr\/wp-json\/wp\/v2\/pages\/434\/revisions\/435"}],"wp:attachment":[{"href":"https:\/\/viareggiodigitale.it\/fr\/wp-json\/wp\/v2\/media?parent=434"}],"wp:term":[{"taxonomy":"argomento","embeddable":true,"href":"https:\/\/viareggiodigitale.it\/fr\/wp-json\/wp\/v2\/argomento?post=434"}],"curies":[{"name":"wp","href":"https:\/\/api.w.org\/{rel}","templated":true}]}}