{"id":441,"date":"2023-02-28T17:17:59","date_gmt":"2023-02-28T16:17:59","guid":{"rendered":"https:\/\/viareggiodigitale.it\/decouvrez-votre-quotient-numerique\/"},"modified":"2023-03-31T18:18:45","modified_gmt":"2023-03-31T16:18:45","slug":"decouvrez-votre-quotient-numerique","status":"publish","type":"page","link":"https:\/\/viareggiodigitale.it\/fr\/decouvrez-votre-quotient-numerique\/","title":{"rendered":"D\u00e9couvrez votre quotient num\u00e9rique"},"content":{"rendered":"\n<p><strong>Quel est votre degr\u00e9 de num\u00e9risation ?<\/strong><\/p>\n\n<p>Faites le test et d\u00e9couvrez-le maintenant.<\/p>\n\n<p>En fonction de votre niveau, nous avons s\u00e9lectionn\u00e9 un ensemble de contenus qui vous permettront d&rsquo;apprendre de nouvelles choses et de vous am\u00e9liorer.<\/p>\n\n<div id=\"formcalc\" class=\"wp-block-group\"><div class=\"wp-block-group__inner-container is-layout-constrained wp-block-group-is-layout-constrained\">\n<div class=\"wp-block-contact-form-7-contact-form-selector\">\n<div class=\"wpcf7 no-js\" id=\"wpcf7-f748-o1\" lang=\"fr-FR\" dir=\"ltr\" data-wpcf7-id=\"748\">\n<div class=\"screen-reader-response\"><p role=\"status\" aria-live=\"polite\" aria-atomic=\"true\"><\/p> <ul><\/ul><\/div>\n<form action=\"\/fr\/wp-json\/wp\/v2\/pages\/441#wpcf7-f748-o1\" method=\"post\" class=\"wpcf7-form init\" aria-label=\"Formulaire de contact\" novalidate=\"novalidate\" data-status=\"init\">\n<fieldset class=\"hidden-fields-container\"><input type=\"hidden\" name=\"_wpcf7\" value=\"748\" \/><input type=\"hidden\" name=\"_wpcf7_version\" value=\"6.1.5\" \/><input type=\"hidden\" name=\"_wpcf7_locale\" value=\"fr_FR\" \/><input type=\"hidden\" name=\"_wpcf7_unit_tag\" value=\"wpcf7-f748-o1\" \/><input type=\"hidden\" name=\"_wpcf7_container_post\" value=\"0\" \/><input type=\"hidden\" name=\"_wpcf7_posted_data_hash\" value=\"\" \/>\n<\/fieldset>\n<div class=\"my-5\">\r\n    <div class=\"select-wrapper\"><label for=\"categoria\"> Cat\u00e9gorie <\/label><span class=\"wpcf7-form-control-wrap\" data-name=\"categoria\"><select class=\"wpcf7-form-control wpcf7-select wpcf7-validates-as-required\" id=\"categoria\" aria-required=\"true\" aria-invalid=\"false\" name=\"categoria\"><option value=\"\">&#8212;Veuillez choisir une option&#8212;<\/option><option value=\"Citoyen\">Citoyen<\/option><option value=\"Entrepreneur\">Entrepreneur<\/option><option value=\"Fonctionnaire\">Fonctionnaire<\/option><\/select><\/span><\/div>\r\n<\/div>\r\n\r\n<div class=\"my-5\">\r\n    <div class=\"select-wrapper\"><label for=\"eta\"> \u00c2ge <\/label><span class=\"wpcf7-form-control-wrap\" data-name=\"eta\"><select class=\"wpcf7-form-control wpcf7-select wpcf7-validates-as-required\" id=\"eta\" aria-required=\"true\" aria-invalid=\"false\" name=\"eta\"><option value=\"\">&#8212;Veuillez choisir une option&#8212;<\/option><option value=\"moins de 18 ans\">moins de 18 ans<\/option><option value=\"entre 18 et 40 ans\">entre 18 et 40 ans<\/option><option value=\"entre 40 et 60 ans\">entre 40 et 60 ans<\/option><option value=\"plus de 60 ans\">plus de 60 ans<\/option><\/select><\/span> <\/div>\r\n<\/div>\r\n\r\n<div class=\"my-5\">\r\n    <div class=\"select-wrapper\"><label for=\"titolo_di_studio\"> Qualification <\/label><span class=\"wpcf7-form-control-wrap\" data-name=\"titolo_di_studio\"><select class=\"wpcf7-form-control wpcf7-select wpcf7-validates-as-required\" id=\"titolo_di_studio\" aria-required=\"true\" aria-invalid=\"false\" name=\"titolo_di_studio\"><option value=\"\">&#8212;Veuillez choisir une option&#8212;<\/option><option value=\"Pas de qualification\">Pas de qualification<\/option><option value=\"Certificat d&#039;\u00e9tudes primaires\">Certificat d&#039;\u00e9tudes primaires<\/option><option value=\"Dipl\u00f4me de l&#039;enseignement secondaire inf\u00e9rieur\">Dipl\u00f4me de l&#039;enseignement secondaire inf\u00e9rieur<\/option><option value=\"Dipl\u00f4me de fin d&#039;\u00e9tudes secondaires\">Dipl\u00f4me de fin d&#039;\u00e9tudes secondaires<\/option><option value=\"Dipl\u00f4me universitaire\">Dipl\u00f4me universitaire<\/option><option value=\"Dipl\u00f4me d&#039;\u00e9tudes sup\u00e9rieures (Master)\">Dipl\u00f4me d&#039;\u00e9tudes sup\u00e9rieures (Master)<\/option><\/select><\/span> <\/div>\r\n<\/div>\r\n\r\n<p class=\"fw-bold\">Connaissez-vous les applications et les services num\u00e9riques suivants de la municipalit\u00e9 de Viareggio ?<\/p>\r\n\r\n<div class=\"mb-4\"> <span class=\"label\">FarmaCity<\/span>\r\n    <div class=\"form-check\"> <span class=\"wpcf7-form-control-wrap\" data-name=\"app_farmacity\"><span class=\"wpcf7-form-control wpcf7-radio\"><span class=\"wpcf7-list-item first\"><label><input type=\"radio\" name=\"app_farmacity\" value=\"Je ne sais pas\" checked=\"checked\" \/><span class=\"wpcf7-list-item-label\">Je ne sais pas<\/span><\/label><\/span><span class=\"wpcf7-list-item\"><label><input type=\"radio\" name=\"app_farmacity\" value=\"J&#039;en ai entendu parler\" \/><span class=\"wpcf7-list-item-label\">J&#039;en ai entendu parler<\/span><\/label><\/span><span class=\"wpcf7-list-item last\"><label><input type=\"radio\" name=\"app_farmacity\" value=\"J&#039;utilise\" \/><span class=\"wpcf7-list-item-label\">J&#039;utilise<\/span><\/label><\/span><\/span><\/span> <\/div>\r\n<\/div>\r\n\r\n<div class=\"mb-4\"> <span class=\"label\">Immuni<\/span>\r\n    <div class=\"form-check\"> <span class=\"wpcf7-form-control-wrap\" data-name=\"app_immuni\"><span class=\"wpcf7-form-control wpcf7-radio\"><span class=\"wpcf7-list-item first\"><label><input type=\"radio\" name=\"app_immuni\" value=\"Je ne sais pas\" checked=\"checked\" \/><span class=\"wpcf7-list-item-label\">Je ne sais pas<\/span><\/label><\/span><span class=\"wpcf7-list-item\"><label><input type=\"radio\" name=\"app_immuni\" value=\"J&#039;en ai entendu parler\" \/><span class=\"wpcf7-list-item-label\">J&#039;en ai entendu parler<\/span><\/label><\/span><span class=\"wpcf7-list-item last\"><label><input type=\"radio\" name=\"app_immuni\" value=\"J&#039;utilise\" \/><span class=\"wpcf7-list-item-label\">J&#039;utilise<\/span><\/label><\/span><\/span><\/span> <\/div>\r\n<\/div>\r\n\r\n<div class=\"mb-4\"> <span class=\"label\">App IO<\/span>\r\n    <div class=\"form-check\"> <span class=\"wpcf7-form-control-wrap\" data-name=\"app_io\"><span class=\"wpcf7-form-control wpcf7-radio\"><span class=\"wpcf7-list-item first\"><label><input type=\"radio\" name=\"app_io\" value=\"Je ne sais pas\" checked=\"checked\" \/><span class=\"wpcf7-list-item-label\">Je ne sais pas<\/span><\/label><\/span><span class=\"wpcf7-list-item\"><label><input type=\"radio\" name=\"app_io\" value=\"J&#039;en ai entendu parler\" \/><span class=\"wpcf7-list-item-label\">J&#039;en ai entendu parler<\/span><\/label><\/span><span class=\"wpcf7-list-item last\"><label><input type=\"radio\" name=\"app_io\" value=\"J&#039;utilise\" \/><span class=\"wpcf7-list-item-label\">J&#039;utilise<\/span><\/label><\/span><\/span><\/span> <\/div>\r\n<\/div>\r\n\r\n<div class=\"mb-4\"> <span class=\"label\">MoVer App<\/span>\r\n    <div class=\"form-check\"> <span class=\"wpcf7-form-control-wrap\" data-name=\"app_mover\"><span class=\"wpcf7-form-control wpcf7-radio\"><span class=\"wpcf7-list-item first\"><label><input type=\"radio\" name=\"app_mover\" value=\"Je ne sais pas\" checked=\"checked\" \/><span class=\"wpcf7-list-item-label\">Je ne sais pas<\/span><\/label><\/span><span class=\"wpcf7-list-item\"><label><input type=\"radio\" name=\"app_mover\" value=\"J&#039;en ai entendu parler\" \/><span class=\"wpcf7-list-item-label\">J&#039;en ai entendu parler<\/span><\/label><\/span><span class=\"wpcf7-list-item last\"><label><input type=\"radio\" name=\"app_mover\" value=\"J&#039;utilise\" \/><span class=\"wpcf7-list-item-label\">J&#039;utilise<\/span><\/label><\/span><\/span><\/span> <\/div>\r\n<\/div>\r\n\r\n<div class=\"my-5\">\r\n<div class=\"select-wrapper\"><label for=\"spid\"> Avez-vous un SPID et \u00e0 quelle fr\u00e9quence l'utilisez-vous? <\/label> <span class=\"wpcf7-form-control-wrap\" data-name=\"hai_lo_spid\"><select class=\"wpcf7-form-control wpcf7-select wpcf7-validates-as-required\" id=\"spid\" aria-required=\"true\" aria-invalid=\"false\" name=\"hai_lo_spid\"><option value=\"\">&#8212;Veuillez choisir une option&#8212;<\/option><option value=\"Je ne l&#039;utilise pas\">Je ne l&#039;utilise pas<\/option><option value=\"Oui, mais je ne l&#039;utilise pas\">Oui, mais je ne l&#039;utilise pas<\/option><option value=\"Oui et je l&#039;utilise\">Oui et je l&#039;utilise<\/option><\/select><\/span> <\/div>\r\n<\/div>\r\n\r\n<div class=\"my-5\">\r\n<div class=\"select-wrapper\"><label for=\"bollette\"> Payez-vous vos factures et vos factures de services publics en ligne? <\/label> <span class=\"wpcf7-form-control-wrap\" data-name=\"paghi_bollette\"><select class=\"wpcf7-form-control wpcf7-select wpcf7-validates-as-required\" id=\"bollette\" aria-required=\"true\" aria-invalid=\"false\" name=\"paghi_bollette\"><option value=\"\">&#8212;Veuillez choisir une option&#8212;<\/option><option value=\"Non\">Non<\/option><option value=\"Oui, mais seulement occasionnellement\">Oui, mais seulement occasionnellement<\/option><option value=\"Oui, toujours\">Oui, toujours<\/option><\/select><\/span> <\/div>\r\n<\/div>\r\n\r\n<div class=\"my-5\">\r\n<div class=\"select-wrapper\"><label for=\"social\"> Avez-vous un profil sur un r\u00e9seau social et dans quelle mesure l'utilisez-vous? <\/label> <span class=\"wpcf7-form-control-wrap\" data-name=\"hai_profilo_social\"><select class=\"wpcf7-form-control wpcf7-select wpcf7-validates-as-required\" id=\"social\" aria-required=\"true\" aria-invalid=\"false\" name=\"hai_profilo_social\"><option value=\"\">&#8212;Veuillez choisir une option&#8212;<\/option><option value=\"Pas du tout\">Pas du tout<\/option><option value=\"Au moins\">Au moins<\/option><option value=\"Tr\u00e8s souvent\">Tr\u00e8s souvent<\/option><\/select><\/span> <\/div>\r\n<\/div>\r\n\r\n<p class=\"fw-bold\">LA RECHERCHE ET L'\u00c9VALUATION D'INFORMATIONS EN LIGNE<\/p>\r\n<div class=\"mb-4 radioblock\">Choisissez la phrase qui d\u00e9crit le mieux vos habitudes en ligne.\r\n    <div class=\"form-check\"> <span class=\"wpcf7-form-control-wrap\" data-name=\"ricerca_valutazione\"><span class=\"wpcf7-form-control wpcf7-radio\"><span class=\"wpcf7-list-item first\"><label><input type=\"radio\" name=\"ricerca_valutazione\" value=\"1) J&#039;utilise de temps en temps des moteurs de recherche en ligne et je me fie aux r\u00e9sultats qu&#039;ils me donnent;\" checked=\"checked\" \/><span class=\"wpcf7-list-item-label\">1) J&#039;utilise de temps en temps des moteurs de recherche en ligne et je me fie aux r\u00e9sultats qu&#039;ils me donnent;<\/span><\/label><\/span><span class=\"wpcf7-list-item\"><label><input type=\"radio\" name=\"ricerca_valutazione\" value=\"2) J&#039;obtiens des r\u00e9sultats satisfaisants des moteurs de recherche en s\u00e9lectionnant partiellement la source d&#039;information;\" \/><span class=\"wpcf7-list-item-label\">2) J&#039;obtiens des r\u00e9sultats satisfaisants des moteurs de recherche en s\u00e9lectionnant partiellement la source d&#039;information;<\/span><\/label><\/span><span class=\"wpcf7-list-item last\"><label><input type=\"radio\" name=\"ricerca_valutazione\" value=\"3) Je suis capable d&#039;effectuer une recherche approfondie pour trouver les donn\u00e9es, les informations et le contenu dont j&#039;ai besoin. Je s\u00e9lectionne \u00e9galement les sources et v\u00e9rifie leur fiabilit\u00e9.\" \/><span class=\"wpcf7-list-item-label\">3) Je suis capable d&#039;effectuer une recherche approfondie pour trouver les donn\u00e9es, les informations et le contenu dont j&#039;ai besoin. Je s\u00e9lectionne \u00e9galement les sources et v\u00e9rifie leur fiabilit\u00e9.<\/span><\/label><\/span><\/span><\/span> <\/div>\r\n<\/div>\r\n\r\n<p class=\"fw-bold\">INTERACTION NUM\u00c9RIQUE<\/p>\r\n<div class=\"mb-4 radioblock\">Choisissez la phrase qui d\u00e9crit le mieux vos habitudes en ligne.\r\n    <div class=\"form-check\"> <span class=\"wpcf7-form-control-wrap\" data-name=\"interazione_digitale\"><span class=\"wpcf7-form-control wpcf7-radio\"><span class=\"wpcf7-list-item first\"><label><input type=\"radio\" name=\"interazione_digitale\" value=\"1) Je n&#039;utilise que des technologies num\u00e9riques simples, comme la messagerie en ligne ou les appels vid\u00e9o, pour interagir avec d&#039;autres personnes;\" checked=\"checked\" \/><span class=\"wpcf7-list-item-label\">1) Je n&#039;utilise que des technologies num\u00e9riques simples, comme la messagerie en ligne ou les appels vid\u00e9o, pour interagir avec d&#039;autres personnes;<\/span><\/label><\/span><span class=\"wpcf7-list-item\"><label><input type=\"radio\" name=\"interazione_digitale\" value=\"2) J&#039;interagis en ligne avec d&#039;autres personnes en choisissant les outils num\u00e9riques les mieux adapt\u00e9s \u00e0 mes besoins (logiciels de vid\u00e9oconf\u00e9rence, services en nuage, etc.);\" \/><span class=\"wpcf7-list-item-label\">2) J&#039;interagis en ligne avec d&#039;autres personnes en choisissant les outils num\u00e9riques les mieux adapt\u00e9s \u00e0 mes besoins (logiciels de vid\u00e9oconf\u00e9rence, services en nuage, etc.);<\/span><\/label><\/span><span class=\"wpcf7-list-item last\"><label><input type=\"radio\" name=\"interazione_digitale\" value=\"3) Je suis capable d&#039;utiliser les technologies et les m\u00e9dias num\u00e9riques avec dext\u00e9rit\u00e9, dans ma vie priv\u00e9e et au travail, en donnant \u00e0 mes coll\u00e8gues, m\u00eame les moins num\u00e9ris\u00e9s, toutes les informations dont ils ont besoin.\" \/><span class=\"wpcf7-list-item-label\">3) Je suis capable d&#039;utiliser les technologies et les m\u00e9dias num\u00e9riques avec dext\u00e9rit\u00e9, dans ma vie priv\u00e9e et au travail, en donnant \u00e0 mes coll\u00e8gues, m\u00eame les moins num\u00e9ris\u00e9s, toutes les informations dont ils ont besoin.<\/span><\/label><\/span><\/span><\/span> <\/div>\r\n<\/div>\r\n\r\n<p class=\"fw-bold\">CR\u00c9ER ET PARTAGER DU CONTENU NUM\u00c9RIQUE<\/p>\r\n<div class=\"mb-4 radioblock\">Choisissez la phrase qui d\u00e9crit le mieux vos habitudes en ligne.\r\n    <div class=\"form-check\"> <span class=\"wpcf7-form-control-wrap\" data-name=\"creazione_condivisione\"><span class=\"wpcf7-form-control wpcf7-radio\"><span class=\"wpcf7-list-item first\"><label><input type=\"radio\" name=\"creazione_condivisione\" value=\"1) Si je prends une photo qui me pla\u00eet, je peux la modifier et l&#039;envoyer \u00e0 mon ami;\" checked=\"checked\" \/><span class=\"wpcf7-list-item-label\">1) Si je prends une photo qui me pla\u00eet, je peux la modifier et l&#039;envoyer \u00e0 mon ami;<\/span><\/label><\/span><span class=\"wpcf7-list-item\"><label><input type=\"radio\" name=\"creazione_condivisione\" value=\"2) Je suis capable d&#039;utiliser un logiciel pour cr\u00e9er une pr\u00e9sentation num\u00e9rique avec animation, vid\u00e9o, audio;\" \/><span class=\"wpcf7-list-item-label\">2) Je suis capable d&#039;utiliser un logiciel pour cr\u00e9er une pr\u00e9sentation num\u00e9rique avec animation, vid\u00e9o, audio;<\/span><\/label><\/span><span class=\"wpcf7-list-item last\"><label><input type=\"radio\" name=\"creazione_condivisione\" value=\"3) J&#039;utilise fr\u00e9quemment des bases de donn\u00e9es qui me permettent d&#039;utiliser des images qui ne sont pas prot\u00e9g\u00e9es par des droits d&#039;auteur.\" \/><span class=\"wpcf7-list-item-label\">3) J&#039;utilise fr\u00e9quemment des bases de donn\u00e9es qui me permettent d&#039;utiliser des images qui ne sont pas prot\u00e9g\u00e9es par des droits d&#039;auteur.<\/span><\/label><\/span><\/span><\/span> <\/div>\r\n<\/div>\r\n\r\n<p class=\"fw-bold\">SOCIAL<\/p>\r\n<div class=\"mb-4 radioblock\">Choisissez la phrase qui d\u00e9crit le mieux vos habitudes en ligne.\r\n    <div class=\"form-check\"> <span class=\"wpcf7-form-control-wrap\" data-name=\"social\"><span class=\"wpcf7-form-control wpcf7-radio\"><span class=\"wpcf7-list-item first\"><label><input type=\"radio\" name=\"social\" value=\"1) Je n&#039;ai qu&#039;un seul profil social et je surfe de temps en temps sur les sites sociaux;\" checked=\"checked\" \/><span class=\"wpcf7-list-item-label\">1) Je n&#039;ai qu&#039;un seul profil social et je surfe de temps en temps sur les sites sociaux;<\/span><\/label><\/span><span class=\"wpcf7-list-item\"><label><input type=\"radio\" name=\"social\" value=\"2) J&#039;aime naviguer sur les r\u00e9seaux sociaux et je cr\u00e9e et partage du contenu de temps en temps;\" \/><span class=\"wpcf7-list-item-label\">2) J&#039;aime naviguer sur les r\u00e9seaux sociaux et je cr\u00e9e et partage du contenu de temps en temps;<\/span><\/label><\/span><span class=\"wpcf7-list-item last\"><label><input type=\"radio\" name=\"social\" value=\"3) J&#039;ai plusieurs profils sociaux, je navigue sur les r\u00e9seaux sociaux plusieurs fois par jour, je publie des messages, je commente, je partage des informations et je fais du direct pour divertir mes amis.\" \/><span class=\"wpcf7-list-item-label\">3) J&#039;ai plusieurs profils sociaux, je navigue sur les r\u00e9seaux sociaux plusieurs fois par jour, je publie des messages, je commente, je partage des informations et je fais du direct pour divertir mes amis.<\/span><\/label><\/span><\/span><\/span> <\/div>\r\n<\/div>\r\n\r\n<p class=\"fw-bold\">S\u00c9CURIT\u00c9 DES APPAREILS ET DES DONN\u00c9ES PERSONNELLES<\/p>\r\n<div class=\"mb-4 radioblock\">Choisissez la phrase qui d\u00e9crit le mieux vos habitudes en ligne.\r\n    <div class=\"form-check\"> [radio sicurezza use_label_element default:1 \"1) Je me soucie peu de la protection de mes donn\u00e9es personnelles et de ma vie priv\u00e9e dans les environnements num\u00e9riques;\" \"2) Je suis capable d'identifier et de choisir la mani\u00e8re la plus appropri\u00e9e de prot\u00e9ger mes donn\u00e9es personnelles ou de les partager avec des tiers;\" \"3) Je g\u00e8re sans probl\u00e8me des situations complexes, telles que l'utilisation de donn\u00e9es personnelles qui ne respectent pas la \"politique de confidentialit\u00e9.\"] <\/div>\r\n<\/div>\r\n\r\n<p class=\"fw-bold\">R\u00c9SOUDRE LES PROBL\u00c8MES NUM\u00c9RIQUES<\/p>\r\n<div class=\"mb-4 radioblock\">Choisissez la phrase qui d\u00e9crit le mieux vos habitudes en ligne.\r\n    <div class=\"form-check\"> <span class=\"wpcf7-form-control-wrap\" data-name=\"problemi_digitali\"><span class=\"wpcf7-form-control wpcf7-radio\"><span class=\"wpcf7-list-item first\"><label><input type=\"radio\" name=\"problemi_digitali\" value=\"1) Je peux d\u00e9tecter l&#039;apparition d&#039;un probl\u00e8me technique, mais je demande de l&#039;aide pour le r\u00e9soudre;\" checked=\"checked\" \/><span class=\"wpcf7-list-item-label\">1) Je peux d\u00e9tecter l&#039;apparition d&#039;un probl\u00e8me technique, mais je demande de l&#039;aide pour le r\u00e9soudre;<\/span><\/label><\/span><span class=\"wpcf7-list-item\"><label><input type=\"radio\" name=\"problemi_digitali\" value=\"2) Lorsqu&#039;un probl\u00e8me technique se pr\u00e9sente \u00e0 moi, j&#039;essaie de le r\u00e9soudre en cherchant la solution en ligne, mais je n&#039;y parviens pas toujours\" \/><span class=\"wpcf7-list-item-label\">2) Lorsqu&#039;un probl\u00e8me technique se pr\u00e9sente \u00e0 moi, j&#039;essaie de le r\u00e9soudre en cherchant la solution en ligne, mais je n&#039;y parviens pas toujours<\/span><\/label><\/span><span class=\"wpcf7-list-item last\"><label><input type=\"radio\" name=\"problemi_digitali\" value=\"3) Je suis compl\u00e8tement autonome dans la r\u00e9solution de divers probl\u00e8mes logiciels.\" \/><span class=\"wpcf7-list-item-label\">3) Je suis compl\u00e8tement autonome dans la r\u00e9solution de divers probl\u00e8mes logiciels.<\/span><\/label><\/span><\/span><\/span> <\/div>\r\n<\/div>\r\n\r\n<div class=\"form-check mb-4\">\r\n<span class=\"wpcf7-form-control-wrap\" data-name=\"privacy\"><span class=\"wpcf7-form-control wpcf7-acceptance\"><span class=\"wpcf7-list-item\"><label><input type=\"checkbox\" name=\"privacy\" value=\"1\" aria-invalid=\"false\" \/><span class=\"wpcf7-list-item-label\">e d\u00e9clare avoir pris connaissance des <a href=\"https:\/\/viareggiodigitale.it\/fr\/privacy-policy\/\">informations sur le traitement des donn\u00e9es \u00e0 caract\u00e8re personnel<\/a>.<\/span><\/label><\/span><\/span><\/span>\r\n<\/div>\r\n\r\n<input class=\"wpcf7-form-control wpcf7-hidden\" id=\"livello\" value=\"\" type=\"hidden\" name=\"livello\" \/>\r\n\r\n<div class=\"mb-5\">\r\n<input class=\"wpcf7-form-control wpcf7-submit has-spinner btn btn-primary px-5\" id=\"subbtn\" type=\"submit\" value=\"Soumettre\" \/>\r\n<\/div><div class=\"wpcf7-response-output\" aria-hidden=\"true\"><\/div>\n<\/form>\n<\/div>\n<\/div>\r\n<\/div><\/div>\n\n<div id=\"toshow\" class=\"wp-block-group\"><div class=\"wp-block-group__inner-container is-layout-constrained wp-block-group-is-layout-constrained\">\n<ul class=\"fw-bold lead list-unstyled wp-block-list\">\n<li>Vous \u00eates un APPRENANT num\u00e9rique <a href=\"https:\/\/viareggiodigitale.it\/fr\/lecole-digital\/citoyens-niveau-1\/\" data-type=\"page\" data-id=\"225\">cat1<\/a> <a href=\"https:\/\/viareggiodigitale.it\/fr\/lecole-digital-2\/entreprises-niveau-1\/\" data-type=\"page\">cat2<\/a> <a href=\"https:\/\/viareggiodigitale.it\/fr\/lecole-digital-3\/administration-publique-niveau-1\/\" data-type=\"page\" data-id=\"245\">cat3<\/a><\/li>\n\n\n\n<li>Vous \u00eates un AUTONOMISTE num\u00e9rique <a href=\"https:\/\/viareggiodigitale.it\/fr\/lecole-digital\/citoyens-niveau-2\/\" data-type=\"page\" data-id=\"225\">cat1<\/a> <a href=\"https:\/\/viareggiodigitale.it\/fr\/lecole-digital-2\/entreprises-niveau-2\/\" data-type=\"page\" data-id=\"234\">cat2<\/a> <a href=\"https:\/\/viareggiodigitale.it\/fr\/lecole-digital-3\/administration-publique-niveau-2\/\" data-type=\"page\">cat3<\/a><\/li>\n\n\n\n<li>Vous \u00eates un EXPERT num\u00e9rique <a href=\"https:\/\/viareggiodigitale.it\/fr\/lecole-digital\/citoyens-niveau-3\/\" data-type=\"page\" data-id=\"229\">cat1<\/a> <a href=\"https:\/\/viareggiodigitale.it\/fr\/lecole-digital-2\/entreprises-niveau-3\/\" data-type=\"page\">cat2<\/a> <a href=\"https:\/\/viareggiodigitale.it\/fr\/lecole-digital-3\/administration-publique-niveau-3\/\" data-type=\"page\">cat3<\/a><\/li>\n<\/ul>\n\n\n\n<div class=\"wp-block-buttons mb-5 is-layout-flex wp-block-buttons-is-layout-flex\">\n<div class=\"wp-block-button addlink\"><a class=\"wp-block-button__link wp-element-button\" href=\"#\">Voir les contenus de formation s\u00e9lectionn\u00e9s pour vous<\/a><\/div>\n<\/div>\n<\/div><\/div>\n","protected":false},"excerpt":{"rendered":"<p>Quel est votre degr\u00e9 de num\u00e9risation ? Faites le test et d\u00e9couvrez-le maintenant. En fonction de votre niveau, nous avons&hellip;<\/p>\n<p class=\"rmore mb-0\"><a class=\"websoup-read-more-link fw-bold\" href=\"https:\/\/viareggiodigitale.it\/fr\/decouvrez-votre-quotient-numerique\/\">Read More \u2192<\/a><\/p>\n","protected":false},"author":1,"featured_media":0,"parent":0,"menu_order":0,"comment_status":"closed","ping_status":"closed","template":"","meta":{"_acf_changed":false,"footnotes":""},"argomento":[],"class_list":["post-441","page","type-page","status-publish","hentry"],"acf":[],"_links":{"self":[{"href":"https:\/\/viareggiodigitale.it\/fr\/wp-json\/wp\/v2\/pages\/441","targetHints":{"allow":["GET"]}}],"collection":[{"href":"https:\/\/viareggiodigitale.it\/fr\/wp-json\/wp\/v2\/pages"}],"about":[{"href":"https:\/\/viareggiodigitale.it\/fr\/wp-json\/wp\/v2\/types\/page"}],"author":[{"embeddable":true,"href":"https:\/\/viareggiodigitale.it\/fr\/wp-json\/wp\/v2\/users\/1"}],"replies":[{"embeddable":true,"href":"https:\/\/viareggiodigitale.it\/fr\/wp-json\/wp\/v2\/comments?post=441"}],"version-history":[{"count":3,"href":"https:\/\/viareggiodigitale.it\/fr\/wp-json\/wp\/v2\/pages\/441\/revisions"}],"predecessor-version":[{"id":861,"href":"https:\/\/viareggiodigitale.it\/fr\/wp-json\/wp\/v2\/pages\/441\/revisions\/861"}],"wp:attachment":[{"href":"https:\/\/viareggiodigitale.it\/fr\/wp-json\/wp\/v2\/media?parent=441"}],"wp:term":[{"taxonomy":"argomento","embeddable":true,"href":"https:\/\/viareggiodigitale.it\/fr\/wp-json\/wp\/v2\/argomento?post=441"}],"curies":[{"name":"wp","href":"https:\/\/api.w.org\/{rel}","templated":true}]}}