{"id":450,"date":"2023-02-21T17:35:50","date_gmt":"2023-02-21T16:35:50","guid":{"rendered":"https:\/\/viareggiodigitale.it\/lecole-digital\/"},"modified":"2023-03-30T12:25:56","modified_gmt":"2023-03-30T10:25:56","slug":"lecole-digital","status":"publish","type":"page","link":"https:\/\/viareggiodigitale.it\/fr\/lecole-digital\/","title":{"rendered":"L&rsquo;\u00e9cole digital"},"content":{"rendered":"\n<p class=\"mb-5\">Acc\u00e9dez aux tutoriels et d\u00e9veloppez vos comp\u00e9tences num\u00e9riques. D\u00e9couvrez un nouveau mod\u00e8le d&rsquo;innovation urbaine, interagissez avec l&rsquo;administration rapidement et facilement, entrez dans un monde num\u00e9rique plein de services et d&rsquo;opportunit\u00e9s.<\/p>\n\n<div class=\"wp-block-columns is-not-stacked-on-mobile coltabs small text-center fw-bold is-layout-flex wp-container-core-columns-is-layout-9d6595d7 wp-block-columns-is-layout-flex\">\n<div class=\"wp-block-column is-layout-flow wp-block-column-is-layout-flow\">\n<p class=\"act\"><a href=\"https:\/\/viareggiodigitale.it\/fr\/lecole-digital\/\" data-type=\"page\" data-id=\"178\">Citoyens<\/a><\/p>\n<\/div>\n\n\n\n<div class=\"wp-block-column is-layout-flow wp-block-column-is-layout-flow\">\n<p><a href=\"https:\/\/viareggiodigitale.it\/fr\/lecole-digital-2\/\" data-type=\"page\" data-id=\"180\">Entreprises<\/a><\/p>\n<\/div>\n\n\n\n<div class=\"wp-block-column is-layout-flow wp-block-column-is-layout-flow\">\n<p><a href=\"https:\/\/viareggiodigitale.it\/fr\/lecole-digital-3\/\" data-type=\"page\" data-id=\"182\">Administration publique<\/a><\/p>\n<\/div>\n<\/div>\n\n<div class=\"wp-block-group clearfix mb-2\"><div class=\"wp-block-group__inner-container is-layout-constrained wp-block-group-is-layout-constrained\">\n<h2 class=\"h4 fw-normal mb-4 float-start mr-3 mt-1 wp-block-heading\"><em>Niveau 1<\/em><\/h2>\n\n\n\n<div class=\"wp-block-buttons is-content-justification-right is-layout-flex wp-container-core-buttons-is-layout-765c4724 wp-block-buttons-is-layout-flex\">\n<div class=\"wp-block-button\"><a class=\"wp-block-button__link wp-element-button\" href=\"https:\/\/viareggiodigitale.it\/fr\/lecole-digital\/citoyens-niveau-1\/\">Voir tous<\/a><\/div>\n<\/div>\n<\/div><\/div>\n<div class=\"row\">\n<div class=\"col-lg-4\">\n<div class=\"vidblk mb-5\">\n<p class=\"videotb\"><a href=\"https:\/\/viareggiodigitale.it\/fr\/video\/comment-se-debarrasser-des-dechets-encombrants-et-speciaux\/\" class=\"openvid vidbg\" data-vid=\"w9JE_gpSOIY\" style=\"background-image: url(https:\/\/img.youtube.com\/vi\/w9JE_gpSOIY\/hqdefault.jpg)\"><\/a><\/p>\n<p class=\"metavideo d-flex justify-content-start\">\n<span class=\"px-1 fw-bold\"><a href=\"https:\/\/viareggiodigitale.it\/fr\/argomento\/sea-risorse-fr\/\" class=\"argcat\">Sea Risorse<\/a><\/span>\n<span class=\"lvllist ms-auto\"><span class=\"lvllbl\">Niveau<\/span> \n<span class=\"lvlel\">1<\/span>\n<\/span>\n<\/p>\n<h3 class=\"h5 fw-bold title entry-title mb-4\"><a href=\"https:\/\/www.youtube.com\/watch?v=w9JE_gpSOIY\" class=\"openvid\" data-vid=\"w9JE_gpSOIY\">Comment se d\u00e9barrasser des d\u00e9chets encombrants et sp\u00e9ciaux<\/a><\/h3>\n<div class=\"d-none videodescr\"><div><\/div><div class=\"pt-3\"><p>Pour afficher les sous-titres dans votre langue, cliquez sur le symbole de l&rsquo;engrenage \u00ab\u00a0param\u00e8tres\u00a0\u00bb et, sous \u00ab\u00a0sous-titres\u00a0\u00bb, choisissez votre langue.<\/p>\n<\/div><\/div>\n<p><a href=\"https:\/\/www.youtube.com\/watch?v=w9JE_gpSOIY\" class=\"openvid\" data-vid=\"w9JE_gpSOIY\"><strong>REGARDER \u2192<\/strong><\/a><\/p>\n<\/div>\n<\/div>\n<div class=\"col-lg-4\">\n<div class=\"vidblk mb-5\">\n<p class=\"videotb\"><a href=\"https:\/\/viareggiodigitale.it\/fr\/video\/comment-trier-les-dechets\/\" class=\"openvid vidbg\" data-vid=\"_I0qaYejQvo\" style=\"background-image: url(https:\/\/img.youtube.com\/vi\/_I0qaYejQvo\/hqdefault.jpg)\"><\/a><\/p>\n<p class=\"metavideo d-flex justify-content-start\">\n<span class=\"px-1 fw-bold\"><a href=\"https:\/\/viareggiodigitale.it\/fr\/argomento\/sea-ambiente-fr\/\" class=\"argcat\">Sea Ambiente<\/a>, <a href=\"https:\/\/viareggiodigitale.it\/fr\/argomento\/sea-risorse-fr\/\" class=\"argcat\">Sea Risorse<\/a><\/span>\n<span class=\"lvllist ms-auto\"><span class=\"lvllbl\">Niveau<\/span> \n<span class=\"lvlel\">1<\/span>\n<\/span>\n<\/p>\n<h3 class=\"h5 fw-bold title entry-title mb-4\"><a href=\"https:\/\/www.youtube.com\/watch?v=_I0qaYejQvo\" class=\"openvid\" data-vid=\"_I0qaYejQvo\">Comment trier les d\u00e9chets<\/a><\/h3>\n<div class=\"d-none videodescr\"><div><\/div><div class=\"pt-3\"><p>Pour afficher les sous-titres dans votre langue, cliquez sur le symbole de l&rsquo;engrenage \u00ab\u00a0param\u00e8tres\u00a0\u00bb et, sous \u00ab\u00a0sous-titres\u00a0\u00bb, choisissez votre langue.<\/p>\n<\/div><\/div>\n<p><a href=\"https:\/\/www.youtube.com\/watch?v=_I0qaYejQvo\" class=\"openvid\" data-vid=\"_I0qaYejQvo\"><strong>REGARDER \u2192<\/strong><\/a><\/p>\n<\/div>\n<\/div>\n<div class=\"col-lg-4\">\n<div class=\"vidblk mb-5\">\n<p class=\"videotb\"><a href=\"https:\/\/viareggiodigitale.it\/fr\/video\/mover-comment-consulter-les-cartes-interactives-des-parkings-et-des-travaux-routiers\/\" class=\"openvid vidbg\" data-vid=\"y0MelhHEQ5g\" style=\"background-image: url(https:\/\/img.youtube.com\/vi\/y0MelhHEQ5g\/hqdefault.jpg)\"><\/a><\/p>\n<p class=\"metavideo d-flex justify-content-start\">\n<span class=\"px-1 fw-bold\"><a href=\"https:\/\/viareggiodigitale.it\/fr\/argomento\/mover-fr\/\" class=\"argcat\">Mover<\/a><\/span>\n<span class=\"lvllist ms-auto\"><span class=\"lvllbl\">Niveau<\/span> \n<span class=\"lvlel\">1<\/span>\n<\/span>\n<\/p>\n<h3 class=\"h5 fw-bold title entry-title mb-4\"><a href=\"https:\/\/www.youtube.com\/watch?v=y0MelhHEQ5g\" class=\"openvid\" data-vid=\"y0MelhHEQ5g\">Mover: comment consulter les cartes interactives des parkings et des travaux routiers<\/a><\/h3>\n<div class=\"d-none videodescr\"><div><\/div><div class=\"pt-3\"><p>Pour afficher les sous-titres dans votre langue, cliquez sur le symbole de l&rsquo;engrenage \u00ab\u00a0param\u00e8tres\u00a0\u00bb et, sous \u00ab\u00a0sous-titres\u00a0\u00bb, choisissez votre langue.<\/p>\n<\/div><\/div>\n<p><a href=\"https:\/\/www.youtube.com\/watch?v=y0MelhHEQ5g\" class=\"openvid\" data-vid=\"y0MelhHEQ5g\"><strong>REGARDER \u2192<\/strong><\/a><\/p>\n<\/div>\n<\/div>\n<\/div>\n\n<div class=\"wp-block-group clearfix mb-2\"><div class=\"wp-block-group__inner-container is-layout-constrained wp-block-group-is-layout-constrained\">\n<h2 class=\"h4 fw-normal mb-4 float-start mr-3 mt-1 wp-block-heading\"><em>Niveau 2<\/em><\/h2>\n\n\n\n<div class=\"wp-block-buttons is-content-justification-right is-layout-flex wp-container-core-buttons-is-layout-765c4724 wp-block-buttons-is-layout-flex\">\n<div class=\"wp-block-button\"><a class=\"wp-block-button__link wp-element-button\" href=\"https:\/\/viareggiodigitale.it\/fr\/lecole-digital\/citoyens-niveau-2\/\">Voir tous<\/a><\/div>\n<\/div>\n<\/div><\/div>\n<div class=\"row\">\n<div class=\"col-lg-4\">\n<div class=\"vidblk mb-5\">\n<p class=\"videotb\"><a href=\"https:\/\/viareggiodigitale.it\/fr\/video\/comment-utiliser-les-ilots-ecologiques-informatises-cam\/\" class=\"openvid vidbg\" data-vid=\"zU-PU02_dNI\" style=\"background-image: url(https:\/\/img.youtube.com\/vi\/zU-PU02_dNI\/hqdefault.jpg)\"><\/a><\/p>\n<p class=\"metavideo d-flex justify-content-start\">\n<span class=\"px-1 fw-bold\"><a href=\"https:\/\/viareggiodigitale.it\/fr\/argomento\/sea-ambiente-fr\/\" class=\"argcat\">Sea Ambiente<\/a>, <a href=\"https:\/\/viareggiodigitale.it\/fr\/argomento\/sea-risorse-fr\/\" class=\"argcat\">Sea Risorse<\/a><\/span>\n<span class=\"lvllist ms-auto\"><span class=\"lvllbl\">Niveau<\/span> \n<span class=\"lvlel\">2<\/span>\n<\/span>\n<\/p>\n<h3 class=\"h5 fw-bold title entry-title mb-4\"><a href=\"https:\/\/www.youtube.com\/watch?v=zU-PU02_dNI\" class=\"openvid\" data-vid=\"zU-PU02_dNI\">Comment utiliser les \u00eelots \u00e9cologiques informatis\u00e9s (CAM)<\/a><\/h3>\n<div class=\"d-none videodescr\"><div><\/div><div class=\"pt-3\"><p>Pour afficher les sous-titres dans votre langue, cliquez sur le symbole de l&rsquo;engrenage \u00ab\u00a0param\u00e8tres\u00a0\u00bb et, sous \u00ab\u00a0sous-titres\u00a0\u00bb, choisissez votre langue.<\/p>\n<\/div><\/div>\n<p><a href=\"https:\/\/www.youtube.com\/watch?v=zU-PU02_dNI\" class=\"openvid\" data-vid=\"zU-PU02_dNI\"><strong>REGARDER \u2192<\/strong><\/a><\/p>\n<\/div>\n<\/div>\n<div class=\"col-lg-4\">\n<div class=\"vidblk mb-5\">\n<p class=\"videotb\"><a href=\"https:\/\/viareggiodigitale.it\/fr\/video\/application-mover-votre-place-de-parking-en-un-clic-de-souris\/\" class=\"openvid vidbg\" data-vid=\"JjHuIUw2iNQ\" style=\"background-image: url(https:\/\/img.youtube.com\/vi\/JjHuIUw2iNQ\/hqdefault.jpg)\"><\/a><\/p>\n<p class=\"metavideo d-flex justify-content-start\">\n<span class=\"px-1 fw-bold\"><a href=\"https:\/\/viareggiodigitale.it\/fr\/argomento\/mover-fr\/\" class=\"argcat\">Mover<\/a><\/span>\n<span class=\"lvllist ms-auto\"><span class=\"lvllbl\">Niveau<\/span> \n<span class=\"lvlel\">2<\/span>\n<\/span>\n<\/p>\n<h3 class=\"h5 fw-bold title entry-title mb-4\"><a href=\"https:\/\/www.youtube.com\/watch?v=JjHuIUw2iNQ\" class=\"openvid\" data-vid=\"JjHuIUw2iNQ\">Application Mover: votre place de parking en un clic de souris<\/a><\/h3>\n<div class=\"d-none videodescr\"><div><\/div><div class=\"pt-3\"><p>Pour afficher les sous-titres dans votre langue, cliquez sur le symbole de l&rsquo;engrenage \u00ab\u00a0param\u00e8tres\u00a0\u00bb et, sous \u00ab\u00a0sous-titres\u00a0\u00bb, choisissez votre langue.<\/p>\n<\/div><\/div>\n<p><a href=\"https:\/\/www.youtube.com\/watch?v=JjHuIUw2iNQ\" class=\"openvid\" data-vid=\"JjHuIUw2iNQ\"><strong>REGARDER \u2192<\/strong><\/a><\/p>\n<\/div>\n<\/div>\n<div class=\"col-lg-4\">\n<div class=\"vidblk mb-5\">\n<p class=\"videotb\"><a href=\"https:\/\/viareggiodigitale.it\/fr\/video\/icare-lapplication-des-pharmacies-municipales-de-viareggio\/\" class=\"openvid vidbg\" data-vid=\"Y4SUEETURok\" style=\"background-image: url(https:\/\/img.youtube.com\/vi\/Y4SUEETURok\/hqdefault.jpg)\"><\/a><\/p>\n<p class=\"metavideo d-flex justify-content-start\">\n<span class=\"px-1 fw-bold\"><a href=\"https:\/\/viareggiodigitale.it\/fr\/argomento\/icare-fr\/\" class=\"argcat\">iCARE<\/a>, <a href=\"https:\/\/viareggiodigitale.it\/fr\/argomento\/sante\/\" class=\"argcat\">Sant\u00e9<\/a><\/span>\n<span class=\"lvllist ms-auto\"><span class=\"lvllbl\">Niveau<\/span> \n<span class=\"lvlel\">2<\/span>\n<\/span>\n<\/p>\n<h3 class=\"h5 fw-bold title entry-title mb-4\"><a href=\"https:\/\/www.youtube.com\/watch?v=Y4SUEETURok\" class=\"openvid\" data-vid=\"Y4SUEETURok\">iCare &#8211; L&rsquo;application des pharmacies municipales de Viareggio<\/a><\/h3>\n<div class=\"d-none videodescr\"><div><\/div><div class=\"pt-3\"><p>Pour afficher les sous-titres dans votre langue, cliquez sur le symbole de l&rsquo;engrenage \u00ab\u00a0param\u00e8tres\u00a0\u00bb et, sous \u00ab\u00a0sous-titres\u00a0\u00bb, choisissez votre langue.<\/p>\n<\/div><\/div>\n<p><a href=\"https:\/\/www.youtube.com\/watch?v=Y4SUEETURok\" class=\"openvid\" data-vid=\"Y4SUEETURok\"><strong>REGARDER \u2192<\/strong><\/a><\/p>\n<\/div>\n<\/div>\n<\/div>\n\n<div class=\"wp-block-group clearfix mb-2\"><div class=\"wp-block-group__inner-container is-layout-constrained wp-block-group-is-layout-constrained\">\n<h2 class=\"h4 fw-normal mb-4 float-start mr-3 mt-1 wp-block-heading\"><em>Niveau <\/em>3<\/h2>\n\n\n\n<div class=\"wp-block-buttons is-content-justification-right is-layout-flex wp-container-core-buttons-is-layout-765c4724 wp-block-buttons-is-layout-flex\">\n<div class=\"wp-block-button\"><a class=\"wp-block-button__link wp-element-button\" href=\"https:\/\/viareggiodigitale.it\/fr\/lecole-digital\/citoyens-niveau-3\/\">Voir tous<\/a><\/div>\n<\/div>\n<\/div><\/div>\n<div class=\"row\">\n<div class=\"col-lg-4\">\n<div class=\"vidblk mb-5\">\n<p class=\"videotb\"><a href=\"https:\/\/viareggiodigitale.it\/fr\/video\/consultations-fiscales-comment-rechercher-les-codes-fiscaux\/\" class=\"openvid vidbg\" data-vid=\"Wh8m-YYBphA\" style=\"background-image: url(https:\/\/img.youtube.com\/vi\/Wh8m-YYBphA\/hqdefault.jpg)\"><\/a><\/p>\n<p class=\"metavideo d-flex justify-content-start\">\n\n<span class=\"lvllist ms-auto\"><span class=\"lvllbl\">Niveau<\/span> \n<span class=\"lvlel\">3<\/span>\n<\/span>\n<\/p>\n<h3 class=\"h5 fw-bold title entry-title mb-4\"><a href=\"https:\/\/www.youtube.com\/watch?v=Wh8m-YYBphA\" class=\"openvid\" data-vid=\"Wh8m-YYBphA\">Consultations fiscales &#8211; Comment rechercher les codes fiscaux<\/a><\/h3>\n<div class=\"d-none videodescr\"><div><!-- wp:paragraph {\"translatedWithWPMLTM\":\"1\"} -->\n<p>Vid\u00e9o r\u00e9alis\u00e9e par: Agenzia delle Entrate<\/p>\n<!-- \/wp:paragraph --><\/div><div class=\"pt-3\"><p>Pour afficher les sous-titres dans votre langue, cliquez sur le symbole de l&rsquo;engrenage \u00ab\u00a0param\u00e8tres\u00a0\u00bb et, sous \u00ab\u00a0sous-titres\u00a0\u00bb, choisissez votre langue.<\/p>\n<\/div><\/div>\n<p><a href=\"https:\/\/www.youtube.com\/watch?v=Wh8m-YYBphA\" class=\"openvid\" data-vid=\"Wh8m-YYBphA\"><strong>REGARDER \u2192<\/strong><\/a><\/p>\n<\/div>\n<\/div>\n<div class=\"col-lg-4\">\n<div class=\"vidblk mb-5\">\n<p class=\"videotb\"><a href=\"https:\/\/viareggiodigitale.it\/fr\/video\/io-app-comment-acceder-a-io-avec-cie\/\" class=\"openvid vidbg\" data-vid=\"du8ouWLIOY4\" style=\"background-image: url(https:\/\/img.youtube.com\/vi\/du8ouWLIOY4\/hqdefault.jpg)\"><\/a><\/p>\n<p class=\"metavideo d-flex justify-content-start\">\n<span class=\"px-1 fw-bold\"><a href=\"https:\/\/viareggiodigitale.it\/fr\/argomento\/app-io-fr\/\" class=\"argcat\">App IO<\/a>, <a href=\"https:\/\/viareggiodigitale.it\/fr\/argomento\/cie-fr\/\" class=\"argcat\">CIE<\/a><\/span>\n<span class=\"lvllist ms-auto\"><span class=\"lvllbl\">Niveau<\/span> \n<span class=\"lvlel\">3<\/span>\n<\/span>\n<\/p>\n<h3 class=\"h5 fw-bold title entry-title mb-4\"><a href=\"https:\/\/www.youtube.com\/watch?v=du8ouWLIOY4\" class=\"openvid\" data-vid=\"du8ouWLIOY4\">IO App &#8211; Comment acc\u00e9der \u00e0 IO avec CIE<\/a><\/h3>\n<div class=\"d-none videodescr\"><div><!-- wp:paragraph {\"translatedWithWPMLTM\":\"1\"} -->\n<p>Vid\u00e9o r\u00e9alis\u00e9e par: IO, l'app dei servizi pubblici<\/p>\n<!-- \/wp:paragraph --><\/div><div class=\"pt-3\"><p>Pour afficher les sous-titres dans votre langue, cliquez sur le symbole de l&rsquo;engrenage \u00ab\u00a0param\u00e8tres\u00a0\u00bb et, sous \u00ab\u00a0sous-titres\u00a0\u00bb, choisissez votre langue.<\/p>\n<\/div><\/div>\n<p><a href=\"https:\/\/www.youtube.com\/watch?v=du8ouWLIOY4\" class=\"openvid\" data-vid=\"du8ouWLIOY4\"><strong>REGARDER \u2192<\/strong><\/a><\/p>\n<\/div>\n<\/div>\n<div class=\"col-lg-4\">\n<div class=\"vidblk mb-5\">\n<p class=\"videotb\"><a href=\"https:\/\/viareggiodigitale.it\/fr\/video\/spid-ou-lutiliser\/\" class=\"openvid vidbg\" data-vid=\"maeXF12Mry8\" style=\"background-image: url(https:\/\/img.youtube.com\/vi\/maeXF12Mry8\/hqdefault.jpg)\"><\/a><\/p>\n<p class=\"metavideo d-flex justify-content-start\">\n<span class=\"px-1 fw-bold\"><a href=\"https:\/\/viareggiodigitale.it\/fr\/argomento\/spid-fr\/\" class=\"argcat\">Spid<\/a><\/span>\n<span class=\"lvllist ms-auto\"><span class=\"lvllbl\">Niveau<\/span> \n<span class=\"lvlel\">3<\/span>\n<\/span>\n<\/p>\n<h3 class=\"h5 fw-bold title entry-title mb-4\"><a href=\"https:\/\/www.youtube.com\/watch?v=maeXF12Mry8\" class=\"openvid\" data-vid=\"maeXF12Mry8\">Spid &#8211; O\u00f9 l&rsquo;utiliser<\/a><\/h3>\n<div class=\"d-none videodescr\"><div><!-- wp:paragraph {\"translatedWithWPMLTM\":\"1\"} -->\n<p>Vid\u00e9o r\u00e9alis\u00e9e par: Agid<\/p>\n<!-- \/wp:paragraph --><\/div><div class=\"pt-3\"><p>Pour afficher les sous-titres dans votre langue, cliquez sur le symbole de l&rsquo;engrenage \u00ab\u00a0param\u00e8tres\u00a0\u00bb et, sous \u00ab\u00a0sous-titres\u00a0\u00bb, choisissez votre langue.<\/p>\n<\/div><\/div>\n<p><a href=\"https:\/\/www.youtube.com\/watch?v=maeXF12Mry8\" class=\"openvid\" data-vid=\"maeXF12Mry8\"><strong>REGARDER \u2192<\/strong><\/a><\/p>\n<\/div>\n<\/div>\n<\/div>\n","protected":false},"excerpt":{"rendered":"<p>Acc\u00e9dez aux tutoriels et d\u00e9veloppez vos comp\u00e9tences num\u00e9riques. D\u00e9couvrez un nouveau mod\u00e8le d&rsquo;innovation urbaine, interagissez avec l&rsquo;administration rapidement et facilement,&hellip;<\/p>\n<p class=\"rmore mb-0\"><a class=\"websoup-read-more-link fw-bold\" href=\"https:\/\/viareggiodigitale.it\/fr\/video\/spid-ou-lutiliser\/\">Read More \u2192<\/a><\/p>\n","protected":false},"author":1,"featured_media":0,"parent":0,"menu_order":0,"comment_status":"closed","ping_status":"closed","template":"","meta":{"_acf_changed":false,"footnotes":""},"argomento":[],"class_list":["post-450","page","type-page","status-publish","hentry"],"acf":[],"_links":{"self":[{"href":"https:\/\/viareggiodigitale.it\/fr\/wp-json\/wp\/v2\/pages\/450","targetHints":{"allow":["GET"]}}],"collection":[{"href":"https:\/\/viareggiodigitale.it\/fr\/wp-json\/wp\/v2\/pages"}],"about":[{"href":"https:\/\/viareggiodigitale.it\/fr\/wp-json\/wp\/v2\/types\/page"}],"author":[{"embeddable":true,"href":"https:\/\/viareggiodigitale.it\/fr\/wp-json\/wp\/v2\/users\/1"}],"replies":[{"embeddable":true,"href":"https:\/\/viareggiodigitale.it\/fr\/wp-json\/wp\/v2\/comments?post=450"}],"version-history":[{"count":1,"href":"https:\/\/viareggiodigitale.it\/fr\/wp-json\/wp\/v2\/pages\/450\/revisions"}],"predecessor-version":[{"id":451,"href":"https:\/\/viareggiodigitale.it\/fr\/wp-json\/wp\/v2\/pages\/450\/revisions\/451"}],"wp:attachment":[{"href":"https:\/\/viareggiodigitale.it\/fr\/wp-json\/wp\/v2\/media?parent=450"}],"wp:term":[{"taxonomy":"argomento","embeddable":true,"href":"https:\/\/viareggiodigitale.it\/fr\/wp-json\/wp\/v2\/argomento?post=450"}],"curies":[{"name":"wp","href":"https:\/\/api.w.org\/{rel}","templated":true}]}}