{"id":505,"date":"2023-03-02T00:33:15","date_gmt":"2023-03-01T23:33:15","guid":{"rendered":"https:\/\/viareggiodigitale.it\/administration-publique-niveau-1\/"},"modified":"2023-03-30T12:43:38","modified_gmt":"2023-03-30T10:43:38","slug":"administration-publique-niveau-1","status":"publish","type":"page","link":"https:\/\/viareggiodigitale.it\/fr\/lecole-digital-3\/administration-publique-niveau-1\/","title":{"rendered":"Administration publique: niveau 1"},"content":{"rendered":"<div class=\"row\">\n<div class=\"col-lg-4\">\n<div class=\"vidblk mb-5\">\n<p class=\"videotb\"><a href=\"https:\/\/viareggiodigitale.it\/fr\/video\/viareggio-digitale-la-ville-intelligente-commence-avec-vous\/\" class=\"openvid vidbg\" data-vid=\"w56NxGR9Hbs\" style=\"background-image: url(https:\/\/img.youtube.com\/vi\/w56NxGR9Hbs\/hqdefault.jpg)\"><\/a><\/p>\n<p class=\"metavideo d-flex justify-content-start\">\n<span class=\"px-1 fw-bold\"><a href=\"https:\/\/viareggiodigitale.it\/fr\/argomento\/viareggio-digitale-fr\/\" class=\"argcat\">Viareggio Digitale<\/a><\/span>\n<span class=\"lvllist ms-auto\"><span class=\"lvllbl\">Niveau<\/span> \n<span class=\"lvlel\">1<\/span>\n<\/span>\n<\/p>\n<h3 class=\"h5 fw-bold title entry-title mb-4\"><a href=\"https:\/\/www.youtube.com\/watch?v=w56NxGR9Hbs\" class=\"openvid\" data-vid=\"w56NxGR9Hbs\">Viareggio Digitale &#8211; La ville intelligente commence avec vous<\/a><\/h3>\n<div class=\"d-none videodescr\"><div><\/div><div class=\"pt-3\"><p>Pour afficher les sous-titres dans votre langue, cliquez sur le symbole de l&rsquo;engrenage \u00ab\u00a0param\u00e8tres\u00a0\u00bb et, sous \u00ab\u00a0sous-titres\u00a0\u00bb, choisissez votre langue.<\/p>\n<\/div><\/div>\n<p><a href=\"https:\/\/www.youtube.com\/watch?v=w56NxGR9Hbs\" class=\"openvid\" data-vid=\"w56NxGR9Hbs\"><strong>REGARDER \u2192<\/strong><\/a><\/p>\n<\/div>\n<\/div>\n<div class=\"col-lg-4\">\n<div class=\"vidblk mb-5\">\n<p class=\"videotb\"><a class=\"imagetb bgcover\" href=\"https:\/\/viareggiodigitale.it\/fr\/video\/tout-sur-le-stationnement-a-viareggio\/\" style=\"background-image: url(https:\/\/viareggiodigitale.it\/wp-content\/uploads\/2023\/03\/Screenshot-2023-03-31-at-11-52-48-MoVer-730x355.jpg)\"><\/a><\/p>\n<p class=\"metavideo d-flex justify-content-start\">\n<span class=\"px-1 fw-bold\"><a href=\"https:\/\/viareggiodigitale.it\/fr\/argomento\/mover-fr\/\" class=\"argcat\">Mover<\/a><\/span>\n<span class=\"lvllist ms-auto\"><span class=\"lvllbl\">Niveau<\/span> \n<span class=\"lvlel\">1<\/span>\n<\/span>\n<\/p>\n<h3 class=\"h5 fw-bold title entry-title mb-4\"><a href=\"https:\/\/viareggiodigitale.it\/fr\/video\/tout-sur-le-stationnement-a-viareggio\/\">Tout sur le stationnement \u00e0 Viareggio<\/a><\/h3>\n<div class=\"d-none videodescr\"><div><!-- wp:heading -->\n<h2 class=\"wp-block-heading\">MO.VER.<\/h2>\n<!-- \/wp:heading --><!-- wp:paragraph {\"translatedWithWPMLTM\":\"1\"} -->\n<p><strong>Toute l'information \u00e0 votre disposition, en ligne.<\/strong>.<\/p>\n<!-- \/wp:paragraph --><!-- wp:paragraph {\"translatedWithWPMLTM\":\"1\"} -->\n<p>Vous souhaitez conna\u00eetre les zones, l'emplacement des parcm\u00e8tres, les tarifs, les types d'abonnement et leur co\u00fbt ? <br\/>Vous pouvez le faire facilement et rapidement en ligne.<br\/>Venez sur <a href=\"http:\/\/www.moverspa.it\/\">www.moverspa.it<\/a>, cliquez dans le menu sur STOP EN VILLE et acc\u00e9dez \u00e0 toutes les informations dont vous avez besoin.<\/p>\n<!-- \/wp:paragraph --><!-- wp:image {\"id\":578,\"sizeSlug\":\"full\",\"linkDestination\":\"none\"} -->\n<figure class=\"wp-block-image size-full\"><img loading=\"lazy\" decoding=\"async\" width=\"1017\" height=\"271\" src=\"https:\/\/viareggiodigitale.it\/wp-content\/uploads\/2023\/03\/immagine.png\" alt=\"Schermata  del sito con i servizi offerti da MO.VER.\" class=\"wp-image-578\" srcset=\"https:\/\/viareggiodigitale.it\/wp-content\/uploads\/2023\/03\/immagine.png 1017w, https:\/\/viareggiodigitale.it\/wp-content\/uploads\/2023\/03\/immagine-730x195.png 730w, https:\/\/viareggiodigitale.it\/wp-content\/uploads\/2023\/03\/immagine-768x205.png 768w\" sizes=\"auto, (max-width: 1017px) 100vw, 1017px\" \/><\/figure>\n<!-- \/wp:image --><!-- wp:paragraph {\"translatedWithWPMLTM\":\"1\"} -->\n<p>En cliquant sur l'ic\u00f4ne ABONNEMENTS, vous pouvez choisir le profil qui vous int\u00e9resse, repr\u00e9sent\u00e9 par <strong>8 ic\u00f4nes<\/strong> (R\u00e9sidents, Non-r\u00e9sidents, M\u00e8res, Professionnels de la sant\u00e9, Travailleurs, Professionnels du commerce, \u00c9tablissements de bains, H\u00f4tels).<\/p>\n<!-- \/wp:paragraph --><!-- wp:paragraph {\"translatedWithWPMLTM\":\"1\"} -->\n<p>Chacune d'entre elles contient des liens vers les formulaires, la liste des prix (le cas \u00e9ch\u00e9ant) et les autorisations.<\/p>\n<!-- \/wp:paragraph --><!-- wp:paragraph {\"translatedWithWPMLTM\":\"1\"} -->\n<p>En cliquant sur DISCIPLINE ET TARIFS, vous pouvez acc\u00e9der \u00e0 des liens permettant de consulter les <strong>profils tarifaires<\/strong> pour les diff\u00e9rentes cat\u00e9gories d'usagers et les routes concern\u00e9es par la tarification, avec leur r\u00e9gime et leurs horaires, ainsi que le <strong>R\u00e8glement du stationnement<\/strong> et les diff\u00e9rentes <strong>d\u00e9lib\u00e9rations<\/strong>.<\/p>\n<!-- \/wp:paragraph --><!-- wp:paragraph {\"translatedWithWPMLTM\":\"1\"} -->\n<p>En cliquant sur l'ic\u00f4ne APP MOVER VIAREGGIO, il est possible de d\u00e9couvrir toutes les possibilit\u00e9s offertes par ladite application en usage dans la zone de Viareggio et de t\u00e9l\u00e9charger l'application \u00e0 travers les boutons de la page <strong>\"Disponible sur App Store\"<\/strong> et <strong>\"Disponible sur Google Play\"<\/strong>. En outre, en d\u00e9filant vers le bas de la page, vous pouvez acc\u00e9der au lien <strong>Autres APPs disponibles pour payer le stationnement dans la ville<\/strong>, un lien qui fournira une liste compl\u00e8te.<\/p>\n<!-- \/wp:paragraph --><!-- wp:paragraph {\"translatedWithWPMLTM\":\"1\"} -->\n<p>En cliquant sur l'ic\u00f4ne PARKING GRATUIT, il est possible, via le lien vers la carte interactive pr\u00e9sente, de localiser les places de parking gratuites, les zones payantes et les pistes cyclables.<\/p>\n<!-- \/wp:paragraph --><!-- wp:paragraph {\"translatedWithWPMLTM\":\"1\"} -->\n<p>\u00e0 une carte, o\u00f9 il sera possible de localiser les <strong>lieux et points de vente<\/strong>, les <strong>zones de stationnement payant<\/strong> et le <strong>parcm\u00e8tre<\/strong> le plus proche.<\/p>\n<!-- \/wp:paragraph --><!-- wp:paragraph {\"translatedWithWPMLTM\":\"1\"} -->\n<p>En ce qui concerne les parcm\u00e8tres, l'ic\u00f4ne relative vous permet de d\u00e9couvrir les 4 types de parcm\u00e8tres pr\u00e9sents dans la commune et de consulter, ici aussi, la CARTE INTERACTIVE DU PARKING.<\/p>\n<!-- \/wp:paragraph --><\/div><div class=\"pt-3\"><p>Pour afficher les sous-titres dans votre langue, cliquez sur le symbole de l&rsquo;engrenage \u00ab\u00a0param\u00e8tres\u00a0\u00bb et, sous \u00ab\u00a0sous-titres\u00a0\u00bb, choisissez votre langue.<\/p>\n<\/div><\/div>\n<p><a class=\"text-uppercase\" href=\"https:\/\/viareggiodigitale.it\/fr\/video\/tout-sur-le-stationnement-a-viareggio\/\"><strong>Read More \u2192<\/strong><\/a><\/p>\n<\/div>\n<\/div>\n<div class=\"col-lg-4\">\n<div class=\"vidblk mb-5\">\n<p class=\"videotb\"><a href=\"https:\/\/viareggiodigitale.it\/fr\/video\/webinar-ecole-digital-2022-2026\/\" class=\"openvid vidbg\" data-vid=\"_8n_HFwWfi8\" style=\"background-image: url(https:\/\/img.youtube.com\/vi\/_8n_HFwWfi8\/hqdefault.jpg)\"><\/a><\/p>\n<p class=\"metavideo d-flex justify-content-start\">\n\n<span class=\"lvllist ms-auto\"><span class=\"lvllbl\">Niveau<\/span> \n<span class=\"lvlel\">1<\/span>\n<span class=\"lvlel\">2<\/span>\n<\/span>\n<\/p>\n<h3 class=\"h5 fw-bold title entry-title mb-4\"><a href=\"https:\/\/www.youtube.com\/watch?v=_8n_HFwWfi8\" class=\"openvid\" data-vid=\"_8n_HFwWfi8\">Webinar: \u00c9cole Digital 2022 &#8211; 2026<\/a><\/h3>\n<div class=\"d-none videodescr\"><div><!-- wp:paragraph {\"translatedWithWPMLTM\":\"1\"} -->\n<p>Vid\u00e9o r\u00e9alis\u00e9e par: Ministero dell'Istruzione<\/p>\n<!-- \/wp:paragraph --><\/div><div class=\"pt-3\"><p>Pour afficher les sous-titres dans votre langue, cliquez sur le symbole de l&rsquo;engrenage \u00ab\u00a0param\u00e8tres\u00a0\u00bb et, sous \u00ab\u00a0sous-titres\u00a0\u00bb, choisissez votre langue.<\/p>\n<\/div><\/div>\n<p><a href=\"https:\/\/www.youtube.com\/watch?v=_8n_HFwWfi8\" class=\"openvid\" data-vid=\"_8n_HFwWfi8\"><strong>REGARDER \u2192<\/strong><\/a><\/p>\n<\/div>\n<\/div>\n<div class=\"col-lg-4\">\n<div class=\"vidblk mb-5\">\n<p class=\"videotb\"><a href=\"https:\/\/viareggiodigitale.it\/fr\/video\/comment-classifier-les-donnees-et-les-services-de-votre-ecole\/\" class=\"openvid vidbg\" data-vid=\"IR6nWFk6Ll4\" style=\"background-image: url(https:\/\/img.youtube.com\/vi\/IR6nWFk6Ll4\/hqdefault.jpg)\"><\/a><\/p>\n<p class=\"metavideo d-flex justify-content-start\">\n<span class=\"px-1 fw-bold\"><a href=\"https:\/\/viareggiodigitale.it\/fr\/argomento\/ecole\/\" class=\"argcat\">\u00c9cole<\/a><\/span>\n<span class=\"lvllist ms-auto\"><span class=\"lvllbl\">Niveau<\/span> \n<span class=\"lvlel\">1<\/span>\n<span class=\"lvlel\">2<\/span>\n<\/span>\n<\/p>\n<h3 class=\"h5 fw-bold title entry-title mb-4\"><a href=\"https:\/\/www.youtube.com\/watch?v=IR6nWFk6Ll4\" class=\"openvid\" data-vid=\"IR6nWFk6Ll4\">Comment classifier les donn\u00e9es et les services de votre \u00e9cole ?<\/a><\/h3>\n<div class=\"d-none videodescr\"><div><!-- wp:paragraph {\"translatedWithWPMLTM\":\"1\"} -->\n<p>Vid\u00e9o r\u00e9alis\u00e9e par: Dipartimento per la trasformazione digitale<\/p>\n<!-- \/wp:paragraph --><\/div><div class=\"pt-3\"><p>Pour afficher les sous-titres dans votre langue, cliquez sur le symbole de l&rsquo;engrenage \u00ab\u00a0param\u00e8tres\u00a0\u00bb et, sous \u00ab\u00a0sous-titres\u00a0\u00bb, choisissez votre langue.<\/p>\n<\/div><\/div>\n<p><a href=\"https:\/\/www.youtube.com\/watch?v=IR6nWFk6Ll4\" class=\"openvid\" data-vid=\"IR6nWFk6Ll4\"><strong>REGARDER \u2192<\/strong><\/a><\/p>\n<\/div>\n<\/div>\n<div class=\"col-lg-4\">\n<div class=\"vidblk mb-5\">\n<p class=\"videotb\"><a href=\"https:\/\/viareggiodigitale.it\/fr\/video\/cloud-italia-il-cloud-della-pubblica-amministrazione-come-effettuare-la-classificazione-di-dati-e-servizi-per-la-migrazione-al-cloud\/\" class=\"openvid vidbg\" data-vid=\"r2QD-uGbI7M\" style=\"background-image: url(https:\/\/img.youtube.com\/vi\/r2QD-uGbI7M\/hqdefault.jpg)\"><\/a><\/p>\n<p class=\"metavideo d-flex justify-content-start\">\n<span class=\"vidcat\">Pubblica amministrazione<\/span>\n<span class=\"px-1 fw-bold\"><a href=\"https:\/\/viareggiodigitale.it\/fr\/argomento\/cloud-italia\/\" class=\"argcat\">Cloud Italia<\/a><\/span>\n<span class=\"lvllist ms-auto\"><span class=\"lvllbl\">Niveau<\/span> \n<span class=\"lvlel\">1<\/span>\n<span class=\"lvlel\">2<\/span>\n<\/span>\n<\/p>\n<h3 class=\"h5 fw-bold title entry-title mb-4\"><a href=\"https:\/\/www.youtube.com\/watch?v=r2QD-uGbI7M\" class=\"openvid\" data-vid=\"r2QD-uGbI7M\">Cloud Italia. Il Cloud Della pubblica Amministrazione &#8211; Come effettuare la classificazione di dati e servizi per la migrazione al cloud<\/a><\/h3>\n<div class=\"d-none videodescr\"><div><!-- wp:paragraph -->\n<p>Video realizzato da: Dipartimento per la trasformazione digitale<\/p>\n<!-- \/wp:paragraph --><\/div><div class=\"pt-3\"><p>Pour afficher les sous-titres dans votre langue, cliquez sur le symbole de l&rsquo;engrenage \u00ab\u00a0param\u00e8tres\u00a0\u00bb et, sous \u00ab\u00a0sous-titres\u00a0\u00bb, choisissez votre langue.<\/p>\n<\/div><\/div>\n<p><a href=\"https:\/\/www.youtube.com\/watch?v=r2QD-uGbI7M\" class=\"openvid\" data-vid=\"r2QD-uGbI7M\"><strong>REGARDER \u2192<\/strong><\/a><\/p>\n<\/div>\n<\/div>\n<div class=\"col-lg-4\">\n<div class=\"vidblk mb-5\">\n<p class=\"videotb\"><a href=\"https:\/\/viareggiodigitale.it\/fr\/video\/cloud-italia-il-cloud-della-pubblica-amministrazione-cose-il-cloud-polo-strategico-nazionale\/\" class=\"openvid vidbg\" data-vid=\"NeCHaWD2VVI\" style=\"background-image: url(https:\/\/img.youtube.com\/vi\/NeCHaWD2VVI\/hqdefault.jpg)\"><\/a><\/p>\n<p class=\"metavideo d-flex justify-content-start\">\n<span class=\"vidcat\">Pubblica amministrazione<\/span>\n<span class=\"px-1 fw-bold\"><a href=\"https:\/\/viareggiodigitale.it\/fr\/argomento\/cloud-italia\/\" class=\"argcat\">Cloud Italia<\/a><\/span>\n<span class=\"lvllist ms-auto\"><span class=\"lvllbl\">Niveau<\/span> \n<span class=\"lvlel\">1<\/span>\n<span class=\"lvlel\">2<\/span>\n<\/span>\n<\/p>\n<h3 class=\"h5 fw-bold title entry-title mb-4\"><a href=\"https:\/\/www.youtube.com\/watch?v=NeCHaWD2VVI\" class=\"openvid\" data-vid=\"NeCHaWD2VVI\">Cloud Italia. Il Cloud Della pubblica Amministrazione &#8211; Cos\u2019\u00e8 il Cloud Polo Strategico Nazionale<\/a><\/h3>\n<div class=\"d-none videodescr\"><div><!-- wp:paragraph -->\n<p>Video realizzato da: Polo Strategico Nazionale<\/p>\n<!-- \/wp:paragraph --><\/div><div class=\"pt-3\"><p>Pour afficher les sous-titres dans votre langue, cliquez sur le symbole de l&rsquo;engrenage \u00ab\u00a0param\u00e8tres\u00a0\u00bb et, sous \u00ab\u00a0sous-titres\u00a0\u00bb, choisissez votre langue.<\/p>\n<\/div><\/div>\n<p><a href=\"https:\/\/www.youtube.com\/watch?v=NeCHaWD2VVI\" class=\"openvid\" data-vid=\"NeCHaWD2VVI\"><strong>REGARDER \u2192<\/strong><\/a><\/p>\n<\/div>\n<\/div>\n<div class=\"col-lg-4\">\n<div class=\"vidblk mb-5\">\n<p class=\"videotb\"><a href=\"https:\/\/viareggiodigitale.it\/fr\/video\/cloud-italia-il-cloud-della-pubblica-amministrazione-come-candidarsi-allavviso-per-la-migrazione-al-cloud\/\" class=\"openvid vidbg\" data-vid=\"0sj5BxptQZg\" style=\"background-image: url(https:\/\/img.youtube.com\/vi\/0sj5BxptQZg\/hqdefault.jpg)\"><\/a><\/p>\n<p class=\"metavideo d-flex justify-content-start\">\n<span class=\"vidcat\">Pubblica amministrazione<\/span>\n<span class=\"px-1 fw-bold\"><a href=\"https:\/\/viareggiodigitale.it\/fr\/argomento\/cloud-italia\/\" class=\"argcat\">Cloud Italia<\/a><\/span>\n<span class=\"lvllist ms-auto\"><span class=\"lvllbl\">Niveau<\/span> \n<span class=\"lvlel\">1<\/span>\n<span class=\"lvlel\">2<\/span>\n<\/span>\n<\/p>\n<h3 class=\"h5 fw-bold title entry-title mb-4\"><a href=\"https:\/\/www.youtube.com\/watch?v=0sj5BxptQZg\" class=\"openvid\" data-vid=\"0sj5BxptQZg\">Cloud Italia. Il Cloud Della pubblica Amministrazione &#8211; Come candidarsi all&rsquo;Avviso per la migrazione al cloud<\/a><\/h3>\n<div class=\"d-none videodescr\"><div><!-- wp:paragraph -->\n<p>Video creato da: Dipartimento per la trasformazione digitale<\/p>\n<!-- \/wp:paragraph --><\/div><div class=\"pt-3\"><p>Pour afficher les sous-titres dans votre langue, cliquez sur le symbole de l&rsquo;engrenage \u00ab\u00a0param\u00e8tres\u00a0\u00bb et, sous \u00ab\u00a0sous-titres\u00a0\u00bb, choisissez votre langue.<\/p>\n<\/div><\/div>\n<p><a href=\"https:\/\/www.youtube.com\/watch?v=0sj5BxptQZg\" class=\"openvid\" data-vid=\"0sj5BxptQZg\"><strong>REGARDER \u2192<\/strong><\/a><\/p>\n<\/div>\n<\/div>\n<div class=\"col-lg-4\">\n<div class=\"vidblk mb-5\">\n<p class=\"videotb\"><a href=\"https:\/\/viareggiodigitale.it\/fr\/video\/ap-2026-quest-ce-que-cest-et-comment-y-acceder\/\" class=\"openvid vidbg\" data-vid=\"QOMJvMSxKck\" style=\"background-image: url(https:\/\/img.youtube.com\/vi\/QOMJvMSxKck\/hqdefault.jpg)\"><\/a><\/p>\n<p class=\"metavideo d-flex justify-content-start\">\n<span class=\"px-1 fw-bold\"><a href=\"https:\/\/viareggiodigitale.it\/fr\/argomento\/pa-digitale-fr\/\" class=\"argcat\">PA Digitale<\/a><\/span>\n<span class=\"lvllist ms-auto\"><span class=\"lvllbl\">Niveau<\/span> \n<span class=\"lvlel\">1<\/span>\n<span class=\"lvlel\">2<\/span>\n<\/span>\n<\/p>\n<h3 class=\"h5 fw-bold title entry-title mb-4\"><a href=\"https:\/\/www.youtube.com\/watch?v=QOMJvMSxKck\" class=\"openvid\" data-vid=\"QOMJvMSxKck\">AP 2026 &#8211; Qu&rsquo;est-ce que c&rsquo;est et comment y acc\u00e9der ?<\/a><\/h3>\n<div class=\"d-none videodescr\"><div><!-- wp:paragraph {\"translatedWithWPMLTM\":\"1\"} -->\n<p>Vid\u00e9o r\u00e9alis\u00e9e par: Dipartimento per la trasformazione digitale<\/p>\n<!-- \/wp:paragraph --><\/div><div class=\"pt-3\"><p>Pour afficher les sous-titres dans votre langue, cliquez sur le symbole de l&rsquo;engrenage \u00ab\u00a0param\u00e8tres\u00a0\u00bb et, sous \u00ab\u00a0sous-titres\u00a0\u00bb, choisissez votre langue.<\/p>\n<\/div><\/div>\n<p><a href=\"https:\/\/www.youtube.com\/watch?v=QOMJvMSxKck\" class=\"openvid\" data-vid=\"QOMJvMSxKck\"><strong>REGARDER \u2192<\/strong><\/a><\/p>\n<\/div>\n<\/div>\n<div class=\"col-lg-4\">\n<div class=\"vidblk mb-5\">\n<p class=\"videotb\"><a href=\"https:\/\/viareggiodigitale.it\/fr\/video\/pa-digitale-2026-video-tutorial\/\" class=\"openvid vidbg\" data-vid=\"Edg01Fl39a8\" style=\"background-image: url(https:\/\/img.youtube.com\/vi\/Edg01Fl39a8\/hqdefault.jpg)\"><\/a><\/p>\n<p class=\"metavideo d-flex justify-content-start\">\n<span class=\"px-1 fw-bold\"><a href=\"https:\/\/viareggiodigitale.it\/fr\/argomento\/pa-digitale-fr\/\" class=\"argcat\">PA Digitale<\/a><\/span>\n<span class=\"lvllist ms-auto\"><span class=\"lvllbl\">Niveau<\/span> \n<span class=\"lvlel\">1<\/span>\n<span class=\"lvlel\">2<\/span>\n<\/span>\n<\/p>\n<h3 class=\"h5 fw-bold title entry-title mb-4\"><a href=\"https:\/\/www.youtube.com\/watch?v=Edg01Fl39a8\" class=\"openvid\" data-vid=\"Edg01Fl39a8\">PA Digitale 2026 &#8211; Video tutorial<\/a><\/h3>\n<div class=\"d-none videodescr\"><div><!-- wp:paragraph {\"translatedWithWPMLTM\":\"1\"} -->\n<p>Vid\u00e9o r\u00e9alis\u00e9e par: Dipartimento per la trasformazione digitale<\/p>\n<!-- \/wp:paragraph --><\/div><div class=\"pt-3\"><p>Pour afficher les sous-titres dans votre langue, cliquez sur le symbole de l&rsquo;engrenage \u00ab\u00a0param\u00e8tres\u00a0\u00bb et, sous \u00ab\u00a0sous-titres\u00a0\u00bb, choisissez votre langue.<\/p>\n<\/div><\/div>\n<p><a href=\"https:\/\/www.youtube.com\/watch?v=Edg01Fl39a8\" class=\"openvid\" data-vid=\"Edg01Fl39a8\"><strong>REGARDER \u2192<\/strong><\/a><\/p>\n<\/div>\n<\/div>\n<div class=\"col-lg-4\">\n<div class=\"vidblk mb-5\">\n<p class=\"videotb\"><a href=\"https:\/\/viareggiodigitale.it\/fr\/video\/pa-digitale-2026-come-ricevere-assistenza-su-pa-digitale-2026\/\" class=\"openvid vidbg\" data-vid=\"zgmLLRoS4H4\" style=\"background-image: url(https:\/\/img.youtube.com\/vi\/zgmLLRoS4H4\/hqdefault.jpg)\"><\/a><\/p>\n<p class=\"metavideo d-flex justify-content-start\">\n<span class=\"vidcat\">Pubblica amministrazione<\/span>\n<span class=\"px-1 fw-bold\"><a href=\"https:\/\/viareggiodigitale.it\/fr\/argomento\/pa-digitale\/\" class=\"argcat\">PA Digitale<\/a><\/span>\n<span class=\"lvllist ms-auto\"><span class=\"lvllbl\">Niveau<\/span> \n<span class=\"lvlel\">1<\/span>\n<span class=\"lvlel\">2<\/span>\n<\/span>\n<\/p>\n<h3 class=\"h5 fw-bold title entry-title mb-4\"><a href=\"https:\/\/www.youtube.com\/watch?v=zgmLLRoS4H4\" class=\"openvid\" data-vid=\"zgmLLRoS4H4\">PA Digitale 2026 &#8211; Come ricevere assistenza su PA digitale 2026<\/a><\/h3>\n<div class=\"d-none videodescr\"><div><!-- wp:paragraph -->\n<p>Video realizzato da: Dipartimento per la trasformazione digitale<\/p>\n<!-- \/wp:paragraph --><\/div><div class=\"pt-3\"><p>Pour afficher les sous-titres dans votre langue, cliquez sur le symbole de l&rsquo;engrenage \u00ab\u00a0param\u00e8tres\u00a0\u00bb et, sous \u00ab\u00a0sous-titres\u00a0\u00bb, choisissez votre langue.<\/p>\n<\/div><\/div>\n<p><a href=\"https:\/\/www.youtube.com\/watch?v=zgmLLRoS4H4\" class=\"openvid\" data-vid=\"zgmLLRoS4H4\"><strong>REGARDER \u2192<\/strong><\/a><\/p>\n<\/div>\n<\/div>\n<div class=\"col-lg-4\">\n<div class=\"vidblk mb-5\">\n<p class=\"videotb\"><a href=\"https:\/\/viareggiodigitale.it\/fr\/video\/pa-digitale-2026-come-candidare-la-tua-pa-agli-avvisi-di-pa-digitale-2026\/\" class=\"openvid vidbg\" data-vid=\"V7y_58sCNzI\" style=\"background-image: url(https:\/\/img.youtube.com\/vi\/V7y_58sCNzI\/hqdefault.jpg)\"><\/a><\/p>\n<p class=\"metavideo d-flex justify-content-start\">\n<span class=\"vidcat\">Pubblica amministrazione<\/span>\n<span class=\"px-1 fw-bold\"><a href=\"https:\/\/viareggiodigitale.it\/fr\/argomento\/pa-digitale\/\" class=\"argcat\">PA Digitale<\/a><\/span>\n<span class=\"lvllist ms-auto\"><span class=\"lvllbl\">Niveau<\/span> \n<span class=\"lvlel\">1<\/span>\n<span class=\"lvlel\">2<\/span>\n<\/span>\n<\/p>\n<h3 class=\"h5 fw-bold title entry-title mb-4\"><a href=\"https:\/\/www.youtube.com\/watch?v=V7y_58sCNzI\" class=\"openvid\" data-vid=\"V7y_58sCNzI\">PA Digitale 2026 &#8211; Come candidare la tua PA agli avvisi di PA digitale 2026<\/a><\/h3>\n<div class=\"d-none videodescr\"><div><!-- wp:paragraph -->\n<p>Video realizzato da: Dipartimento per la trasformazione digitale<\/p>\n<!-- \/wp:paragraph --><\/div><div class=\"pt-3\"><p>Pour afficher les sous-titres dans votre langue, cliquez sur le symbole de l&rsquo;engrenage \u00ab\u00a0param\u00e8tres\u00a0\u00bb et, sous \u00ab\u00a0sous-titres\u00a0\u00bb, choisissez votre langue.<\/p>\n<\/div><\/div>\n<p><a href=\"https:\/\/www.youtube.com\/watch?v=V7y_58sCNzI\" class=\"openvid\" data-vid=\"V7y_58sCNzI\"><strong>REGARDER \u2192<\/strong><\/a><\/p>\n<\/div>\n<\/div>\n<div class=\"col-lg-4\">\n<div class=\"vidblk mb-5\">\n<p class=\"videotb\"><a href=\"https:\/\/viareggiodigitale.it\/fr\/video\/pa-digitale-2026-come-fare-la-classificazione-dati-e-servizi-della-tua-pa\/\" class=\"openvid vidbg\" data-vid=\"IR6nWFk6Ll4\" style=\"background-image: url(https:\/\/img.youtube.com\/vi\/IR6nWFk6Ll4\/hqdefault.jpg)\"><\/a><\/p>\n<p class=\"metavideo d-flex justify-content-start\">\n<span class=\"vidcat\">Pubblica amministrazione<\/span>\n<span class=\"px-1 fw-bold\"><a href=\"https:\/\/viareggiodigitale.it\/fr\/argomento\/pa-digitale\/\" class=\"argcat\">PA Digitale<\/a><\/span>\n<span class=\"lvllist ms-auto\"><span class=\"lvllbl\">Niveau<\/span> \n<span class=\"lvlel\">1<\/span>\n<span class=\"lvlel\">2<\/span>\n<\/span>\n<\/p>\n<h3 class=\"h5 fw-bold title entry-title mb-4\"><a href=\"https:\/\/www.youtube.com\/watch?v=IR6nWFk6Ll4\" class=\"openvid\" data-vid=\"IR6nWFk6Ll4\">PA Digitale 2026 &#8211; Come fare la classificazione dati e servizi della tua PA<\/a><\/h3>\n<div class=\"d-none videodescr\"><div><!-- wp:paragraph -->\n<p>Video realizzato da: Dipartimento per la trasformazione digitale<\/p>\n<!-- \/wp:paragraph --><\/div><div class=\"pt-3\"><p>Pour afficher les sous-titres dans votre langue, cliquez sur le symbole de l&rsquo;engrenage \u00ab\u00a0param\u00e8tres\u00a0\u00bb et, sous \u00ab\u00a0sous-titres\u00a0\u00bb, choisissez votre langue.<\/p>\n<\/div><\/div>\n<p><a href=\"https:\/\/www.youtube.com\/watch?v=IR6nWFk6Ll4\" class=\"openvid\" data-vid=\"IR6nWFk6Ll4\"><strong>REGARDER \u2192<\/strong><\/a><\/p>\n<\/div>\n<\/div>\n<\/div>\n","protected":false},"excerpt":{"rendered":"<p>&hellip;<\/p>\n<p class=\"rmore mb-0\"><a class=\"websoup-read-more-link fw-bold\" href=\"https:\/\/viareggiodigitale.it\/fr\/video\/pa-digitale-2026-come-fare-la-classificazione-dati-e-servizi-della-tua-pa\/\">Read More \u2192<\/a><\/p>\n","protected":false},"author":1,"featured_media":0,"parent":519,"menu_order":0,"comment_status":"closed","ping_status":"closed","template":"","meta":{"_acf_changed":false,"footnotes":""},"argomento":[],"class_list":["post-505","page","type-page","status-publish","hentry"],"acf":[],"_links":{"self":[{"href":"https:\/\/viareggiodigitale.it\/fr\/wp-json\/wp\/v2\/pages\/505","targetHints":{"allow":["GET"]}}],"collection":[{"href":"https:\/\/viareggiodigitale.it\/fr\/wp-json\/wp\/v2\/pages"}],"about":[{"href":"https:\/\/viareggiodigitale.it\/fr\/wp-json\/wp\/v2\/types\/page"}],"author":[{"embeddable":true,"href":"https:\/\/viareggiodigitale.it\/fr\/wp-json\/wp\/v2\/users\/1"}],"replies":[{"embeddable":true,"href":"https:\/\/viareggiodigitale.it\/fr\/wp-json\/wp\/v2\/comments?post=505"}],"version-history":[{"count":1,"href":"https:\/\/viareggiodigitale.it\/fr\/wp-json\/wp\/v2\/pages\/505\/revisions"}],"predecessor-version":[{"id":506,"href":"https:\/\/viareggiodigitale.it\/fr\/wp-json\/wp\/v2\/pages\/505\/revisions\/506"}],"up":[{"embeddable":true,"href":"https:\/\/viareggiodigitale.it\/fr\/wp-json\/wp\/v2\/pages\/519"}],"wp:attachment":[{"href":"https:\/\/viareggiodigitale.it\/fr\/wp-json\/wp\/v2\/media?parent=505"}],"wp:term":[{"taxonomy":"argomento","embeddable":true,"href":"https:\/\/viareggiodigitale.it\/fr\/wp-json\/wp\/v2\/argomento?post=505"}],"curies":[{"name":"wp","href":"https:\/\/api.w.org\/{rel}","templated":true}]}}