{"id":507,"date":"2023-03-02T00:33:32","date_gmt":"2023-03-01T23:33:32","guid":{"rendered":"https:\/\/viareggiodigitale.it\/administration-publique-niveau-2\/"},"modified":"2023-03-30T12:43:52","modified_gmt":"2023-03-30T10:43:52","slug":"administration-publique-niveau-2","status":"publish","type":"page","link":"https:\/\/viareggiodigitale.it\/fr\/lecole-digital-3\/administration-publique-niveau-2\/","title":{"rendered":"Administration publique: niveau 2"},"content":{"rendered":"<div class=\"row\">\n<div class=\"col-lg-4\">\n<div class=\"vidblk mb-5\">\n<p class=\"videotb\"><a href=\"https:\/\/viareggiodigitale.it\/fr\/video\/webinar-ecole-digital-2022-2026\/\" class=\"openvid vidbg\" data-vid=\"_8n_HFwWfi8\" style=\"background-image: url(https:\/\/img.youtube.com\/vi\/_8n_HFwWfi8\/hqdefault.jpg)\"><\/a><\/p>\n<p class=\"metavideo d-flex justify-content-start\">\n\n<span class=\"lvllist ms-auto\"><span class=\"lvllbl\">Niveau<\/span> \n<span class=\"lvlel\">1<\/span>\n<span class=\"lvlel\">2<\/span>\n<\/span>\n<\/p>\n<h3 class=\"h5 fw-bold title entry-title mb-4\"><a href=\"https:\/\/www.youtube.com\/watch?v=_8n_HFwWfi8\" class=\"openvid\" data-vid=\"_8n_HFwWfi8\">Webinar: \u00c9cole Digital 2022 &#8211; 2026<\/a><\/h3>\n<div class=\"d-none videodescr\"><div><!-- wp:paragraph {\"translatedWithWPMLTM\":\"1\"} -->\n<p>Vid\u00e9o r\u00e9alis\u00e9e par: Ministero dell'Istruzione<\/p>\n<!-- \/wp:paragraph --><\/div><div class=\"pt-3\"><p>Pour afficher les sous-titres dans votre langue, cliquez sur le symbole de l&rsquo;engrenage \u00ab\u00a0param\u00e8tres\u00a0\u00bb et, sous \u00ab\u00a0sous-titres\u00a0\u00bb, choisissez votre langue.<\/p>\n<\/div><\/div>\n<p><a href=\"https:\/\/www.youtube.com\/watch?v=_8n_HFwWfi8\" class=\"openvid\" data-vid=\"_8n_HFwWfi8\"><strong>REGARDER \u2192<\/strong><\/a><\/p>\n<\/div>\n<\/div>\n<div class=\"col-lg-4\">\n<div class=\"vidblk mb-5\">\n<p class=\"videotb\"><a href=\"https:\/\/viareggiodigitale.it\/fr\/video\/comment-classifier-les-donnees-et-les-services-de-votre-ecole\/\" class=\"openvid vidbg\" data-vid=\"IR6nWFk6Ll4\" style=\"background-image: url(https:\/\/img.youtube.com\/vi\/IR6nWFk6Ll4\/hqdefault.jpg)\"><\/a><\/p>\n<p class=\"metavideo d-flex justify-content-start\">\n<span class=\"px-1 fw-bold\"><a href=\"https:\/\/viareggiodigitale.it\/fr\/argomento\/ecole\/\" class=\"argcat\">\u00c9cole<\/a><\/span>\n<span class=\"lvllist ms-auto\"><span class=\"lvllbl\">Niveau<\/span> \n<span class=\"lvlel\">1<\/span>\n<span class=\"lvlel\">2<\/span>\n<\/span>\n<\/p>\n<h3 class=\"h5 fw-bold title entry-title mb-4\"><a href=\"https:\/\/www.youtube.com\/watch?v=IR6nWFk6Ll4\" class=\"openvid\" data-vid=\"IR6nWFk6Ll4\">Comment classifier les donn\u00e9es et les services de votre \u00e9cole ?<\/a><\/h3>\n<div class=\"d-none videodescr\"><div><!-- wp:paragraph {\"translatedWithWPMLTM\":\"1\"} -->\n<p>Vid\u00e9o r\u00e9alis\u00e9e par: Dipartimento per la trasformazione digitale<\/p>\n<!-- \/wp:paragraph --><\/div><div class=\"pt-3\"><p>Pour afficher les sous-titres dans votre langue, cliquez sur le symbole de l&rsquo;engrenage \u00ab\u00a0param\u00e8tres\u00a0\u00bb et, sous \u00ab\u00a0sous-titres\u00a0\u00bb, choisissez votre langue.<\/p>\n<\/div><\/div>\n<p><a href=\"https:\/\/www.youtube.com\/watch?v=IR6nWFk6Ll4\" class=\"openvid\" data-vid=\"IR6nWFk6Ll4\"><strong>REGARDER \u2192<\/strong><\/a><\/p>\n<\/div>\n<\/div>\n<div class=\"col-lg-4\">\n<div class=\"vidblk mb-5\">\n<p class=\"videotb\"><a href=\"https:\/\/viareggiodigitale.it\/fr\/video\/securite-informatique-dans-ladministration-publique-mise-en-place-de-systemes-de-securite\/\" class=\"openvid vidbg\" data-vid=\"yWtPoYOL95c\" style=\"background-image: url(https:\/\/img.youtube.com\/vi\/yWtPoYOL95c\/hqdefault.jpg)\"><\/a><\/p>\n<p class=\"metavideo d-flex justify-content-start\">\n<span class=\"px-1 fw-bold\"><a href=\"https:\/\/viareggiodigitale.it\/fr\/argomento\/securite\/\" class=\"argcat\">S\u00e9curit\u00e9<\/a><\/span>\n<span class=\"lvllist ms-auto\"><span class=\"lvllbl\">Niveau<\/span> \n<span class=\"lvlel\">2<\/span>\n<\/span>\n<\/p>\n<h3 class=\"h5 fw-bold title entry-title mb-4\"><a href=\"https:\/\/www.youtube.com\/watch?v=yWtPoYOL95c\" class=\"openvid\" data-vid=\"yWtPoYOL95c\">S\u00e9curit\u00e9 informatique dans l&rsquo;administration publique &#8211; Mise en place de syst\u00e8mes de s\u00e9curit\u00e9<\/a><\/h3>\n<div class=\"d-none videodescr\"><div><!-- wp:paragraph {\"translatedWithWPMLTM\":\"1\"} -->\n<p>Vid\u00e9o r\u00e9alis\u00e9e par: Agid<\/p>\n<!-- \/wp:paragraph --><\/div><div class=\"pt-3\"><p>Pour afficher les sous-titres dans votre langue, cliquez sur le symbole de l&rsquo;engrenage \u00ab\u00a0param\u00e8tres\u00a0\u00bb et, sous \u00ab\u00a0sous-titres\u00a0\u00bb, choisissez votre langue.<\/p>\n<\/div><\/div>\n<p><a href=\"https:\/\/www.youtube.com\/watch?v=yWtPoYOL95c\" class=\"openvid\" data-vid=\"yWtPoYOL95c\"><strong>REGARDER \u2192<\/strong><\/a><\/p>\n<\/div>\n<\/div>\n<div class=\"col-lg-4\">\n<div class=\"vidblk mb-5\">\n<p class=\"videotb\"><a href=\"https:\/\/viareggiodigitale.it\/fr\/video\/securite-de-linformation-dans-ladministration-publique-outils-de-prevention\/\" class=\"openvid vidbg\" data-vid=\"vS-pxP2i5xc\" style=\"background-image: url(https:\/\/img.youtube.com\/vi\/vS-pxP2i5xc\/hqdefault.jpg)\"><\/a><\/p>\n<p class=\"metavideo d-flex justify-content-start\">\n<span class=\"px-1 fw-bold\"><a href=\"https:\/\/viareggiodigitale.it\/fr\/argomento\/securite\/\" class=\"argcat\">S\u00e9curit\u00e9<\/a><\/span>\n<span class=\"lvllist ms-auto\"><span class=\"lvllbl\">Niveau<\/span> \n<span class=\"lvlel\">2<\/span>\n<\/span>\n<\/p>\n<h3 class=\"h5 fw-bold title entry-title mb-4\"><a href=\"https:\/\/www.youtube.com\/watch?v=vS-pxP2i5xc\" class=\"openvid\" data-vid=\"vS-pxP2i5xc\">S\u00e9curit\u00e9 de l&rsquo;information dans l&rsquo;administration publique &#8211; Outils de pr\u00e9vention<\/a><\/h3>\n<div class=\"d-none videodescr\"><div><!-- wp:paragraph {\"translatedWithWPMLTM\":\"1\"} -->\n<p>Vid\u00e9o r\u00e9alis\u00e9e par: Agid<\/p>\n<!-- \/wp:paragraph --><\/div><div class=\"pt-3\"><p>Pour afficher les sous-titres dans votre langue, cliquez sur le symbole de l&rsquo;engrenage \u00ab\u00a0param\u00e8tres\u00a0\u00bb et, sous \u00ab\u00a0sous-titres\u00a0\u00bb, choisissez votre langue.<\/p>\n<\/div><\/div>\n<p><a href=\"https:\/\/www.youtube.com\/watch?v=vS-pxP2i5xc\" class=\"openvid\" data-vid=\"vS-pxP2i5xc\"><strong>REGARDER \u2192<\/strong><\/a><\/p>\n<\/div>\n<\/div>\n<div class=\"col-lg-4\">\n<div class=\"vidblk mb-5\">\n<p class=\"videotb\"><a href=\"https:\/\/viareggiodigitale.it\/fr\/video\/cloud-italia-il-cloud-della-pubblica-amministrazione-come-effettuare-la-classificazione-di-dati-e-servizi-per-la-migrazione-al-cloud\/\" class=\"openvid vidbg\" data-vid=\"r2QD-uGbI7M\" style=\"background-image: url(https:\/\/img.youtube.com\/vi\/r2QD-uGbI7M\/hqdefault.jpg)\"><\/a><\/p>\n<p class=\"metavideo d-flex justify-content-start\">\n<span class=\"vidcat\">Pubblica amministrazione<\/span>\n<span class=\"px-1 fw-bold\"><a href=\"https:\/\/viareggiodigitale.it\/fr\/argomento\/cloud-italia\/\" class=\"argcat\">Cloud Italia<\/a><\/span>\n<span class=\"lvllist ms-auto\"><span class=\"lvllbl\">Niveau<\/span> \n<span class=\"lvlel\">1<\/span>\n<span class=\"lvlel\">2<\/span>\n<\/span>\n<\/p>\n<h3 class=\"h5 fw-bold title entry-title mb-4\"><a href=\"https:\/\/www.youtube.com\/watch?v=r2QD-uGbI7M\" class=\"openvid\" data-vid=\"r2QD-uGbI7M\">Cloud Italia. Il Cloud Della pubblica Amministrazione &#8211; Come effettuare la classificazione di dati e servizi per la migrazione al cloud<\/a><\/h3>\n<div class=\"d-none videodescr\"><div><!-- wp:paragraph -->\n<p>Video realizzato da: Dipartimento per la trasformazione digitale<\/p>\n<!-- \/wp:paragraph --><\/div><div class=\"pt-3\"><p>Pour afficher les sous-titres dans votre langue, cliquez sur le symbole de l&rsquo;engrenage \u00ab\u00a0param\u00e8tres\u00a0\u00bb et, sous \u00ab\u00a0sous-titres\u00a0\u00bb, choisissez votre langue.<\/p>\n<\/div><\/div>\n<p><a href=\"https:\/\/www.youtube.com\/watch?v=r2QD-uGbI7M\" class=\"openvid\" data-vid=\"r2QD-uGbI7M\"><strong>REGARDER \u2192<\/strong><\/a><\/p>\n<\/div>\n<\/div>\n<div class=\"col-lg-4\">\n<div class=\"vidblk mb-5\">\n<p class=\"videotb\"><a href=\"https:\/\/viareggiodigitale.it\/fr\/video\/cloud-italia-il-cloud-della-pubblica-amministrazione-cose-il-cloud-polo-strategico-nazionale\/\" class=\"openvid vidbg\" data-vid=\"NeCHaWD2VVI\" style=\"background-image: url(https:\/\/img.youtube.com\/vi\/NeCHaWD2VVI\/hqdefault.jpg)\"><\/a><\/p>\n<p class=\"metavideo d-flex justify-content-start\">\n<span class=\"vidcat\">Pubblica amministrazione<\/span>\n<span class=\"px-1 fw-bold\"><a href=\"https:\/\/viareggiodigitale.it\/fr\/argomento\/cloud-italia\/\" class=\"argcat\">Cloud Italia<\/a><\/span>\n<span class=\"lvllist ms-auto\"><span class=\"lvllbl\">Niveau<\/span> \n<span class=\"lvlel\">1<\/span>\n<span class=\"lvlel\">2<\/span>\n<\/span>\n<\/p>\n<h3 class=\"h5 fw-bold title entry-title mb-4\"><a href=\"https:\/\/www.youtube.com\/watch?v=NeCHaWD2VVI\" class=\"openvid\" data-vid=\"NeCHaWD2VVI\">Cloud Italia. Il Cloud Della pubblica Amministrazione &#8211; Cos\u2019\u00e8 il Cloud Polo Strategico Nazionale<\/a><\/h3>\n<div class=\"d-none videodescr\"><div><!-- wp:paragraph -->\n<p>Video realizzato da: Polo Strategico Nazionale<\/p>\n<!-- \/wp:paragraph --><\/div><div class=\"pt-3\"><p>Pour afficher les sous-titres dans votre langue, cliquez sur le symbole de l&rsquo;engrenage \u00ab\u00a0param\u00e8tres\u00a0\u00bb et, sous \u00ab\u00a0sous-titres\u00a0\u00bb, choisissez votre langue.<\/p>\n<\/div><\/div>\n<p><a href=\"https:\/\/www.youtube.com\/watch?v=NeCHaWD2VVI\" class=\"openvid\" data-vid=\"NeCHaWD2VVI\"><strong>REGARDER \u2192<\/strong><\/a><\/p>\n<\/div>\n<\/div>\n<div class=\"col-lg-4\">\n<div class=\"vidblk mb-5\">\n<p class=\"videotb\"><a href=\"https:\/\/viareggiodigitale.it\/fr\/video\/cloud-italia-il-cloud-della-pubblica-amministrazione-come-candidarsi-allavviso-per-la-migrazione-al-cloud\/\" class=\"openvid vidbg\" data-vid=\"0sj5BxptQZg\" style=\"background-image: url(https:\/\/img.youtube.com\/vi\/0sj5BxptQZg\/hqdefault.jpg)\"><\/a><\/p>\n<p class=\"metavideo d-flex justify-content-start\">\n<span class=\"vidcat\">Pubblica amministrazione<\/span>\n<span class=\"px-1 fw-bold\"><a href=\"https:\/\/viareggiodigitale.it\/fr\/argomento\/cloud-italia\/\" class=\"argcat\">Cloud Italia<\/a><\/span>\n<span class=\"lvllist ms-auto\"><span class=\"lvllbl\">Niveau<\/span> \n<span class=\"lvlel\">1<\/span>\n<span class=\"lvlel\">2<\/span>\n<\/span>\n<\/p>\n<h3 class=\"h5 fw-bold title entry-title mb-4\"><a href=\"https:\/\/www.youtube.com\/watch?v=0sj5BxptQZg\" class=\"openvid\" data-vid=\"0sj5BxptQZg\">Cloud Italia. Il Cloud Della pubblica Amministrazione &#8211; Come candidarsi all&rsquo;Avviso per la migrazione al cloud<\/a><\/h3>\n<div class=\"d-none videodescr\"><div><!-- wp:paragraph -->\n<p>Video creato da: Dipartimento per la trasformazione digitale<\/p>\n<!-- \/wp:paragraph --><\/div><div class=\"pt-3\"><p>Pour afficher les sous-titres dans votre langue, cliquez sur le symbole de l&rsquo;engrenage \u00ab\u00a0param\u00e8tres\u00a0\u00bb et, sous \u00ab\u00a0sous-titres\u00a0\u00bb, choisissez votre langue.<\/p>\n<\/div><\/div>\n<p><a href=\"https:\/\/www.youtube.com\/watch?v=0sj5BxptQZg\" class=\"openvid\" data-vid=\"0sj5BxptQZg\"><strong>REGARDER \u2192<\/strong><\/a><\/p>\n<\/div>\n<\/div>\n<div class=\"col-lg-4\">\n<div class=\"vidblk mb-5\">\n<p class=\"videotb\"><a href=\"https:\/\/viareggiodigitale.it\/fr\/video\/ap-2026-quest-ce-que-cest-et-comment-y-acceder\/\" class=\"openvid vidbg\" data-vid=\"QOMJvMSxKck\" style=\"background-image: url(https:\/\/img.youtube.com\/vi\/QOMJvMSxKck\/hqdefault.jpg)\"><\/a><\/p>\n<p class=\"metavideo d-flex justify-content-start\">\n<span class=\"px-1 fw-bold\"><a href=\"https:\/\/viareggiodigitale.it\/fr\/argomento\/pa-digitale-fr\/\" class=\"argcat\">PA Digitale<\/a><\/span>\n<span class=\"lvllist ms-auto\"><span class=\"lvllbl\">Niveau<\/span> \n<span class=\"lvlel\">1<\/span>\n<span class=\"lvlel\">2<\/span>\n<\/span>\n<\/p>\n<h3 class=\"h5 fw-bold title entry-title mb-4\"><a href=\"https:\/\/www.youtube.com\/watch?v=QOMJvMSxKck\" class=\"openvid\" data-vid=\"QOMJvMSxKck\">AP 2026 &#8211; Qu&rsquo;est-ce que c&rsquo;est et comment y acc\u00e9der ?<\/a><\/h3>\n<div class=\"d-none videodescr\"><div><!-- wp:paragraph {\"translatedWithWPMLTM\":\"1\"} -->\n<p>Vid\u00e9o r\u00e9alis\u00e9e par: Dipartimento per la trasformazione digitale<\/p>\n<!-- \/wp:paragraph --><\/div><div class=\"pt-3\"><p>Pour afficher les sous-titres dans votre langue, cliquez sur le symbole de l&rsquo;engrenage \u00ab\u00a0param\u00e8tres\u00a0\u00bb et, sous \u00ab\u00a0sous-titres\u00a0\u00bb, choisissez votre langue.<\/p>\n<\/div><\/div>\n<p><a href=\"https:\/\/www.youtube.com\/watch?v=QOMJvMSxKck\" class=\"openvid\" data-vid=\"QOMJvMSxKck\"><strong>REGARDER \u2192<\/strong><\/a><\/p>\n<\/div>\n<\/div>\n<div class=\"col-lg-4\">\n<div class=\"vidblk mb-5\">\n<p class=\"videotb\"><a href=\"https:\/\/viareggiodigitale.it\/fr\/video\/pa-digitale-2026-video-tutorial\/\" class=\"openvid vidbg\" data-vid=\"Edg01Fl39a8\" style=\"background-image: url(https:\/\/img.youtube.com\/vi\/Edg01Fl39a8\/hqdefault.jpg)\"><\/a><\/p>\n<p class=\"metavideo d-flex justify-content-start\">\n<span class=\"px-1 fw-bold\"><a href=\"https:\/\/viareggiodigitale.it\/fr\/argomento\/pa-digitale-fr\/\" class=\"argcat\">PA Digitale<\/a><\/span>\n<span class=\"lvllist ms-auto\"><span class=\"lvllbl\">Niveau<\/span> \n<span class=\"lvlel\">1<\/span>\n<span class=\"lvlel\">2<\/span>\n<\/span>\n<\/p>\n<h3 class=\"h5 fw-bold title entry-title mb-4\"><a href=\"https:\/\/www.youtube.com\/watch?v=Edg01Fl39a8\" class=\"openvid\" data-vid=\"Edg01Fl39a8\">PA Digitale 2026 &#8211; Video tutorial<\/a><\/h3>\n<div class=\"d-none videodescr\"><div><!-- wp:paragraph {\"translatedWithWPMLTM\":\"1\"} -->\n<p>Vid\u00e9o r\u00e9alis\u00e9e par: Dipartimento per la trasformazione digitale<\/p>\n<!-- \/wp:paragraph --><\/div><div class=\"pt-3\"><p>Pour afficher les sous-titres dans votre langue, cliquez sur le symbole de l&rsquo;engrenage \u00ab\u00a0param\u00e8tres\u00a0\u00bb et, sous \u00ab\u00a0sous-titres\u00a0\u00bb, choisissez votre langue.<\/p>\n<\/div><\/div>\n<p><a href=\"https:\/\/www.youtube.com\/watch?v=Edg01Fl39a8\" class=\"openvid\" data-vid=\"Edg01Fl39a8\"><strong>REGARDER \u2192<\/strong><\/a><\/p>\n<\/div>\n<\/div>\n<div class=\"col-lg-4\">\n<div class=\"vidblk mb-5\">\n<p class=\"videotb\"><a href=\"https:\/\/viareggiodigitale.it\/fr\/video\/pa-digitale-2026-come-ricevere-assistenza-su-pa-digitale-2026\/\" class=\"openvid vidbg\" data-vid=\"zgmLLRoS4H4\" style=\"background-image: url(https:\/\/img.youtube.com\/vi\/zgmLLRoS4H4\/hqdefault.jpg)\"><\/a><\/p>\n<p class=\"metavideo d-flex justify-content-start\">\n<span class=\"vidcat\">Pubblica amministrazione<\/span>\n<span class=\"px-1 fw-bold\"><a href=\"https:\/\/viareggiodigitale.it\/fr\/argomento\/pa-digitale\/\" class=\"argcat\">PA Digitale<\/a><\/span>\n<span class=\"lvllist ms-auto\"><span class=\"lvllbl\">Niveau<\/span> \n<span class=\"lvlel\">1<\/span>\n<span class=\"lvlel\">2<\/span>\n<\/span>\n<\/p>\n<h3 class=\"h5 fw-bold title entry-title mb-4\"><a href=\"https:\/\/www.youtube.com\/watch?v=zgmLLRoS4H4\" class=\"openvid\" data-vid=\"zgmLLRoS4H4\">PA Digitale 2026 &#8211; Come ricevere assistenza su PA digitale 2026<\/a><\/h3>\n<div class=\"d-none videodescr\"><div><!-- wp:paragraph -->\n<p>Video realizzato da: Dipartimento per la trasformazione digitale<\/p>\n<!-- \/wp:paragraph --><\/div><div class=\"pt-3\"><p>Pour afficher les sous-titres dans votre langue, cliquez sur le symbole de l&rsquo;engrenage \u00ab\u00a0param\u00e8tres\u00a0\u00bb et, sous \u00ab\u00a0sous-titres\u00a0\u00bb, choisissez votre langue.<\/p>\n<\/div><\/div>\n<p><a href=\"https:\/\/www.youtube.com\/watch?v=zgmLLRoS4H4\" class=\"openvid\" data-vid=\"zgmLLRoS4H4\"><strong>REGARDER \u2192<\/strong><\/a><\/p>\n<\/div>\n<\/div>\n<div class=\"col-lg-4\">\n<div class=\"vidblk mb-5\">\n<p class=\"videotb\"><a href=\"https:\/\/viareggiodigitale.it\/fr\/video\/pa-digitale-2026-come-candidare-la-tua-pa-agli-avvisi-di-pa-digitale-2026\/\" class=\"openvid vidbg\" data-vid=\"V7y_58sCNzI\" style=\"background-image: url(https:\/\/img.youtube.com\/vi\/V7y_58sCNzI\/hqdefault.jpg)\"><\/a><\/p>\n<p class=\"metavideo d-flex justify-content-start\">\n<span class=\"vidcat\">Pubblica amministrazione<\/span>\n<span class=\"px-1 fw-bold\"><a href=\"https:\/\/viareggiodigitale.it\/fr\/argomento\/pa-digitale\/\" class=\"argcat\">PA Digitale<\/a><\/span>\n<span class=\"lvllist ms-auto\"><span class=\"lvllbl\">Niveau<\/span> \n<span class=\"lvlel\">1<\/span>\n<span class=\"lvlel\">2<\/span>\n<\/span>\n<\/p>\n<h3 class=\"h5 fw-bold title entry-title mb-4\"><a href=\"https:\/\/www.youtube.com\/watch?v=V7y_58sCNzI\" class=\"openvid\" data-vid=\"V7y_58sCNzI\">PA Digitale 2026 &#8211; Come candidare la tua PA agli avvisi di PA digitale 2026<\/a><\/h3>\n<div class=\"d-none videodescr\"><div><!-- wp:paragraph -->\n<p>Video realizzato da: Dipartimento per la trasformazione digitale<\/p>\n<!-- \/wp:paragraph --><\/div><div class=\"pt-3\"><p>Pour afficher les sous-titres dans votre langue, cliquez sur le symbole de l&rsquo;engrenage \u00ab\u00a0param\u00e8tres\u00a0\u00bb et, sous \u00ab\u00a0sous-titres\u00a0\u00bb, choisissez votre langue.<\/p>\n<\/div><\/div>\n<p><a href=\"https:\/\/www.youtube.com\/watch?v=V7y_58sCNzI\" class=\"openvid\" data-vid=\"V7y_58sCNzI\"><strong>REGARDER \u2192<\/strong><\/a><\/p>\n<\/div>\n<\/div>\n<div class=\"col-lg-4\">\n<div class=\"vidblk mb-5\">\n<p class=\"videotb\"><a href=\"https:\/\/viareggiodigitale.it\/fr\/video\/pa-digitale-2026-come-fare-la-classificazione-dati-e-servizi-della-tua-pa\/\" class=\"openvid vidbg\" data-vid=\"IR6nWFk6Ll4\" style=\"background-image: url(https:\/\/img.youtube.com\/vi\/IR6nWFk6Ll4\/hqdefault.jpg)\"><\/a><\/p>\n<p class=\"metavideo d-flex justify-content-start\">\n<span class=\"vidcat\">Pubblica amministrazione<\/span>\n<span class=\"px-1 fw-bold\"><a href=\"https:\/\/viareggiodigitale.it\/fr\/argomento\/pa-digitale\/\" class=\"argcat\">PA Digitale<\/a><\/span>\n<span class=\"lvllist ms-auto\"><span class=\"lvllbl\">Niveau<\/span> \n<span class=\"lvlel\">1<\/span>\n<span class=\"lvlel\">2<\/span>\n<\/span>\n<\/p>\n<h3 class=\"h5 fw-bold title entry-title mb-4\"><a href=\"https:\/\/www.youtube.com\/watch?v=IR6nWFk6Ll4\" class=\"openvid\" data-vid=\"IR6nWFk6Ll4\">PA Digitale 2026 &#8211; Come fare la classificazione dati e servizi della tua PA<\/a><\/h3>\n<div class=\"d-none videodescr\"><div><!-- wp:paragraph -->\n<p>Video realizzato da: Dipartimento per la trasformazione digitale<\/p>\n<!-- \/wp:paragraph --><\/div><div class=\"pt-3\"><p>Pour afficher les sous-titres dans votre langue, cliquez sur le symbole de l&rsquo;engrenage \u00ab\u00a0param\u00e8tres\u00a0\u00bb et, sous \u00ab\u00a0sous-titres\u00a0\u00bb, choisissez votre langue.<\/p>\n<\/div><\/div>\n<p><a href=\"https:\/\/www.youtube.com\/watch?v=IR6nWFk6Ll4\" class=\"openvid\" data-vid=\"IR6nWFk6Ll4\"><strong>REGARDER \u2192<\/strong><\/a><\/p>\n<\/div>\n<\/div>\n<div class=\"col-lg-4\">\n<div class=\"vidblk mb-5\">\n<p class=\"videotb\"><a href=\"https:\/\/viareggiodigitale.it\/fr\/video\/spid-come-rendere-i-tuoi-servizi-accessibili-con-spid\/\" class=\"openvid vidbg\" data-vid=\"G8ky0svllk4\" style=\"background-image: url(https:\/\/img.youtube.com\/vi\/G8ky0svllk4\/hqdefault.jpg)\"><\/a><\/p>\n<p class=\"metavideo d-flex justify-content-start\">\n<span class=\"vidcat\">Pubblica amministrazione<\/span>\n<span class=\"px-1 fw-bold\"><a href=\"https:\/\/viareggiodigitale.it\/fr\/argomento\/spid\/\" class=\"argcat\">Spid<\/a><\/span>\n<span class=\"lvllist ms-auto\"><span class=\"lvllbl\">Niveau<\/span> \n<span class=\"lvlel\">2<\/span>\n<\/span>\n<\/p>\n<h3 class=\"h5 fw-bold title entry-title mb-4\"><a href=\"https:\/\/www.youtube.com\/watch?v=G8ky0svllk4\" class=\"openvid\" data-vid=\"G8ky0svllk4\">Spid &#8211; Come rendere i tuoi servizi accessibili con SPID<\/a><\/h3>\n<div class=\"d-none videodescr\"><div><!-- wp:paragraph -->\n<p>Video realizzato da: Agid<\/p>\n<!-- \/wp:paragraph --><\/div><div class=\"pt-3\"><p>Pour afficher les sous-titres dans votre langue, cliquez sur le symbole de l&rsquo;engrenage \u00ab\u00a0param\u00e8tres\u00a0\u00bb et, sous \u00ab\u00a0sous-titres\u00a0\u00bb, choisissez votre langue.<\/p>\n<\/div><\/div>\n<p><a href=\"https:\/\/www.youtube.com\/watch?v=G8ky0svllk4\" class=\"openvid\" data-vid=\"G8ky0svllk4\"><strong>REGARDER \u2192<\/strong><\/a><\/p>\n<\/div>\n<\/div>\n<\/div>\n","protected":false},"excerpt":{"rendered":"<p>&hellip;<\/p>\n<p class=\"rmore mb-0\"><a class=\"websoup-read-more-link fw-bold\" href=\"https:\/\/viareggiodigitale.it\/fr\/video\/spid-come-rendere-i-tuoi-servizi-accessibili-con-spid\/\">Read More \u2192<\/a><\/p>\n","protected":false},"author":1,"featured_media":0,"parent":519,"menu_order":0,"comment_status":"closed","ping_status":"closed","template":"","meta":{"_acf_changed":false,"footnotes":""},"argomento":[],"class_list":["post-507","page","type-page","status-publish","hentry"],"acf":[],"_links":{"self":[{"href":"https:\/\/viareggiodigitale.it\/fr\/wp-json\/wp\/v2\/pages\/507","targetHints":{"allow":["GET"]}}],"collection":[{"href":"https:\/\/viareggiodigitale.it\/fr\/wp-json\/wp\/v2\/pages"}],"about":[{"href":"https:\/\/viareggiodigitale.it\/fr\/wp-json\/wp\/v2\/types\/page"}],"author":[{"embeddable":true,"href":"https:\/\/viareggiodigitale.it\/fr\/wp-json\/wp\/v2\/users\/1"}],"replies":[{"embeddable":true,"href":"https:\/\/viareggiodigitale.it\/fr\/wp-json\/wp\/v2\/comments?post=507"}],"version-history":[{"count":1,"href":"https:\/\/viareggiodigitale.it\/fr\/wp-json\/wp\/v2\/pages\/507\/revisions"}],"predecessor-version":[{"id":508,"href":"https:\/\/viareggiodigitale.it\/fr\/wp-json\/wp\/v2\/pages\/507\/revisions\/508"}],"up":[{"embeddable":true,"href":"https:\/\/viareggiodigitale.it\/fr\/wp-json\/wp\/v2\/pages\/519"}],"wp:attachment":[{"href":"https:\/\/viareggiodigitale.it\/fr\/wp-json\/wp\/v2\/media?parent=507"}],"wp:term":[{"taxonomy":"argomento","embeddable":true,"href":"https:\/\/viareggiodigitale.it\/fr\/wp-json\/wp\/v2\/argomento?post=507"}],"curies":[{"name":"wp","href":"https:\/\/api.w.org\/{rel}","templated":true}]}}