{"id":509,"date":"2023-03-02T00:32:54","date_gmt":"2023-03-01T23:32:54","guid":{"rendered":"https:\/\/viareggiodigitale.it\/administration-publique-niveau-3\/"},"modified":"2023-03-30T12:44:05","modified_gmt":"2023-03-30T10:44:05","slug":"administration-publique-niveau-3","status":"publish","type":"page","link":"https:\/\/viareggiodigitale.it\/fr\/lecole-digital-3\/administration-publique-niveau-3\/","title":{"rendered":"Administration publique: niveau 3"},"content":{"rendered":"<div class=\"row\">\n<div class=\"col-lg-4\">\n<div class=\"vidblk mb-5\">\n<p class=\"videotb\"><a href=\"https:\/\/viareggiodigitale.it\/fr\/video\/la-cybersecurite-dans-ladministration-publique-types-dattaques-contre-ladministration-publique\/\" class=\"openvid vidbg\" data-vid=\"-eSyxCZ-kIA\" style=\"background-image: url(https:\/\/img.youtube.com\/vi\/-eSyxCZ-kIA\/hqdefault.jpg)\"><\/a><\/p>\n<p class=\"metavideo d-flex justify-content-start\">\n<span class=\"px-1 fw-bold\"><a href=\"https:\/\/viareggiodigitale.it\/fr\/argomento\/securite\/\" class=\"argcat\">S\u00e9curit\u00e9<\/a><\/span>\n<span class=\"lvllist ms-auto\"><span class=\"lvllbl\">Niveau<\/span> \n<span class=\"lvlel\">3<\/span>\n<\/span>\n<\/p>\n<h3 class=\"h5 fw-bold title entry-title mb-4\"><a href=\"https:\/\/www.youtube.com\/watch?v=-eSyxCZ-kIA\" class=\"openvid\" data-vid=\"-eSyxCZ-kIA\">La cybers\u00e9curit\u00e9 dans l&rsquo;administration publique &#8211; Types d&rsquo;attaques contre l&rsquo;administration publique<\/a><\/h3>\n<div class=\"d-none videodescr\"><div><!-- wp:paragraph {\"translatedWithWPMLTM\":\"1\"} -->\n<p>Vid\u00e9o r\u00e9alis\u00e9e par: : AGID<\/p>\n<!-- \/wp:paragraph --><\/div><div class=\"pt-3\"><p>Pour afficher les sous-titres dans votre langue, cliquez sur le symbole de l&rsquo;engrenage \u00ab\u00a0param\u00e8tres\u00a0\u00bb et, sous \u00ab\u00a0sous-titres\u00a0\u00bb, choisissez votre langue.<\/p>\n<\/div><\/div>\n<p><a href=\"https:\/\/www.youtube.com\/watch?v=-eSyxCZ-kIA\" class=\"openvid\" data-vid=\"-eSyxCZ-kIA\"><strong>REGARDER \u2192<\/strong><\/a><\/p>\n<\/div>\n<\/div>\n<div class=\"col-lg-4\">\n<div class=\"vidblk mb-5\">\n<p class=\"videotb\"><a href=\"https:\/\/viareggiodigitale.it\/fr\/video\/securite-informatique-dans-ladministration-publique-le-modele-des-sites-web-municipaux-et-laccessibilite\/\" class=\"openvid vidbg\" data-vid=\"3BPZXwwsXjc\" style=\"background-image: url(https:\/\/img.youtube.com\/vi\/3BPZXwwsXjc\/hqdefault.jpg)\"><\/a><\/p>\n<p class=\"metavideo d-flex justify-content-start\">\n<span class=\"px-1 fw-bold\"><a href=\"https:\/\/viareggiodigitale.it\/fr\/argomento\/securite\/\" class=\"argcat\">S\u00e9curit\u00e9<\/a><\/span>\n<span class=\"lvllist ms-auto\"><span class=\"lvllbl\">Niveau<\/span> \n<span class=\"lvlel\">3<\/span>\n<\/span>\n<\/p>\n<h3 class=\"h5 fw-bold title entry-title mb-4\"><a href=\"https:\/\/www.youtube.com\/watch?v=3BPZXwwsXjc\" class=\"openvid\" data-vid=\"3BPZXwwsXjc\">S\u00e9curit\u00e9 informatique dans l&rsquo;administration publique &#8211; Le mod\u00e8le des sites web municipaux et l&rsquo;accessibilit\u00e9<\/a><\/h3>\n<div class=\"d-none videodescr\"><div><!-- wp:paragraph {\"translatedWithWPMLTM\":\"1\"} -->\n<p>Vid\u00e9o r\u00e9alis\u00e9e par: FormezPA<\/p>\n<!-- \/wp:paragraph --><\/div><div class=\"pt-3\"><p>Pour afficher les sous-titres dans votre langue, cliquez sur le symbole de l&rsquo;engrenage \u00ab\u00a0param\u00e8tres\u00a0\u00bb et, sous \u00ab\u00a0sous-titres\u00a0\u00bb, choisissez votre langue.<\/p>\n<\/div><\/div>\n<p><a href=\"https:\/\/www.youtube.com\/watch?v=3BPZXwwsXjc\" class=\"openvid\" data-vid=\"3BPZXwwsXjc\"><strong>REGARDER \u2192<\/strong><\/a><\/p>\n<\/div>\n<\/div>\n<div class=\"col-lg-4\">\n<div class=\"vidblk mb-5\">\n<p class=\"videotb\"><a href=\"https:\/\/viareggiodigitale.it\/fr\/video\/securite-de-linformation-dans-ladministration-publique-lignes-directrices-pour-la-conception\/\" class=\"openvid vidbg\" data-vid=\"Lzx778I8toA\" style=\"background-image: url(https:\/\/img.youtube.com\/vi\/Lzx778I8toA\/hqdefault.jpg)\"><\/a><\/p>\n<p class=\"metavideo d-flex justify-content-start\">\n<span class=\"px-1 fw-bold\"><a href=\"https:\/\/viareggiodigitale.it\/fr\/argomento\/securite\/\" class=\"argcat\">S\u00e9curit\u00e9<\/a><\/span>\n<span class=\"lvllist ms-auto\"><span class=\"lvllbl\">Niveau<\/span> \n<span class=\"lvlel\">3<\/span>\n<\/span>\n<\/p>\n<h3 class=\"h5 fw-bold title entry-title mb-4\"><a href=\"https:\/\/www.youtube.com\/watch?v=Lzx778I8toA\" class=\"openvid\" data-vid=\"Lzx778I8toA\">S\u00e9curit\u00e9 de l&rsquo;information dans l&rsquo;administration publique &#8211; Lignes directrices pour la conception<\/a><\/h3>\n<div class=\"d-none videodescr\"><div><!-- wp:paragraph {\"translatedWithWPMLTM\":\"1\"} -->\n<p>Vid\u00e9o r\u00e9alis\u00e9e par: FormezPA<\/p>\n<!-- \/wp:paragraph --><\/div><div class=\"pt-3\"><p>Pour afficher les sous-titres dans votre langue, cliquez sur le symbole de l&rsquo;engrenage \u00ab\u00a0param\u00e8tres\u00a0\u00bb et, sous \u00ab\u00a0sous-titres\u00a0\u00bb, choisissez votre langue.<\/p>\n<\/div><\/div>\n<p><a href=\"https:\/\/www.youtube.com\/watch?v=Lzx778I8toA\" class=\"openvid\" data-vid=\"Lzx778I8toA\"><strong>REGARDER \u2192<\/strong><\/a><\/p>\n<\/div>\n<\/div>\n<div class=\"col-lg-4\">\n<div class=\"vidblk mb-5\">\n<p class=\"videotb\"><a href=\"https:\/\/viareggiodigitale.it\/fr\/video\/concevoir-developper-et-fournir-des-services-publics-numeriques-concevoir-des-services-publics-numeriques-de-qualite\/\" class=\"openvid vidbg\" data-vid=\"Hot9L8ZYHEw\" style=\"background-image: url(https:\/\/img.youtube.com\/vi\/Hot9L8ZYHEw\/hqdefault.jpg)\"><\/a><\/p>\n<p class=\"metavideo d-flex justify-content-start\">\n<span class=\"px-1 fw-bold\"><a href=\"https:\/\/viareggiodigitale.it\/fr\/argomento\/design-fr\/\" class=\"argcat\">Design<\/a><\/span>\n<span class=\"lvllist ms-auto\"><span class=\"lvllbl\">Niveau<\/span> \n<span class=\"lvlel\">3<\/span>\n<\/span>\n<\/p>\n<h3 class=\"h5 fw-bold title entry-title mb-4\"><a href=\"https:\/\/www.youtube.com\/watch?v=Hot9L8ZYHEw\" class=\"openvid\" data-vid=\"Hot9L8ZYHEw\">Concevoir, d\u00e9velopper et fournir des services publics num\u00e9riques &#8211; Concevoir des services publics num\u00e9riques de qualit\u00e9<\/a><\/h3>\n<div class=\"d-none videodescr\"><div><!-- wp:paragraph {\"translatedWithWPMLTM\":\"1\"} -->\n<p>Vid\u00e9o r\u00e9alis\u00e9e par: FormezPA<\/p>\n<!-- \/wp:paragraph --><\/div><div class=\"pt-3\"><p>Pour afficher les sous-titres dans votre langue, cliquez sur le symbole de l&rsquo;engrenage \u00ab\u00a0param\u00e8tres\u00a0\u00bb et, sous \u00ab\u00a0sous-titres\u00a0\u00bb, choisissez votre langue.<\/p>\n<\/div><\/div>\n<p><a href=\"https:\/\/www.youtube.com\/watch?v=Hot9L8ZYHEw\" class=\"openvid\" data-vid=\"Hot9L8ZYHEw\"><strong>REGARDER \u2192<\/strong><\/a><\/p>\n<\/div>\n<\/div>\n<div class=\"col-lg-4\">\n<div class=\"vidblk mb-5\">\n<p class=\"videotb\"><a href=\"https:\/\/viareggiodigitale.it\/fr\/video\/progettare-il-sito-web-di-un-comune-larchitettura-informativa-i-contenuti-e-linterfaccia-utente\/\" class=\"openvid vidbg\" data-vid=\"Jw5khGcbC7s\" style=\"background-image: url(https:\/\/img.youtube.com\/vi\/Jw5khGcbC7s\/hqdefault.jpg)\"><\/a><\/p>\n<p class=\"metavideo d-flex justify-content-start\">\n<span class=\"vidcat\">Pubblica amministrazione<\/span>\n<span class=\"px-1 fw-bold\"><a href=\"https:\/\/viareggiodigitale.it\/fr\/argomento\/progettazione\/\" class=\"argcat\">Progettazione<\/a><\/span>\n<span class=\"lvllist ms-auto\"><span class=\"lvllbl\">Niveau<\/span> \n<span class=\"lvlel\">3<\/span>\n<\/span>\n<\/p>\n<h3 class=\"h5 fw-bold title entry-title mb-4\"><a href=\"https:\/\/www.youtube.com\/watch?v=Jw5khGcbC7s\" class=\"openvid\" data-vid=\"Jw5khGcbC7s\">Progettare il sito web di un comune &#8211; L\u2019architettura informativa, i contenuti e l\u2019interfaccia utente<\/a><\/h3>\n<div class=\"d-none videodescr\"><div><!-- wp:paragraph -->\n<p>Video realizzato da: FormezPA<\/p>\n<!-- \/wp:paragraph --><\/div><div class=\"pt-3\"><p>Pour afficher les sous-titres dans votre langue, cliquez sur le symbole de l&rsquo;engrenage \u00ab\u00a0param\u00e8tres\u00a0\u00bb et, sous \u00ab\u00a0sous-titres\u00a0\u00bb, choisissez votre langue.<\/p>\n<\/div><\/div>\n<p><a href=\"https:\/\/www.youtube.com\/watch?v=Jw5khGcbC7s\" class=\"openvid\" data-vid=\"Jw5khGcbC7s\"><strong>REGARDER \u2192<\/strong><\/a><\/p>\n<\/div>\n<\/div>\n<div class=\"col-lg-4\">\n<div class=\"vidblk mb-5\">\n<p class=\"videotb\"><a href=\"https:\/\/viareggiodigitale.it\/fr\/video\/progettare-il-sito-web-di-un-comune-dalla-progettazione-allo-sviluppo\/\" class=\"openvid vidbg\" data-vid=\"JtOHiIaOPmA\" style=\"background-image: url(https:\/\/img.youtube.com\/vi\/JtOHiIaOPmA\/hqdefault.jpg)\"><\/a><\/p>\n<p class=\"metavideo d-flex justify-content-start\">\n<span class=\"vidcat\">Pubblica amministrazione<\/span>\n<span class=\"px-1 fw-bold\"><a href=\"https:\/\/viareggiodigitale.it\/fr\/argomento\/progettazione\/\" class=\"argcat\">Progettazione<\/a><\/span>\n<span class=\"lvllist ms-auto\"><span class=\"lvllbl\">Niveau<\/span> \n<span class=\"lvlel\">3<\/span>\n<\/span>\n<\/p>\n<h3 class=\"h5 fw-bold title entry-title mb-4\"><a href=\"https:\/\/www.youtube.com\/watch?v=JtOHiIaOPmA\" class=\"openvid\" data-vid=\"JtOHiIaOPmA\">Progettare il sito web di un comune &#8211; Dalla progettazione allo sviluppo<\/a><\/h3>\n<div class=\"d-none videodescr\"><div><!-- wp:paragraph -->\n<p>Video realizzato da: FormezPA<\/p>\n<!-- \/wp:paragraph --><\/div><div class=\"pt-3\"><p>Pour afficher les sous-titres dans votre langue, cliquez sur le symbole de l&rsquo;engrenage \u00ab\u00a0param\u00e8tres\u00a0\u00bb et, sous \u00ab\u00a0sous-titres\u00a0\u00bb, choisissez votre langue.<\/p>\n<\/div><\/div>\n<p><a href=\"https:\/\/www.youtube.com\/watch?v=JtOHiIaOPmA\" class=\"openvid\" data-vid=\"JtOHiIaOPmA\"><strong>REGARDER \u2192<\/strong><\/a><\/p>\n<\/div>\n<\/div>\n<div class=\"col-lg-4\">\n<div class=\"vidblk mb-5\">\n<p class=\"videotb\"><a href=\"https:\/\/viareggiodigitale.it\/fr\/video\/progettare-sviluppare-ed-erogare-servizi-pubblici-digitali-dallo-sviluppo-allerogazione-dei-servizi-pubblici-digitali\/\" class=\"openvid vidbg\" data-vid=\"jcLZKLsNPbQ\" style=\"background-image: url(https:\/\/img.youtube.com\/vi\/jcLZKLsNPbQ\/hqdefault.jpg)\"><\/a><\/p>\n<p class=\"metavideo d-flex justify-content-start\">\n<span class=\"vidcat\">Pubblica amministrazione<\/span>\n<span class=\"px-1 fw-bold\"><a href=\"https:\/\/viareggiodigitale.it\/fr\/argomento\/progettazione\/\" class=\"argcat\">Progettazione<\/a><\/span>\n<span class=\"lvllist ms-auto\"><span class=\"lvllbl\">Niveau<\/span> \n<span class=\"lvlel\">3<\/span>\n<\/span>\n<\/p>\n<h3 class=\"h5 fw-bold title entry-title mb-4\"><a href=\"https:\/\/www.youtube.com\/watch?v=jcLZKLsNPbQ\" class=\"openvid\" data-vid=\"jcLZKLsNPbQ\">Progettare, sviluppare ed erogare servizi pubblici digitali &#8211; Dallo sviluppo all\u2019erogazione dei servizi pubblici digitali<\/a><\/h3>\n<div class=\"d-none videodescr\"><div><!-- wp:paragraph -->\n<p>Video realizzato da: FormezPA<\/p>\n<!-- \/wp:paragraph --><\/div><div class=\"pt-3\"><p>Pour afficher les sous-titres dans votre langue, cliquez sur le symbole de l&rsquo;engrenage \u00ab\u00a0param\u00e8tres\u00a0\u00bb et, sous \u00ab\u00a0sous-titres\u00a0\u00bb, choisissez votre langue.<\/p>\n<\/div><\/div>\n<p><a href=\"https:\/\/www.youtube.com\/watch?v=jcLZKLsNPbQ\" class=\"openvid\" data-vid=\"jcLZKLsNPbQ\"><strong>REGARDER \u2192<\/strong><\/a><\/p>\n<\/div>\n<\/div>\n<div class=\"col-lg-4\">\n<div class=\"vidblk mb-5\">\n<p class=\"videotb\"><a href=\"https:\/\/viareggiodigitale.it\/fr\/video\/progettare-sviluppare-ed-erogare-servizi-pubblici-digitali-progettazione-caso-pratico\/\" class=\"openvid vidbg\" data-vid=\"3iNuwSJs-gI\" style=\"background-image: url(https:\/\/img.youtube.com\/vi\/3iNuwSJs-gI\/hqdefault.jpg)\"><\/a><\/p>\n<p class=\"metavideo d-flex justify-content-start\">\n<span class=\"vidcat\">Pubblica amministrazione<\/span>\n<span class=\"px-1 fw-bold\"><a href=\"https:\/\/viareggiodigitale.it\/fr\/argomento\/progettazione\/\" class=\"argcat\">Progettazione<\/a><\/span>\n<span class=\"lvllist ms-auto\"><span class=\"lvllbl\">Niveau<\/span> \n<span class=\"lvlel\">3<\/span>\n<\/span>\n<\/p>\n<h3 class=\"h5 fw-bold title entry-title mb-4\"><a href=\"https:\/\/www.youtube.com\/watch?v=3iNuwSJs-gI\" class=\"openvid\" data-vid=\"3iNuwSJs-gI\">Progettare, sviluppare ed erogare servizi pubblici digitali &#8211; Progettazione &#8211; caso pratico<\/a><\/h3>\n<div class=\"d-none videodescr\"><div><!-- wp:paragraph -->\n<p>Video realizzato da: FormezPA<\/p>\n<!-- \/wp:paragraph --><\/div><div class=\"pt-3\"><p>Pour afficher les sous-titres dans votre langue, cliquez sur le symbole de l&rsquo;engrenage \u00ab\u00a0param\u00e8tres\u00a0\u00bb et, sous \u00ab\u00a0sous-titres\u00a0\u00bb, choisissez votre langue.<\/p>\n<\/div><\/div>\n<p><a href=\"https:\/\/www.youtube.com\/watch?v=3iNuwSJs-gI\" class=\"openvid\" data-vid=\"3iNuwSJs-gI\"><strong>REGARDER \u2192<\/strong><\/a><\/p>\n<\/div>\n<\/div>\n<div class=\"col-lg-4\">\n<div class=\"vidblk mb-5\">\n<p class=\"videotb\"><a href=\"https:\/\/viareggiodigitale.it\/fr\/video\/pa-digitale-2026-lattuazione-degli-interventi-per-la-trasformazione-digitale-nei-comuni\/\" class=\"openvid vidbg\" data-vid=\"bfdeVXKXeBQ\" style=\"background-image: url(https:\/\/img.youtube.com\/vi\/bfdeVXKXeBQ\/hqdefault.jpg)\"><\/a><\/p>\n<p class=\"metavideo d-flex justify-content-start\">\n<span class=\"vidcat\">Pubblica amministrazione<\/span>\n<span class=\"px-1 fw-bold\"><a href=\"https:\/\/viareggiodigitale.it\/fr\/argomento\/pa-digitale\/\" class=\"argcat\">PA Digitale<\/a><\/span>\n<span class=\"lvllist ms-auto\"><span class=\"lvllbl\">Niveau<\/span> \n<span class=\"lvlel\">3<\/span>\n<\/span>\n<\/p>\n<h3 class=\"h5 fw-bold title entry-title mb-4\"><a href=\"https:\/\/www.youtube.com\/watch?v=bfdeVXKXeBQ\" class=\"openvid\" data-vid=\"bfdeVXKXeBQ\">PA Digitale 2026 &#8211; L\u2019attuazione degli interventi per la trasformazione digitale nei Comuni<\/a><\/h3>\n<div class=\"d-none videodescr\"><div><!-- wp:paragraph -->\n<p>Video realizzato da: Formazione Ifel<\/p>\n<!-- \/wp:paragraph --><\/div><div class=\"pt-3\"><p>Pour afficher les sous-titres dans votre langue, cliquez sur le symbole de l&rsquo;engrenage \u00ab\u00a0param\u00e8tres\u00a0\u00bb et, sous \u00ab\u00a0sous-titres\u00a0\u00bb, choisissez votre langue.<\/p>\n<\/div><\/div>\n<p><a href=\"https:\/\/www.youtube.com\/watch?v=bfdeVXKXeBQ\" class=\"openvid\" data-vid=\"bfdeVXKXeBQ\"><strong>REGARDER \u2192<\/strong><\/a><\/p>\n<\/div>\n<\/div>\n<div class=\"col-lg-4\">\n<div class=\"vidblk mb-5\">\n<p class=\"videotb\"><a href=\"https:\/\/viareggiodigitale.it\/fr\/video\/pa-digitale-2026-la-gestione-contabile-dei-fondi-pnrr-per-la-trasformazione-digitale-nei-comuni\/\" class=\"openvid vidbg\" data-vid=\"Xz5_7HjFdhs\" style=\"background-image: url(https:\/\/img.youtube.com\/vi\/Xz5_7HjFdhs\/hqdefault.jpg)\"><\/a><\/p>\n<p class=\"metavideo d-flex justify-content-start\">\n<span class=\"vidcat\">Pubblica amministrazione<\/span>\n<span class=\"px-1 fw-bold\"><a href=\"https:\/\/viareggiodigitale.it\/fr\/argomento\/pa-digitale\/\" class=\"argcat\">PA Digitale<\/a><\/span>\n<span class=\"lvllist ms-auto\"><span class=\"lvllbl\">Niveau<\/span> \n<span class=\"lvlel\">3<\/span>\n<\/span>\n<\/p>\n<h3 class=\"h5 fw-bold title entry-title mb-4\"><a href=\"https:\/\/www.youtube.com\/watch?v=Xz5_7HjFdhs\" class=\"openvid\" data-vid=\"Xz5_7HjFdhs\">PA Digitale 2026 &#8211; La gestione contabile dei fondi PNRR per la trasformazione digitale nei Comuni<\/a><\/h3>\n<div class=\"d-none videodescr\"><div><!-- wp:paragraph -->\n<p>Video realizzato da: Formazione Ifel<\/p>\n<!-- \/wp:paragraph --><\/div><div class=\"pt-3\"><p>Pour afficher les sous-titres dans votre langue, cliquez sur le symbole de l&rsquo;engrenage \u00ab\u00a0param\u00e8tres\u00a0\u00bb et, sous \u00ab\u00a0sous-titres\u00a0\u00bb, choisissez votre langue.<\/p>\n<\/div><\/div>\n<p><a href=\"https:\/\/www.youtube.com\/watch?v=Xz5_7HjFdhs\" class=\"openvid\" data-vid=\"Xz5_7HjFdhs\"><strong>REGARDER \u2192<\/strong><\/a><\/p>\n<\/div>\n<\/div>\n<div class=\"col-lg-4\">\n<div class=\"vidblk mb-5\">\n<p class=\"videotb\"><a href=\"https:\/\/viareggiodigitale.it\/fr\/video\/pa-digitale-2026-il-processo-di-asseverazione-e-verifica-dellattuazione\/\" class=\"openvid vidbg\" data-vid=\"W_s9qKkPeaE\" style=\"background-image: url(https:\/\/img.youtube.com\/vi\/W_s9qKkPeaE\/hqdefault.jpg)\"><\/a><\/p>\n<p class=\"metavideo d-flex justify-content-start\">\n<span class=\"vidcat\">Pubblica amministrazione<\/span>\n<span class=\"px-1 fw-bold\"><a href=\"https:\/\/viareggiodigitale.it\/fr\/argomento\/pa-digitale\/\" class=\"argcat\">PA Digitale<\/a><\/span>\n<span class=\"lvllist ms-auto\"><span class=\"lvllbl\">Niveau<\/span> \n<span class=\"lvlel\">3<\/span>\n<\/span>\n<\/p>\n<h3 class=\"h5 fw-bold title entry-title mb-4\"><a href=\"https:\/\/www.youtube.com\/watch?v=W_s9qKkPeaE\" class=\"openvid\" data-vid=\"W_s9qKkPeaE\">PA Digitale 2026 &#8211; Il processo di asseverazione e verifica dell\u2019attuazione<\/a><\/h3>\n<div class=\"d-none videodescr\"><div><!-- wp:paragraph -->\n<p>Video realizzato da: Anci<\/p>\n<!-- \/wp:paragraph --><\/div><div class=\"pt-3\"><p>Pour afficher les sous-titres dans votre langue, cliquez sur le symbole de l&rsquo;engrenage \u00ab\u00a0param\u00e8tres\u00a0\u00bb et, sous \u00ab\u00a0sous-titres\u00a0\u00bb, choisissez votre langue.<\/p>\n<\/div><\/div>\n<p><a href=\"https:\/\/www.youtube.com\/watch?v=W_s9qKkPeaE\" class=\"openvid\" data-vid=\"W_s9qKkPeaE\"><strong>REGARDER \u2192<\/strong><\/a><\/p>\n<\/div>\n<\/div>\n<\/div>\n","protected":false},"excerpt":{"rendered":"<p>&hellip;<\/p>\n<p class=\"rmore mb-0\"><a class=\"websoup-read-more-link fw-bold\" href=\"https:\/\/viareggiodigitale.it\/fr\/video\/pa-digitale-2026-il-processo-di-asseverazione-e-verifica-dellattuazione\/\">Read More \u2192<\/a><\/p>\n","protected":false},"author":1,"featured_media":0,"parent":519,"menu_order":0,"comment_status":"closed","ping_status":"closed","template":"","meta":{"_acf_changed":false,"footnotes":""},"argomento":[],"class_list":["post-509","page","type-page","status-publish","hentry"],"acf":[],"_links":{"self":[{"href":"https:\/\/viareggiodigitale.it\/fr\/wp-json\/wp\/v2\/pages\/509","targetHints":{"allow":["GET"]}}],"collection":[{"href":"https:\/\/viareggiodigitale.it\/fr\/wp-json\/wp\/v2\/pages"}],"about":[{"href":"https:\/\/viareggiodigitale.it\/fr\/wp-json\/wp\/v2\/types\/page"}],"author":[{"embeddable":true,"href":"https:\/\/viareggiodigitale.it\/fr\/wp-json\/wp\/v2\/users\/1"}],"replies":[{"embeddable":true,"href":"https:\/\/viareggiodigitale.it\/fr\/wp-json\/wp\/v2\/comments?post=509"}],"version-history":[{"count":1,"href":"https:\/\/viareggiodigitale.it\/fr\/wp-json\/wp\/v2\/pages\/509\/revisions"}],"predecessor-version":[{"id":510,"href":"https:\/\/viareggiodigitale.it\/fr\/wp-json\/wp\/v2\/pages\/509\/revisions\/510"}],"up":[{"embeddable":true,"href":"https:\/\/viareggiodigitale.it\/fr\/wp-json\/wp\/v2\/pages\/519"}],"wp:attachment":[{"href":"https:\/\/viareggiodigitale.it\/fr\/wp-json\/wp\/v2\/media?parent=509"}],"wp:term":[{"taxonomy":"argomento","embeddable":true,"href":"https:\/\/viareggiodigitale.it\/fr\/wp-json\/wp\/v2\/argomento?post=509"}],"curies":[{"name":"wp","href":"https:\/\/api.w.org\/{rel}","templated":true}]}}